{"id":959,"date":"2021-11-19T20:07:35","date_gmt":"2021-11-19T19:07:35","guid":{"rendered":"https:\/\/shop.deltaimage.de\/?post_type=product&#038;p=959"},"modified":"2026-01-26T17:49:16","modified_gmt":"2026-01-26T16:49:16","slug":"lockheed-starfighter-deutsches-museum-flugwerft-schleissheim","status":"publish","type":"product","link":"https:\/\/shop.deltaimage.de\/?product=lockheed-starfighter-deutsches-museum-flugwerft-schleissheim","title":{"rendered":"Lockheed &#8222;Starfighter&#8220; F-104G (21+53) im Deutschen Museum Flugwerft Schlei\u00dfheim"},"content":{"rendered":"<h2>Lockheed &#8222;Starfighter&#8220; Deutsches Museum Flugwerft Schlei\u00dfheim<\/h2>\n<p>Ein Mitarbeiter der <strong><a href=\"http:\/\/www.deutsches-museum.de\">Flugwerft Schlei\u00dfheim<\/a><\/strong> beschreibt in vielen Bildern seine museale Aufarbeitung dieses Starfighters. Damit erm\u00f6glicht er einen meist verborgenen Blick unter die d\u00fcnne Blechhaut und damit die darunterliegende spannende Technik des deutschen Starfighters.<\/p>\n<p>Vor einigen Jahren war Chuck Yeager zu Besuch in der Flugwerft in Schlei\u00dfheim. Wir hatten das einmalige Vergn\u00fcgen, ihn kurz am \u00e4ltesten Flugplatz in Bayern zu begr\u00fc\u00dfen.\u00a0 \u201e<i>Der Stoff aus dem die Helden sind<\/i>\u201c war der Film \u00fcber den Aufbruch ins Weltall, mit einem pr\u00e4gendem Auftritt der F-104 \u2013 und Chuck Yeager als \u201e<i>fastest man <\/i><i>alive<\/i>\u201c.<\/p>\n<p>Jetzt liegt ein Fachbuch eines langj\u00e4hrigen Mitarbeiters der Flugwerft Schlei\u00dfheim \u00fcber die F-104G vor uns. Die F-104G \u2013 der \u201e<i>Starfighter<\/i>\u201c war das Flugzeug, pr\u00e4gend f\u00fcr eine ganze Generation an Luftfahrt-begeisterten jungen Menschen.<\/p>\n<p>Thomas Michel hat bei der Bundesluftwaffe das Arbeiten an der F-104G gelernt und setzt dieses Wissen nun zur technisch und historisch korrekten Aufbereitung des Museumsexponates in der Flugwerft Schlei\u00dfheim um. Der Besucher merkt in den Museumsf\u00fchrungen, dass ihm die F-104G ganz besonders am Herzen liegt, da spricht jemand der sich wahrlich auskennt.<\/p>\n<p>Diese Exponat-Beschreibung zeigt die F-104G in vielen technischen Details. Weit unterhalb der getarnten Au\u00dfenh\u00fclle und Sie erleben die oft aufwendigen Restaurationsschritte fast hautnah mit.<\/p>\n<p>&nbsp;<\/p>\n<h2>\u00dcber dieses Buch<\/h2>\n<p>Dieses Buch ist und will keine wissenschaftliche Aufarbeitung der F-104G im generellen oder auch im speziellen Modell der 21 + 53 sein. Die Inhalte sind aus der praktischen Arbeit in der Flugwerft durch die Mitarbeiter der Restaurierungswerkstatt w\u00e4hrend den Arbeiten an der F-104G entstanden. Aus dieser detaillierten Arbeit heraus werden f\u00fcr den interessierten Freund der F-104G viele Details in der Ausf\u00fchrung. Die Einblicke gehen weit unterhalb der Au\u00dfenhaut in den Tiefen der Technik. Diese Teile werden die BesucherInnen im Museum niemals zu Geschichte bekommen k\u00f6nnen. Es werden auch die st\u00e4ndigen \u00c4nderungen und Verbesserungen an diesem Standardjagdbomber (<em>Fighter Bomber &#8211; FB<\/em>) der Bundesluftwaffe beschrieben. Beginnend mit dem Einsatzbeginn 1960, bis zur Au\u00dferdienststellung 1991. Dem technisch Interessierten werden die Bem\u00fchungen der Museums-Mannschaft klar. Die korrekten Ausf\u00fchrungen 30 Jahre nach dem Einsatzende in Deutschland sind auch f\u00fcr das bedeutendste Technikmuseum eine Herausforderung.<\/p>\n<p>Eine interessante Lekt\u00fcre f\u00fcr die vielen Starfighter Freunde drau\u00dfen.<\/p>\n<p>Bis bald in der Flugwerft Schlei\u00dfheim, am Exponat der F-104G 21 + 53.<\/p>\n","protected":false},"excerpt":{"rendered":"<div class=\"woocommerce-product-details__short-description\">\n<p>Autor: Thomas Michel<br \/>\nDELTA IMAGE &#8211; Eigenverlag<\/p>\n<p>Format DIN A4<br \/>\n196 Seiten<br \/>\nHardcover<\/p>\n<p>Ersterscheinung November 2021<br \/>\n8. Auflage<\/p>\n<\/div>\n","protected":false},"featured_media":1038,"template":"","meta":[],"product_brand":[806],"product_cat":[16,735,191,210,167],"product_tag":[59,168,56,169],"class_list":{"0":"post-959","1":"product","2":"type-product","3":"status-publish","4":"has-post-thumbnail","6":"product_brand-delta-image-eigenverlag","7":"product_cat-buch","8":"product_cat-flugplatz-schleissheim","9":"product_cat-flugwerft-shop","10":"product_cat-hardcover-gebundene-ausgabe","11":"product_cat-luftfahrt","12":"product_tag-deutsches-museum","13":"product_tag-f-104g","14":"product_tag-luftfahrt","15":"product_tag-starfighter","16":"product_shipping_class-paketversand-dhl-versichert","18":"first","19":"onbackorder","20":"taxable","21":"shipping-taxable","22":"purchasable","23":"product-type-simple"},"jetpack_sharing_enabled":true,"_links":{"self":[{"href":"https:\/\/shop.deltaimage.de\/index.php?rest_route=\/wp\/v2\/product\/959","targetHints":{"allow":["GET"]}}],"collection":[{"href":"https:\/\/shop.deltaimage.de\/index.php?rest_route=\/wp\/v2\/product"}],"about":[{"href":"https:\/\/shop.deltaimage.de\/index.php?rest_route=\/wp\/v2\/types\/product"}],"wp:featuredmedia":[{"embeddable":true,"href":"https:\/\/shop.deltaimage.de\/index.php?rest_route=\/wp\/v2\/media\/1038"}],"wp:attachment":[{"href":"https:\/\/shop.deltaimage.de\/index.php?rest_route=%2Fwp%2Fv2%2Fmedia&parent=959"}],"wp:term":[{"taxonomy":"product_brand","embeddable":true,"href":"https:\/\/shop.deltaimage.de\/index.php?rest_route=%2Fwp%2Fv2%2Fproduct_brand&post=959"},{"taxonomy":"product_cat","embeddable":true,"href":"https:\/\/shop.deltaimage.de\/index.php?rest_route=%2Fwp%2Fv2%2Fproduct_cat&post=959"},{"taxonomy":"product_tag","embeddable":true,"href":"https:\/\/shop.deltaimage.de\/index.php?rest_route=%2Fwp%2Fv2%2Fproduct_tag&post=959"}],"curies":[{"name":"wp","href":"https:\/\/api.w.org\/{rel}","templated":true}]}}