{"id":830,"date":"2021-07-16T15:52:34","date_gmt":"2021-07-16T13:52:34","guid":{"rendered":"https:\/\/shop.deltaimage.de\/?post_type=product&#038;p=830"},"modified":"2026-05-01T19:21:59","modified_gmt":"2026-05-01T17:21:59","slug":"kompendium-fuer-naturfotografen-luftaufnahmen-mit-drohnen","status":"publish","type":"product","link":"https:\/\/shop.deltaimage.de\/?product=kompendium-fuer-naturfotografen-luftaufnahmen-mit-drohnen","title":{"rendered":"Kompendium f\u00fcr Naturfotografen &#8211; Luftaufnahmen mit Drohnen"},"content":{"rendered":"<h2>Ein &#8222;Handb\u00fcchlein&#8220; f\u00fcr den Naturfotografen im rechtlichen Umgang beim Fliegen mit Drohnen<\/h2>\n<p>Speziell f\u00fcr die Naturfotografen haben die Autoren die unterschiedlichsten Regelungen aus der europ\u00e4ischen Regulierung und den nationalen Vorschriften f\u00fcr den Naturfotografen und seinem spezifischen Motivraum zusammengefasst. Dieses &#8222;<em>Handb\u00fcchlein<\/em>&#8220; erleichtert es jedem Naturfotografen sich auf den UAS-Betrieb in der Natur und den damit zusammenh\u00e4ngenden Motiven und Motivr\u00e4umen vorzubereiten.<\/p>\n<p>Das geltende Regelwerk in Deutschland und den Mitgliedsstaaten der EU m\u00fcssen von allen UAS-FernpilotInnen verstanden und beherrscht werden, um regelkonform fliegen zu k\u00f6nnen. Viele hundert Seiten Gesetze, Verordnungen und zugeordneten weiteren Unterlagen sind zu studieren \u2013 es bleibt immer eine Unsicherheit in der praktischen Anwendung.\u00a0In der Schulung h\u00f6rt sich das gerade noch logisch und einfach an. In der praktischen Anwendung drau\u00dfen in der Natur, beim Fotografieren oder beim Filmen sieht das schon anders aus.<\/p>\n<blockquote>\n<pre>\u201eWie war das gleich noch mal \u2026\u201c<\/pre>\n<\/blockquote>\n<p>Die beiden Autoren wollen gerade aus der eigenen Verbundenheit zur Naturfotografie, ein praktisches Kompendium \u201e<b>Wissenswertes<\/b>\u201c dem verantwortungsbewu\u00dften Naturfotografen mit auf den Weg geben. Fokussiert auf die typischen Anwendungsgebiete und Fragestellungen liefert das B\u00fcchlein\u00a0 die gesuchten Antworten.<\/p>\n<blockquote>\n<pre>Sicher ist Sicher.<\/pre>\n<\/blockquote>\n<p>Die <strong><a href=\"http:\/\/www.uas-office.de\">UAVDACH-Services UG<\/a><\/strong> ist seit vielen Jahren Ihr kompetenter Anbieter von Pr\u00fcfung, Ausbildung und Fachgutachten f\u00fcr UAS Piloten sowie Fachgutachten f\u00fcr UAS Betreiber und Beh\u00f6rden \u2026 und bietet das notwendige Wissen in kompetenter Form zum Selbststudium f\u00fcr alle an.<\/p>\n<p>&nbsp;<\/p>\n<blockquote><p>\u00bbDer Fotograf alleine mit sich und der ausgesetzten und rauen Naturlandschaft. So stellt man sich die NaturfotografIn landl\u00e4ufig vor. Ja. Immer h\u00e4ufiger greift die NaturfotografIn jedoch zur fliegenden Kamera f\u00fcr das Foto- oder Videoprojekt. Das UAS \u2013 die Drohne \u2013 gewinnt immer mehr Freunde in der Fotografie\/Videografie, ob der einzigartigen M\u00f6glichkeiten des k\u00fcnstlerischen Ausdrucks und dem Erz\u00e4hlen von Geschichten \u201e<i>Storrytelling<\/i>\u201c.<br \/>\nDabei bewegt sich die FotografIn in Natur- und in Kulturr\u00e4umen und muss sich regelkonform verhalten, um lange Freude an dieser neuen Ausdrucksform zu genie\u00dfen.<\/p>\n<p>Anl\u00e4sslich der Naturfototage F\u00fcrstenfeld haben wir ein spezielles Kompendium des notwendigen Wissens, speziell f\u00fcr die NaturfotografInnen, geschrieben. Aus unserer t\u00e4glichen Arbeit im UAV DACH e.V. und der UAVDACH-Services UG sehen wir an den vielen Anfragen, dass hier Information und Wissen einen wertvoller Schatz darstellt.\u00ab<br \/>\nPaul Eschbach<\/p><\/blockquote>\n<p>&nbsp;<\/p>\n","protected":false},"excerpt":{"rendered":"<div class=\"woocommerce-product-details__short-description\">\n<p>Autor: Paul Eschbach (UAV DACH e.V.), Uwe Nortmann (UAVDACH-Services UG)<br \/>\nDELTA IMAGE Eigenverlag<\/p>\n<p>Format DIN A5<br \/>\n92 Seiten<br \/>\nSoftcover<\/p>\n<p>Ersterscheinung Juli 2021<\/p>\n<\/div>\n","protected":false},"featured_media":846,"template":"","meta":[],"product_brand":[806],"product_cat":[109,16,209,130],"product_tag":[165,166,164,80,158,163,75],"class_list":{"0":"post-830","1":"product","2":"type-product","3":"status-publish","4":"has-post-thumbnail","6":"product_brand-delta-image-eigenverlag","7":"product_cat-angebote","8":"product_cat-buch","9":"product_cat-softcover-taschenbuch","10":"product_cat-unbemannte-luftfahrt","11":"product_tag-delegierte-verordnung-eu-2019-945","12":"product_tag-durchfuehrungsverordnung-eu-2019-947","13":"product_tag-fuerstenfeldbruck","14":"product_tag-luftvo","15":"product_tag-nationale-regelungen","16":"product_tag-naturfototage-fuerstenfeld","17":"product_tag-unbemannte-luftfahrt","19":"first","20":"instock","21":"sale","22":"taxable","23":"shipping-taxable","24":"purchasable","25":"product-type-simple"},"jetpack_sharing_enabled":true,"_links":{"self":[{"href":"https:\/\/shop.deltaimage.de\/index.php?rest_route=\/wp\/v2\/product\/830","targetHints":{"allow":["GET"]}}],"collection":[{"href":"https:\/\/shop.deltaimage.de\/index.php?rest_route=\/wp\/v2\/product"}],"about":[{"href":"https:\/\/shop.deltaimage.de\/index.php?rest_route=\/wp\/v2\/types\/product"}],"wp:featuredmedia":[{"embeddable":true,"href":"https:\/\/shop.deltaimage.de\/index.php?rest_route=\/wp\/v2\/media\/846"}],"wp:attachment":[{"href":"https:\/\/shop.deltaimage.de\/index.php?rest_route=%2Fwp%2Fv2%2Fmedia&parent=830"}],"wp:term":[{"taxonomy":"product_brand","embeddable":true,"href":"https:\/\/shop.deltaimage.de\/index.php?rest_route=%2Fwp%2Fv2%2Fproduct_brand&post=830"},{"taxonomy":"product_cat","embeddable":true,"href":"https:\/\/shop.deltaimage.de\/index.php?rest_route=%2Fwp%2Fv2%2Fproduct_cat&post=830"},{"taxonomy":"product_tag","embeddable":true,"href":"https:\/\/shop.deltaimage.de\/index.php?rest_route=%2Fwp%2Fv2%2Fproduct_tag&post=830"}],"curies":[{"name":"wp","href":"https:\/\/api.w.org\/{rel}","templated":true}]}}