{"id":711,"date":"2021-04-30T19:53:41","date_gmt":"2021-04-30T17:53:41","guid":{"rendered":"https:\/\/shop.deltaimage.de\/?post_type=product&#038;p=711"},"modified":"2023-12-07T19:14:06","modified_gmt":"2023-12-07T18:14:06","slug":"mit-napoleon-im-russlandfeldzug-1812-chronik-eines-desasters-von-marian-freiherr-von-gravenreuth-hg-und-seckendorff-suzane-von","status":"publish","type":"product","link":"https:\/\/shop.deltaimage.de\/?product=mit-napoleon-im-russlandfeldzug-1812-chronik-eines-desasters-von-marian-freiherr-von-gravenreuth-hg-und-seckendorff-suzane-von","title":{"rendered":"Mit Napoleon im Russlandfeldzug 1812. Chronik eines Desasters von Marian Freiherr von Gravenreuth und Suzanne von Seckendorff"},"content":{"rendered":"<p>Am 24. Juni 1812 \u00fcberschritt eine gewaltige Armee unter dem Befehl von Kaiser Napoleon I. die Grenze des russischen Zarenreiches, darunter befanden sich auch zwei bayerische Divisionen. Als die Reste der dezimierten Armee im Dezember 1812 die Grenze Russlands in entgegengesetzter Richtung erneut \u00fcberquerte, hatte das Ende von Napoleons Herrschaft begonnen.<br \/>\nIm Russlandfeldzug verloren mehrere 100.000 Menschen ihr Leben, unter den Betroffenen waren auch zahlreiche Soldaten der bayerischen Divisionen. Bei ihrem Einsatzort Polozk war es vom 16. bis 18. August 1812 zum gro\u00dfen Gefecht mit tragischem Ende gekommen. Der Name des Ortes ging seitdem mit dem best\u00fcrzenden Beinamen \u00bbBayerngrab\u00ab in die Geschichte ein, denn ein Gro\u00dfteil der Soldaten fand hier den Tod. Von ca. 30 000 Mann des Bayerischen Kontingents sahen nur wenige hundert die Heimat wieder. Zu diesen \u00dcberlebenden geh\u00f6rte auch Artilleriekommandant Casimir Graf von Gravenreuth, der ein Tagebuch \u00fcber den Feldzug 1812 hinterlie\u00df. Ein eindringliches historisches Zeugnis!<br \/>\n<em><br \/>\nMit einem Vorwort von Dr. Ansgar Reiss sowie einem Beitrag von Prof. Dr. Andreas Nerlich zum Thema \u00bbKrankheiten und Verletzungen im Feldzug 1812\u00ab<\/em><\/p>\n","protected":false},"excerpt":{"rendered":"<p>Paul Eschbach hat f\u00fcr das Afilliate-Buch viele Fotos aus dem Familienarchiv als Reprofotografie und Fotografien aus den Lebenspunkten des Protagonsiten beigeliefert.<\/p>\n","protected":false},"featured_media":720,"template":"","meta":[],"product_brand":[],"product_cat":[376,149,375,210],"product_tag":[97,157,153,152,155,156,154,151],"class_list":{"0":"post-711","1":"product","2":"type-product","3":"status-publish","4":"has-post-thumbnail","6":"product_cat-19-jahrhundert","7":"product_cat-affiliate-buecher","8":"product_cat-geschichte","9":"product_cat-hardcover-gebundene-ausgabe","10":"product_tag-bayern","11":"product_tag-feldzug","12":"product_tag-grafen-casimir-von-gravenreuth","13":"product_tag-marian-freiherr-von-gravenreuth","14":"product_tag-moskau","15":"product_tag-napoleon","16":"product_tag-russland","17":"product_tag-suzanne-von-seckendorff","19":"first","20":"instock","21":"taxable","22":"shipping-taxable","23":"product-type-external"},"jetpack_sharing_enabled":true,"_links":{"self":[{"href":"https:\/\/shop.deltaimage.de\/index.php?rest_route=\/wp\/v2\/product\/711","targetHints":{"allow":["GET"]}}],"collection":[{"href":"https:\/\/shop.deltaimage.de\/index.php?rest_route=\/wp\/v2\/product"}],"about":[{"href":"https:\/\/shop.deltaimage.de\/index.php?rest_route=\/wp\/v2\/types\/product"}],"wp:featuredmedia":[{"embeddable":true,"href":"https:\/\/shop.deltaimage.de\/index.php?rest_route=\/wp\/v2\/media\/720"}],"wp:attachment":[{"href":"https:\/\/shop.deltaimage.de\/index.php?rest_route=%2Fwp%2Fv2%2Fmedia&parent=711"}],"wp:term":[{"taxonomy":"product_brand","embeddable":true,"href":"https:\/\/shop.deltaimage.de\/index.php?rest_route=%2Fwp%2Fv2%2Fproduct_brand&post=711"},{"taxonomy":"product_cat","embeddable":true,"href":"https:\/\/shop.deltaimage.de\/index.php?rest_route=%2Fwp%2Fv2%2Fproduct_cat&post=711"},{"taxonomy":"product_tag","embeddable":true,"href":"https:\/\/shop.deltaimage.de\/index.php?rest_route=%2Fwp%2Fv2%2Fproduct_tag&post=711"}],"curies":[{"name":"wp","href":"https:\/\/api.w.org\/{rel}","templated":true}]}}