{"id":436,"date":"2021-01-12T16:29:12","date_gmt":"2021-01-12T15:29:12","guid":{"rendered":"https:\/\/shop.deltaimage.de\/?post_type=product&#038;p=436"},"modified":"2026-01-26T17:37:39","modified_gmt":"2026-01-26T16:37:39","slug":"unbemannte-luftfahrt-lehrbuch-a2-fernpilotenzeugnis","status":"publish","type":"product","link":"https:\/\/shop.deltaimage.de\/?product=unbemannte-luftfahrt-lehrbuch-a2-fernpilotenzeugnis","title":{"rendered":"A2: Unbemannte Luftfahrt &#8211; Lehrbuch zum Fernpilotenzeugnis A2 in der Europ\u00e4ischen Union"},"content":{"rendered":"<h2>Lehrbuch A2 Fernpilotenzeugnis f\u00fcr Drohnen<\/h2>\n<p>Das neue <strong>Lehrbuch<\/strong> zur Ausbildung zum <strong>A2 Fernpilotenzeugnis f\u00fcr Drohnen<\/strong> ist von der UAVDACH-Services UG ver\u00f6ffentlicht worden. Die UAVDACH-Services UG hat eine eigene <strong>akkreditierte Pr\u00fcfungsstelle f\u00fcr Fernpiloten (PStF)<\/strong>. Die enthaltenen Wissensgebiete bauen auf dem vorgeschriebenen europ\u00e4ischen Syllabus zum Fernpilotenzeugnis auf und fassen das notwendige Wissen f\u00fcr die L\u00f6sung der Fragen \u00fcbersichtlich und zielorientiert zusammen. Das Lehrbuch ist sowohl f\u00fcr den Unterricht, als auch f\u00fcr die Vorbereitung auf die Pr\u00fcfungen im Selbststudium geeignet. Diese Wissensgebiete wurden von dem UAS-Experten und Fluglehrer Uwe Nortmann in der UAVDACH-Services UG speziell f\u00fcr dieses Lehrbuch zusammengestellt worden.<\/p>\n<p>Seit 31.12.2020 00.00 Uhr schreiben die neuen <strong>EU-Verordnungen<\/strong> f\u00fcr alle <strong>UAS Piloten <\/strong>ein neues <strong>EU UAS Fernpilotenzeugnis A2<\/strong> vor. Wenn Sie mit Ihrem UAS\/Drohne &lt;4 kg MTOM n\u00e4her an unbeteiligte Personen fliegen m\u00f6chten, dann f\u00fchrt das \u00fcber das <strong>Fernpilotenzeugnis A2<\/strong>. Der Erwerb dieses <strong>Fernpilotenzeugnisses A2<\/strong> setzt das Bestehen einer zus\u00e4tzlichen <strong>A2-Kompetenzpr\u00fcfung<\/strong> mit mindestens 30 Theoriefragen voraus.<\/p>\n<p><strong>Pr\u00fcfungsvoraussetzung<\/strong> ist der Besitz eines g\u00fcltigen <strong><a href=\"https:\/\/shop.deltaimage.de\/?product=unbemannte-luftfahrt-lehrbuch-zum-kompetenznachweis-a1-a3-in-der-europaeischen-union\">EU Kompetenznachweises A1\/A3<\/a><\/strong> und der Nachweis eines praktischen Trainings.<\/p>\n<p>In diesem Fachbuch hat der UAS Experte <strong>Uwe Nortmann<\/strong> das notwendige Wissen f\u00fcr Ihre <strong>Pr\u00fcfungsvorbereitung A2<\/strong> zusammengetragen und aufbereitet. Als zus\u00e4tzliche Information liefert es weiteres Wissen um die Zusammenh\u00e4nge in der <strong>Allgemeinen Luftfahrt<\/strong>, die f\u00fcr den angehenden Fernpiloten wichtig sind.<\/p>\n","protected":false},"excerpt":{"rendered":"<div class=\"woocommerce-product-details__short-description\">\n<p>Autor: Uwe Nortmann<br \/>\nDELTA IMAGE-Eigenverlag<\/p>\n<p>Format DIN A5<br \/>\n140 Seiten<br \/>\nSoftcover<\/p>\n<p>Ersterscheinung 2021<\/p>\n<p>Auflage 6 2025<\/p>\n<\/div>\n","protected":false},"featured_media":2726,"template":"","meta":[],"product_brand":[806],"product_cat":[16,209,130],"product_tag":[137,78,103,131,132,138,118,135,134,136,76,75,82],"class_list":{"0":"post-436","1":"product","2":"type-product","3":"status-publish","4":"has-post-thumbnail","6":"product_brand-delta-image-eigenverlag","7":"product_cat-buch","8":"product_cat-softcover-taschenbuch","9":"product_cat-unbemannte-luftfahrt","10":"product_tag-a2","11":"product_tag-ausbildung","12":"product_tag-drohne","13":"product_tag-eu","14":"product_tag-europaeische-union","15":"product_tag-fernpilotenzeugnis","16":"product_tag-kompetenznachweis","17":"product_tag-pruefung","18":"product_tag-theoretische-pruefung","19":"product_tag-theorie","20":"product_tag-uas","21":"product_tag-unbemannte-luftfahrt","22":"product_tag-uwe-nortmann","24":"first","25":"instock","26":"taxable","27":"shipping-taxable","28":"purchasable","29":"product-type-simple"},"jetpack_sharing_enabled":true,"_links":{"self":[{"href":"https:\/\/shop.deltaimage.de\/index.php?rest_route=\/wp\/v2\/product\/436","targetHints":{"allow":["GET"]}}],"collection":[{"href":"https:\/\/shop.deltaimage.de\/index.php?rest_route=\/wp\/v2\/product"}],"about":[{"href":"https:\/\/shop.deltaimage.de\/index.php?rest_route=\/wp\/v2\/types\/product"}],"wp:featuredmedia":[{"embeddable":true,"href":"https:\/\/shop.deltaimage.de\/index.php?rest_route=\/wp\/v2\/media\/2726"}],"wp:attachment":[{"href":"https:\/\/shop.deltaimage.de\/index.php?rest_route=%2Fwp%2Fv2%2Fmedia&parent=436"}],"wp:term":[{"taxonomy":"product_brand","embeddable":true,"href":"https:\/\/shop.deltaimage.de\/index.php?rest_route=%2Fwp%2Fv2%2Fproduct_brand&post=436"},{"taxonomy":"product_cat","embeddable":true,"href":"https:\/\/shop.deltaimage.de\/index.php?rest_route=%2Fwp%2Fv2%2Fproduct_cat&post=436"},{"taxonomy":"product_tag","embeddable":true,"href":"https:\/\/shop.deltaimage.de\/index.php?rest_route=%2Fwp%2Fv2%2Fproduct_tag&post=436"}],"curies":[{"name":"wp","href":"https:\/\/api.w.org\/{rel}","templated":true}]}}