{"id":336,"date":"2020-12-21T18:33:12","date_gmt":"2020-12-21T17:33:12","guid":{"rendered":"https:\/\/shop.deltaimage.de\/?post_type=product&#038;p=336"},"modified":"2026-02-03T19:00:28","modified_gmt":"2026-02-03T18:00:28","slug":"a1-a2-a3-glossar-und-fachbegriffe-in-der-allgemeinen-luftfahrt","status":"publish","type":"product","link":"https:\/\/shop.deltaimage.de\/?product=a1-a2-a3-glossar-und-fachbegriffe-in-der-allgemeinen-luftfahrt","title":{"rendered":"A1\/A2\/A3: Glossar und Fachbegriffe in der Allgemeinen Luftfahrt und f\u00fcr UAS Piloten f\u00fcr den Kompetenznachweis A1\/A3 und Fernpilotenzeugnis A2"},"content":{"rendered":"<h2>Begriffe und Abk\u00fcrzungen in der Allgemeinen und Unbemannten Luftfahrt zur Pr\u00fcfungsvorbereitung<\/h2>\n<p>Ein neu \u00fcberarbeitetes Buch in der DELTA IMAGE Buchreihe im Eigenverlag ist erschienen. Ab 31.12.2020 sind die neuen EU Regeln in der Unbemannten Luftfahrt anzuwenden. Vieles an den Regeln in der Unbemannten Luftfahrt haben sich ge\u00e4ndert, wurden weiter pr\u00e4zisiert oder m\u00fcssen ganz neu erlernt werden. Die Ausbildung und der Nachweis der Kompetenz in Form von theoretischen Pr\u00fcfungen haben sich ebenso ge\u00e4ndert. F\u00fcr alle Steuerer mit einem UAS\/Drohne \u00fcber 0,250 kg Abflugmasse (MTOM) ist ein zweistufiger Kompetenznachweis zwingend vorgeschrieben:<\/p>\n<ul>\n<li>Kompetenznachweis A1\/A3 als theoretische online-Pr\u00fcfung<\/li>\n<li>Fernpiloten Zeugnis, baut auf dem A1\/A3 auf und pr\u00fcft theoretisch weitere F\u00e4cher ab<\/li>\n<\/ul>\n<p>Das Buch wurde in der 2. Auflage auf diesen neuen und ge\u00e4nderten Rahmen f\u00fcr den Kompetenznachweis A1\/A3 erweitert und angepasst. Die Anzahl der erl\u00e4uterten Begriffe wurde mehr als verdoppelt und vieles aktualisiert.<\/p>\n<p>Zur Vorbereitung auf die sehr anspruchsvollen theoretischen Pr\u00fcfungen gibt es nun von Paul Eschbach@DELTA IMAGE ein passendes Fachbuch dazu. Das Glossar behandelt alle pr\u00fcfungsrelevanten Themen, Fachbegriffe, Abk\u00fcrzungen und deren kurze Erl\u00e4uterung und eine Verlinkung zwischen den Fachbegriffen.<\/p>\n<p>&nbsp;<\/p>\n<h2>Eine ideale Unterlage f\u00fcr die Pr\u00fcfungsvorbereitung im Selbststudium<\/h2>\n<p>Ohne eine strukturierte Pr\u00fcfungsvorbereitung wird der Aspirant alleine an den Begriffen und Abk\u00fcrzungen scheitern. Ohne Pr\u00fcfungsvorbereitung ist die Chance auf ein erfolgreiches bestehen nicht gegeben.<br \/>\nWissen vermitteln ist eine der wichtigsten Aufgabenstellen wenn man um die Sicherheit in der Allgemeinen Luftfahrt bem\u00fcht ist. Das Grundverst\u00e4ndnis der Begriffe und Abk\u00fcrzungen ist eine ganz wesentliche Komponente um einen \u201eFu\u00dfg\u00e4nger\u201c zu einem sicheren und erfolgreichen Piloten zu schulen.<\/p>\n<p>&nbsp;<\/p>\n<blockquote>\n<pre>Wikipedia definiert Glossar:\r\nEin Glossar ... ... ist eine Liste von W\u00f6rtern mit beigef\u00fcgten Erkl\u00e4rungen oder \u00dcbersetzungen. \r\nDas lateinische Wort <i>glossarium<\/i> bezeichnet dabei als Objekt ein \"Buch\", das (ver)alte(te) oder \r\nfremde W\u00f6rter erl\u00e4utert. Im erweiterten Sinn wird ein <i>Glossar<\/i> auch Begriffserkl\u00e4rung genannt. \r\nZudem, insbesondere wenn es um die Erkl\u00e4rung oder Beschreibung einzelner Begriffe geht, werden \r\ndiese auch als [Begriffs-]Abgrenzung oder <i>Definition<\/i> bezeichnet.\r\n<\/pre>\n<\/blockquote>\n<p>&nbsp;<\/p>\n<p>Paul Eschbach ist als<\/p>\n<ul>\n<li>Referent f\u00fcr Presse- und \u00d6ffentlichkeitsarbeit im UAV DACH e.V. dem Verband f\u00fcr die Unbemannte Luftfahrt<\/li>\n<li>Buchautor,<\/li>\n<li>Trainer,<\/li>\n<li>Workshop-Leiter<\/li>\n<\/ul>\n<p>t\u00e4tig.<\/p>\n<p>Die Ausbildung in der allgemeinen Luftfahrt ist dabei genauso wichtig wie die Pr\u00fcfung an sich. Die Grunds\u00e4tze der Allgemeinen Luftfahrt und das notwendige Hintergrundwissen warum die Vorschriften so sind, ist f\u00fcr den Aspiranten wichtig. Alle Vorschriften und Verfahren sind das Ergebnis von bedauerlichen und oft tragischen Flugunf\u00e4llen in der Luftfahrt.<\/p>\n<ul>\n<li>Durch Wissensvermittlung zu lernen,<\/li>\n<li>durch Vorbild von anderen Piloten zu lernen,<\/li>\n<li>ist in der Fliegerei ausdr\u00fccklich erw\u00fcnscht und erlaubt.<\/li>\n<\/ul>\n","protected":false},"excerpt":{"rendered":"<p>DELTA IMAGE Eigenverlag<br \/>\nFormat DIN A5<br \/>\n90 Seiten s\/w<br \/>\nSoftcover<br \/>\n420 Begriffe und Abk\u00fcrzungen erkl\u00e4rt und referenziert<br \/>\nErsterscheinung 2021<br \/>\n2. Auflage<\/p>\n","protected":false},"featured_media":337,"template":"","meta":[],"product_brand":[806],"product_cat":[167,209,130],"product_tag":[119,103,118,117,76,116,75],"class_list":{"0":"post-336","1":"product","2":"type-product","3":"status-publish","4":"has-post-thumbnail","6":"product_brand-delta-image-eigenverlag","7":"product_cat-luftfahrt","8":"product_cat-softcover-taschenbuch","9":"product_cat-unbemannte-luftfahrt","10":"product_tag-a1-a3","11":"product_tag-drohne","12":"product_tag-kompetenznachweis","13":"product_tag-kompetenznachweis-a1-a3","14":"product_tag-uas","15":"product_tag-uav-dach-e-v","16":"product_tag-unbemannte-luftfahrt","18":"first","19":"instock","20":"taxable","21":"shipping-taxable","22":"purchasable","23":"product-type-simple"},"jetpack_sharing_enabled":true,"_links":{"self":[{"href":"https:\/\/shop.deltaimage.de\/index.php?rest_route=\/wp\/v2\/product\/336","targetHints":{"allow":["GET"]}}],"collection":[{"href":"https:\/\/shop.deltaimage.de\/index.php?rest_route=\/wp\/v2\/product"}],"about":[{"href":"https:\/\/shop.deltaimage.de\/index.php?rest_route=\/wp\/v2\/types\/product"}],"wp:featuredmedia":[{"embeddable":true,"href":"https:\/\/shop.deltaimage.de\/index.php?rest_route=\/wp\/v2\/media\/337"}],"wp:attachment":[{"href":"https:\/\/shop.deltaimage.de\/index.php?rest_route=%2Fwp%2Fv2%2Fmedia&parent=336"}],"wp:term":[{"taxonomy":"product_brand","embeddable":true,"href":"https:\/\/shop.deltaimage.de\/index.php?rest_route=%2Fwp%2Fv2%2Fproduct_brand&post=336"},{"taxonomy":"product_cat","embeddable":true,"href":"https:\/\/shop.deltaimage.de\/index.php?rest_route=%2Fwp%2Fv2%2Fproduct_cat&post=336"},{"taxonomy":"product_tag","embeddable":true,"href":"https:\/\/shop.deltaimage.de\/index.php?rest_route=%2Fwp%2Fv2%2Fproduct_tag&post=336"}],"curies":[{"name":"wp","href":"https:\/\/api.w.org\/{rel}","templated":true}]}}