{"id":3216,"date":"2025-03-06T18:23:02","date_gmt":"2025-03-06T17:23:02","guid":{"rendered":"https:\/\/shop.deltaimage.de\/?post_type=product&#038;p=3216"},"modified":"2025-10-02T17:56:23","modified_gmt":"2025-10-02T15:56:23","slug":"50-jahre-kreisgruppe-dachau-fest-und-foto-ausstellung-im-dachauer-wasserturm","status":"publish","type":"product","link":"https:\/\/shop.deltaimage.de\/?product=50-jahre-kreisgruppe-dachau-fest-und-foto-ausstellung-im-dachauer-wasserturm","title":{"rendered":"50 Jahre Kreisgruppe Dachau: Fest- und Foto-Ausstellung im Dachauer Wasserturm"},"content":{"rendered":"<p>Ausstellungsbrosch\u00fcre zur <strong>Fest- und Foto-Ausstellung <\/strong>im <a href=\"https:\/\/dachauerwasserturm.de\"><strong>Dachauer Wasserturm<\/strong><\/a> anl\u00e4sslich dem 50-j\u00e4hrigem Bestehen der <a href=\"https:\/\/dachauerwasserturm.de\"><strong>Kreisgruppe Dachau im BUND Naturschutz in Bayern<\/strong><\/a>: 1975 bis 2025.<\/p>\n<p><strong>Die <a href=\"https:\/\/deltaimage.de\/wp\/?tribe_events=dachauer-wasserturm-natur-und-moosschutz-im-dachauer-moos-50-jahre-bund-naturschutz-in-dachau-2\">Ausstellung findet vom 21.3. bis zum 21.4.2025<\/a> statt und wird am <a href=\"https:\/\/deltaimage.de\/wp\/?tribe_events=vernissage-im-dachauer-wasserturm-50-jahre-bund-naturschutz-in-dachau-21-3-25\">21.3.2025 um 18:00 mit einer Vernissage<\/a> er\u00f6ffnet.<\/strong><\/p>\n<p>&nbsp;<\/p>\n<h1 style=\"text-align: center;\">&#8222;50 Jahre Natur- und Moosschutz im Dachauer Moos&#8220;<\/h1>\n<ul>\n<li>Gru\u00dfwort<\/li>\n<li>50 Jahre BUND Naturschutz in Dachau<\/li>\n<li>Erfolge in f\u00fcnf Jahrzehnten<\/li>\n<li>Mitgliederentwicklung in der Kreisgruppe Dachau<\/li>\n<li>Themen und Termine im Jubil\u00e4umsjahr<\/li>\n<li>Das Naturerbe im Landkreis Dachau<\/li>\n<li>Umweltbildung in der Kreisgruppe Dachau<\/li>\n<li>Die Ortsgruppen stellen sich vor<\/li>\n<li>Landkreis Dachau<\/li>\n<li>Landschaftspflege und Moosschutz<\/li>\n<li>&#8230; und darum gibt es den BN in vielen Regionen in Bayern<\/li>\n<li>Kreisgruppe im Spiegel der Zeit<\/li>\n<li>Neue Buchprojekte zum Landkreis Dachau<\/li>\n<li>Kontaktdaten und Ansprechpartner<\/li>\n<\/ul>\n<p>&nbsp;<\/p>\n<h2>Zugang zur Ausstellungsbrosch\u00fcre<\/h2>\n<p>Die Ausstellungsbrosch\u00fcre liegt zur Mitnahme auf:<\/p>\n<ul>\n<li><strong>Gesch\u00e4ftsstelle BUND Naturschutz in Bayern &#8211; Kreisgruppe Dachau<img data-recalc-dims=\"1\" loading=\"lazy\" decoding=\"async\" data-attachment-id=\"2808\" data-permalink=\"https:\/\/shop.deltaimage.de\/?attachment_id=2808#main\" data-orig-file=\"https:\/\/i0.wp.com\/shop.deltaimage.de\/wp-content\/uploads\/2024\/07\/BN-Logo-gerade-RGB.jpg?fit=1024%2C1024&amp;ssl=1\" data-orig-size=\"1024,1024\" data-comments-opened=\"0\" data-image-meta=\"{&quot;aperture&quot;:&quot;0&quot;,&quot;credit&quot;:&quot;&quot;,&quot;camera&quot;:&quot;&quot;,&quot;caption&quot;:&quot;&quot;,&quot;created_timestamp&quot;:&quot;0&quot;,&quot;copyright&quot;:&quot;&quot;,&quot;focal_length&quot;:&quot;0&quot;,&quot;iso&quot;:&quot;0&quot;,&quot;shutter_speed&quot;:&quot;0&quot;,&quot;title&quot;:&quot;&quot;,&quot;orientation&quot;:&quot;1&quot;}\" data-image-title=\"BN Logo gerade RGB\" data-image-description=\"\" data-image-caption=\"\" data-large-file=\"https:\/\/i0.wp.com\/shop.deltaimage.de\/wp-content\/uploads\/2024\/07\/BN-Logo-gerade-RGB.jpg?fit=890%2C890&amp;ssl=1\" class=\"wp-image-2808 size-thumbnail alignright\" src=\"https:\/\/i0.wp.com\/shop.deltaimage.de\/wp-content\/uploads\/2024\/07\/BN-Logo-gerade-RGB.jpg?resize=200%2C200&#038;ssl=1\" alt=\"\" width=\"200\" height=\"200\" srcset=\"https:\/\/i0.wp.com\/shop.deltaimage.de\/wp-content\/uploads\/2024\/07\/BN-Logo-gerade-RGB.jpg?resize=200%2C200&amp;ssl=1 200w, https:\/\/i0.wp.com\/shop.deltaimage.de\/wp-content\/uploads\/2024\/07\/BN-Logo-gerade-RGB.jpg?resize=600%2C600&amp;ssl=1 600w, https:\/\/i0.wp.com\/shop.deltaimage.de\/wp-content\/uploads\/2024\/07\/BN-Logo-gerade-RGB.jpg?resize=768%2C768&amp;ssl=1 768w, https:\/\/i0.wp.com\/shop.deltaimage.de\/wp-content\/uploads\/2024\/07\/BN-Logo-gerade-RGB.jpg?resize=400%2C400&amp;ssl=1 400w, https:\/\/i0.wp.com\/shop.deltaimage.de\/wp-content\/uploads\/2024\/07\/BN-Logo-gerade-RGB.jpg?resize=900%2C900&amp;ssl=1 900w, https:\/\/i0.wp.com\/shop.deltaimage.de\/wp-content\/uploads\/2024\/07\/BN-Logo-gerade-RGB.jpg?resize=100%2C100&amp;ssl=1 100w, https:\/\/i0.wp.com\/shop.deltaimage.de\/wp-content\/uploads\/2024\/07\/BN-Logo-gerade-RGB.jpg?resize=50%2C50&amp;ssl=1 50w, https:\/\/i0.wp.com\/shop.deltaimage.de\/wp-content\/uploads\/2024\/07\/BN-Logo-gerade-RGB.jpg?w=1024&amp;ssl=1 1024w\" sizes=\"auto, (max-width: 200px) 100vw, 200px\" \/><\/strong><br \/>\nMartin-Huber-Stra\u00dfe 20<br \/>\n85221 Dachau<br \/>\nw\u00e4hrend den B\u00fcrozeiten:<br \/>\nMontag bis Freitag 9 &#8211; 12 Uhr<br \/>\nMittwoch 15 &#8211; 17 Uhr<br \/>\n<a href=\"https:\/\/dachau.bund-naturschutz.de\"><strong>https:\/\/dachau.bund-naturschutz.de<\/strong><\/a><\/li>\n<li><strong>Ausstellung im Dachauer Wasserturm<\/strong><br \/>\nSchlossstra\u00dfe 7 \/ Hofgartenweg<br \/>\n85221 Dachau<br \/>\nw\u00e4hrend den Ausstellungszeiten:<br \/>\nFR: 16:00 &#8211; 20:00 Uhr; SA + SO: 13:00 &#8211; 18:00 Uhr<\/li>\n<\/ul>\n<p>Die Brosch\u00fcre wird kostenlos abgegeben. Der BN Dachau freut sich immer \u00fcber eine kleine Spende in den Birkenstamm. Damit k\u00f6nnen zuk\u00fcnftige Aktionen realisiert werden. Wir versenden auch gerne im Online Shop gegen die Versandkosten zu Ihnen nach Hause.<\/p>\n<p>&nbsp;<\/p>\n<h2>Ein Blick in die Ausstellungsbrosch\u00fcre<\/h2>\n<p>[flipbook pdf=&#8220;https:\/\/deltaimage.de\/wp\/wp-content\/uploads\/BN-Dachau_50-Broschuere_Webseite-50-dpi.pdf&#8220; width=&#8220;900&#8243; height=&#8220;600&#8243;theme=&#8220;light&#8220; header=&#8220;\u00d6ffnen der Brosch\u00fcre &#8222;50 Jahre Natur- und Moosschutz im Dachauer Moos&#8220;\u00a0title=&#8220;Brosch\u00fcre BUND Naturschutz in Bayern &#8211; Kreisgruppe Dachau&#8220;]<\/p>\n","protected":false},"excerpt":{"rendered":"<ul>\n<li>Format DIN A4 (297 x 210 mm)<\/li>\n<li>Farbdruck 4\/4c<\/li>\n<li>Brosch\u00fcre, Klammerheftung<\/li>\n<li>32 Seiten<\/li>\n<li>Herausgeber: BUND Naturschutz in Bayern &#8211; Kreisgruppe Dachau<\/li>\n<li>Grafik und Produktion: Paul Eschbach, DELTA IMAGE &#8211; Eigenverlag<\/li>\n<\/ul>\n","protected":false},"featured_media":3217,"template":"","meta":[],"product_brand":[806],"product_cat":[778,148,691],"product_tag":[809,812,808,779,811,810,781],"class_list":{"0":"post-3216","1":"product","2":"type-product","3":"status-publish","4":"has-post-thumbnail","6":"product_brand-delta-image-eigenverlag","7":"product_cat-broschuere","8":"product_cat-dachau-oberschleissheim","9":"product_cat-dachauer-moos","10":"product_tag-50-jahre","11":"product_tag-broschuere","12":"product_tag-bund-naturschutz-in-bayern","13":"product_tag-dachauer-wasserturm","14":"product_tag-fest-und-foto-ausstellung","15":"product_tag-jubilaeum","16":"product_tag-kreisgruppe-dachau","18":"first","19":"instock","20":"virtual","21":"taxable","22":"purchasable","23":"product-type-simple"},"jetpack_sharing_enabled":true,"_links":{"self":[{"href":"https:\/\/shop.deltaimage.de\/index.php?rest_route=\/wp\/v2\/product\/3216","targetHints":{"allow":["GET"]}}],"collection":[{"href":"https:\/\/shop.deltaimage.de\/index.php?rest_route=\/wp\/v2\/product"}],"about":[{"href":"https:\/\/shop.deltaimage.de\/index.php?rest_route=\/wp\/v2\/types\/product"}],"wp:featuredmedia":[{"embeddable":true,"href":"https:\/\/shop.deltaimage.de\/index.php?rest_route=\/wp\/v2\/media\/3217"}],"wp:attachment":[{"href":"https:\/\/shop.deltaimage.de\/index.php?rest_route=%2Fwp%2Fv2%2Fmedia&parent=3216"}],"wp:term":[{"taxonomy":"product_brand","embeddable":true,"href":"https:\/\/shop.deltaimage.de\/index.php?rest_route=%2Fwp%2Fv2%2Fproduct_brand&post=3216"},{"taxonomy":"product_cat","embeddable":true,"href":"https:\/\/shop.deltaimage.de\/index.php?rest_route=%2Fwp%2Fv2%2Fproduct_cat&post=3216"},{"taxonomy":"product_tag","embeddable":true,"href":"https:\/\/shop.deltaimage.de\/index.php?rest_route=%2Fwp%2Fv2%2Fproduct_tag&post=3216"}],"curies":[{"name":"wp","href":"https:\/\/api.w.org\/{rel}","templated":true}]}}