{"id":3131,"date":"2025-01-20T19:58:24","date_gmt":"2025-01-20T18:58:24","guid":{"rendered":"https:\/\/shop.deltaimage.de\/?post_type=product&#038;p=3131"},"modified":"2026-01-26T17:40:20","modified_gmt":"2026-01-26T16:40:20","slug":"geschichtswerkstatt-naturwandel-eine-geschichte-im-dachauer-land","status":"publish","type":"product","link":"https:\/\/shop.deltaimage.de\/?product=geschichtswerkstatt-naturwandel-eine-geschichte-im-dachauer-land","title":{"rendered":"Geschichtswerkstatt: NaturWandel &#8211; Eine Geschichte im Dachauer Land"},"content":{"rendered":"<p><a href=\"https:\/\/shop.deltaimage.de\/wp-content\/uploads\/2025\/01\/GW_LOGO.tif\"><img decoding=\"async\" class=\"aligncenter size-full wp-image-3139\" src=\"https:\/\/shop.deltaimage.de\/wp-content\/uploads\/2025\/01\/GW_LOGO.tif\" alt=\"\" \/><\/a>Die <a href=\"https:\/\/geschichtswerkstatt-dachau.de\"><strong>Geschichtswerkstatt im Landkreis Dachau<\/strong><\/a> ver\u00f6ffentlicht eine neue Ausstellung und eine <strong>begleitende Ausstellungspublikation<\/strong>, produziert im <strong>DELTA IMAGE &#8211; Eigenverlag <\/strong>\u00fcber den <strong>Wandel der Natur<\/strong> im <strong>Landkreis Dachau.<\/strong><\/p>\n<p><img data-recalc-dims=\"1\" loading=\"lazy\" decoding=\"async\" data-attachment-id=\"3141\" data-permalink=\"https:\/\/shop.deltaimage.de\/?attachment_id=3141#main\" data-orig-file=\"https:\/\/i0.wp.com\/shop.deltaimage.de\/wp-content\/uploads\/2025\/01\/GW_Logo-600.jpg?fit=821%2C590&amp;ssl=1\" data-orig-size=\"821,590\" data-comments-opened=\"0\" data-image-meta=\"{&quot;aperture&quot;:&quot;0&quot;,&quot;credit&quot;:&quot;Paul Eschbach&quot;,&quot;camera&quot;:&quot;&quot;,&quot;caption&quot;:&quot;&quot;,&quot;created_timestamp&quot;:&quot;1737489888&quot;,&quot;copyright&quot;:&quot;&quot;,&quot;focal_length&quot;:&quot;0&quot;,&quot;iso&quot;:&quot;0&quot;,&quot;shutter_speed&quot;:&quot;0&quot;,&quot;title&quot;:&quot;&quot;,&quot;orientation&quot;:&quot;0&quot;}\" data-image-title=\"GW_Logo -600\" data-image-description=\"\" data-image-caption=\"\" data-large-file=\"https:\/\/i0.wp.com\/shop.deltaimage.de\/wp-content\/uploads\/2025\/01\/GW_Logo-600.jpg?fit=821%2C590&amp;ssl=1\" class=\"aligncenter wp-image-3141 size-thumbnail\" src=\"https:\/\/i0.wp.com\/shop.deltaimage.de\/wp-content\/uploads\/2025\/01\/GW_Logo-600.jpg?resize=278%2C200&#038;ssl=1\" alt=\"\" width=\"278\" height=\"200\" srcset=\"https:\/\/i0.wp.com\/shop.deltaimage.de\/wp-content\/uploads\/2025\/01\/GW_Logo-600.jpg?resize=278%2C200&amp;ssl=1 278w, https:\/\/i0.wp.com\/shop.deltaimage.de\/wp-content\/uploads\/2025\/01\/GW_Logo-600.jpg?resize=768%2C552&amp;ssl=1 768w, https:\/\/i0.wp.com\/shop.deltaimage.de\/wp-content\/uploads\/2025\/01\/GW_Logo-600.jpg?resize=557%2C400&amp;ssl=1 557w, https:\/\/i0.wp.com\/shop.deltaimage.de\/wp-content\/uploads\/2025\/01\/GW_Logo-600.jpg?w=821&amp;ssl=1 821w\" sizes=\"auto, (max-width: 278px) 100vw, 278px\" \/><\/p>\n<p>&nbsp;<\/p>\n<h2>Natur- und Kulturlandschaft im Dachauer Land &#8211; Landkreis Dachau<\/h2>\n<p>Die <strong>begleitende Ausstellungspublikation<\/strong> beschreibt die Ver\u00e4nderungen anhand von Themenbeitr\u00e4gen in:<\/p>\n<ul>\n<li><strong>Inhausen,<\/strong><\/li>\n<li><strong>Haimhausen,<\/strong><\/li>\n<li><strong>Mariabrunn,<\/strong><\/li>\n<li><strong>Lauterbach,<\/strong><\/li>\n<li><strong>R\u00f6hrmoos,<\/strong><\/li>\n<li><strong>Vierkirchen,<\/strong><\/li>\n<li><strong>Kleinberghofen,<\/strong><\/li>\n<li><strong>Sulzemoos,<\/strong><\/li>\n<li><strong>Weichs,<\/strong><\/li>\n<li><strong>Karlsfeld,<\/strong><\/li>\n<li><strong>Petershausen,<\/strong><\/li>\n<li><strong>Dachau,<\/strong><\/li>\n<li><strong>Eisenhofen<\/strong><\/li>\n<\/ul>\n<p>im <strong>Landkreis Dachau<\/strong>.<\/p>\n<p>&nbsp;<\/p>\n<a href=\"https:\/\/shop.deltaimage.de\/wp-content\/uploads\/2025\/01\/WEB_NaturWandel-Einladungsflyer.pdf\" class=\"pdfemb-viewer\" style=\"\" data-width=\"max\" data-height=\"max\" data-toolbar=\"bottom\" data-toolbar-fixed=\"off\">WEB_NaturWandel-Einladungsflyer<\/a>\n<p>&nbsp;<\/p>\n<h2>NaturWandel &#8211; Eine Geschichte im Dachauer Land<\/h2>\n<p>Die <strong>Ausstellung NaturWandel<\/strong> beschreibt anhand der Beitr\u00e4ge von sechzehn Autoren aus dem <strong>Landkreis Dachau<\/strong>, die Ver\u00e4nderungen in der <strong>Natur- und Kulturlandschaft<\/strong> im <strong>Dachauer Land<\/strong> unter den manigfachen Blickwinkeln der Autoren.<\/p>\n<ul>\n<li>Leben im Moos im Wandel der Zeit \u2013 Ein <strong>Inhauser Moosler<\/strong> erz\u00e4hlt<\/li>\n<li><strong>Lauterbach<\/strong> \u2013 \u2028ein Dorf ver\u00e4ndert sich. Landwirtschaft und Landschaft<\/li>\n<li>Naturwandel in <strong>R\u00f6hrmoos<\/strong><\/li>\n<li>Naturwandel in <strong>Vierkirchen<\/strong> \u2013 Raumordnung, Infrastruktur und Umweltschutz<\/li>\n<li>Von Otter, Frosch und Storch \u2013 \u2028Wie sich der Lebensraum Wasser ver\u00e4ndert<\/li>\n<li>Naturwandel in <strong>Kleinberghofen<\/strong> &#8211; Land- und Forstwirtschaft und Siedlungsstruktur<\/li>\n<li>Vom Dorf zur Metropolregion M\u00fcnchen. \u2028Der Wandel von Landschaft, G\u00e4rten, Landwirtschaft und Wald in <strong>Sulzemoos<\/strong><\/li>\n<li><strong>Weichs<\/strong> &#8211; Wandel in Natur und Siedlungsstruktur<\/li>\n<li>Gew\u00e4sser um <strong>Karlsfeld<\/strong> &#8211; Von den &#8222;Oden Gr\u00fcnden&#8220; zur Kulturlandschaft<\/li>\n<li>Die <strong>Glonn<\/strong> &#8211; Ver\u00e4nderung, Geschichte, bedeutung f\u00fcr die Natur<\/li>\n<li>Wandel der Naturdarstellung der <strong>Dachauer K\u00fcnstler<\/strong><\/li>\n<li><strong>Ampermoching<\/strong> \u2013 Die Amper und der Wald. \u2028Naturwandel aus der Sicht eines J\u00e4gers und eines Fischers<\/li>\n<li>Vom Hopfen zum Apfel &#8211; Wandel des Anbaus in <strong>Eisenhofen<\/strong><\/li>\n<li>Flurbereinigung in <strong>Eisenhofen<\/strong> und Hof<\/li>\n<li>Der \u201e<strong>Kr\u00e4utergarten<\/strong>\u201c &#8211; Natur-Ideologie unter der Herrschaft der Nationalsozialisten<\/li>\n<li>Ausblick: Welche Ma\u00dfnahmen zum Naturschutz geschehen<\/li>\n<\/ul>\n<p>Herausgeberin dieser <strong>begleitenden Ausstellungspublikation<\/strong> ist Frau <strong>Dr. Annegret Braun<\/strong>.<\/p>\n<p>&nbsp;<\/p>\n<p>Zur <a href=\"https:\/\/geschichtswerkstatt-dachau.de\/naturwandel\/beschreibung.php\"><strong>Projektbeschreibung bei Geschichtswerkstatt<\/strong><\/a>.<\/p>\n<p>&nbsp;<\/p>\n<h2>Die Begleitpublikation wird von DELTA IMAGE verlegt<\/h2>\n<p>Die begleitende Ausstellungspublikation wird von <strong>BUND Naturschutz in Bayern e.V. &#8211; Kreisgruppe Dachau<\/strong> finanziell und organisatorisch unterst\u00fctzt. F\u00fcr die <strong>Kreisgruppe Dachau \u00fcbernimmt DELTA IMAGE den Eigenverlag<\/strong> f\u00fcr diese Ausstellungspublikation, das beutet:<\/p>\n<ul>\n<li><a href=\"https:\/\/deltaimage.de\"><strong>DELTA IMAGE<\/strong><\/a> setzt die vom Buch-Team erarbeiteten und von Frau Dr. Annegret Braun lektorierten Beitr\u00e4ge aller Buchautoren in die Form und Grafik des Buches um.<\/li>\n<li><a href=\"https:\/\/deltaimage.de\"><strong>DELTA IMAGE<\/strong><\/a> k\u00fcmmert sich um das Projektmanagement dieses Buchprojektes und organisieren das Umfeld zum Buch.<\/li>\n<li>Die Buchinhalte bringen wir in den Druck, bis zur gelieferten Ausstellungsdokumentation.<\/li>\n<li><a href=\"https:\/\/deltaimage.de\"><strong>DELTA IMAGE<\/strong><\/a> k\u00fcmmert sich um den Eigenverlag der Ausstellungsdokumentation.<\/li>\n<li><a href=\"https:\/\/deltaimage.de\"><strong>DELTA IMAGE<\/strong><\/a> bietet den Kauf des Buches auch auf der Online-Shop Seite <a href=\"https:\/\/shop.deltaimage.de\"><strong>https:\/\/shop.deltaimage.de<\/strong><\/a> an<\/li>\n<\/ul>\n<p><img data-recalc-dims=\"1\" loading=\"lazy\" decoding=\"async\" data-attachment-id=\"2808\" data-permalink=\"https:\/\/shop.deltaimage.de\/?attachment_id=2808#main\" data-orig-file=\"https:\/\/i0.wp.com\/shop.deltaimage.de\/wp-content\/uploads\/2024\/07\/BN-Logo-gerade-RGB.jpg?fit=1024%2C1024&amp;ssl=1\" data-orig-size=\"1024,1024\" data-comments-opened=\"0\" data-image-meta=\"{&quot;aperture&quot;:&quot;0&quot;,&quot;credit&quot;:&quot;&quot;,&quot;camera&quot;:&quot;&quot;,&quot;caption&quot;:&quot;&quot;,&quot;created_timestamp&quot;:&quot;0&quot;,&quot;copyright&quot;:&quot;&quot;,&quot;focal_length&quot;:&quot;0&quot;,&quot;iso&quot;:&quot;0&quot;,&quot;shutter_speed&quot;:&quot;0&quot;,&quot;title&quot;:&quot;&quot;,&quot;orientation&quot;:&quot;1&quot;}\" data-image-title=\"BN Logo gerade RGB\" data-image-description=\"\" data-image-caption=\"\" data-large-file=\"https:\/\/i0.wp.com\/shop.deltaimage.de\/wp-content\/uploads\/2024\/07\/BN-Logo-gerade-RGB.jpg?fit=890%2C890&amp;ssl=1\" class=\"alignleft wp-image-2808 size-thumbnail\" src=\"https:\/\/i0.wp.com\/shop.deltaimage.de\/wp-content\/uploads\/2024\/07\/BN-Logo-gerade-RGB.jpg?resize=200%2C200&#038;ssl=1\" alt=\"\" width=\"200\" height=\"200\" srcset=\"https:\/\/i0.wp.com\/shop.deltaimage.de\/wp-content\/uploads\/2024\/07\/BN-Logo-gerade-RGB.jpg?resize=200%2C200&amp;ssl=1 200w, https:\/\/i0.wp.com\/shop.deltaimage.de\/wp-content\/uploads\/2024\/07\/BN-Logo-gerade-RGB.jpg?resize=600%2C600&amp;ssl=1 600w, https:\/\/i0.wp.com\/shop.deltaimage.de\/wp-content\/uploads\/2024\/07\/BN-Logo-gerade-RGB.jpg?resize=768%2C768&amp;ssl=1 768w, https:\/\/i0.wp.com\/shop.deltaimage.de\/wp-content\/uploads\/2024\/07\/BN-Logo-gerade-RGB.jpg?resize=400%2C400&amp;ssl=1 400w, https:\/\/i0.wp.com\/shop.deltaimage.de\/wp-content\/uploads\/2024\/07\/BN-Logo-gerade-RGB.jpg?resize=900%2C900&amp;ssl=1 900w, https:\/\/i0.wp.com\/shop.deltaimage.de\/wp-content\/uploads\/2024\/07\/BN-Logo-gerade-RGB.jpg?resize=100%2C100&amp;ssl=1 100w, https:\/\/i0.wp.com\/shop.deltaimage.de\/wp-content\/uploads\/2024\/07\/BN-Logo-gerade-RGB.jpg?resize=50%2C50&amp;ssl=1 50w, https:\/\/i0.wp.com\/shop.deltaimage.de\/wp-content\/uploads\/2024\/07\/BN-Logo-gerade-RGB.jpg?w=1024&amp;ssl=1 1024w\" sizes=\"auto, (max-width: 200px) 100vw, 200px\" \/><\/p>\n<p>Die <strong>begleitende Ausstellungsdokumentation<\/strong> wurde erm\u00f6glicht durch eine finanzielle Unterst\u00fctzung durch die <a href=\"https:\/\/dachau.bund-naturschutz.de\"><strong>Kreisgruppe Dachau im BUND Naturschutz in Bayern e. V.<\/strong><\/a>. Dieser hat einen Teil der Produktionskosten anl\u00e4sslich des <strong>50-j\u00e4hrigen-Bestehens der Kreisgruppe Dachau<\/strong> gro\u00dfz\u00fcgiger weise \u00fcbernommen. Die Arbeiten am Buch im <strong>DELTA IMAGE &#8211; Eigenverla<\/strong>g erfolgt bei uns im Ehrenamt. Nur so ist dieser <strong>Buchpreis<\/strong> in dieser Form m\u00f6glich geworden.<\/p>\n<p>&nbsp;<\/p>\n<p>&nbsp;<\/p>\n<h2>Geschichtswerkstatt Dachau<\/h2>\n<div class=\"lw-fliess\">\n<div>\n<p><img data-recalc-dims=\"1\" loading=\"lazy\" decoding=\"async\" data-attachment-id=\"3141\" data-permalink=\"https:\/\/shop.deltaimage.de\/?attachment_id=3141#main\" data-orig-file=\"https:\/\/i0.wp.com\/shop.deltaimage.de\/wp-content\/uploads\/2025\/01\/GW_Logo-600.jpg?fit=821%2C590&amp;ssl=1\" data-orig-size=\"821,590\" data-comments-opened=\"0\" data-image-meta=\"{&quot;aperture&quot;:&quot;0&quot;,&quot;credit&quot;:&quot;Paul Eschbach&quot;,&quot;camera&quot;:&quot;&quot;,&quot;caption&quot;:&quot;&quot;,&quot;created_timestamp&quot;:&quot;1737489888&quot;,&quot;copyright&quot;:&quot;&quot;,&quot;focal_length&quot;:&quot;0&quot;,&quot;iso&quot;:&quot;0&quot;,&quot;shutter_speed&quot;:&quot;0&quot;,&quot;title&quot;:&quot;&quot;,&quot;orientation&quot;:&quot;0&quot;}\" data-image-title=\"GW_Logo -600\" data-image-description=\"\" data-image-caption=\"\" data-large-file=\"https:\/\/i0.wp.com\/shop.deltaimage.de\/wp-content\/uploads\/2025\/01\/GW_Logo-600.jpg?fit=821%2C590&amp;ssl=1\" class=\"wp-image-3141 size-room-thumbnail alignright\" src=\"https:\/\/i0.wp.com\/shop.deltaimage.de\/wp-content\/uploads\/2025\/01\/GW_Logo-600.jpg?resize=200%2C133&#038;ssl=1\" alt=\"\" width=\"200\" height=\"133\" srcset=\"https:\/\/i0.wp.com\/shop.deltaimage.de\/wp-content\/uploads\/2025\/01\/GW_Logo-600.jpg?resize=200%2C133&amp;ssl=1 200w, https:\/\/i0.wp.com\/shop.deltaimage.de\/wp-content\/uploads\/2025\/01\/GW_Logo-600.jpg?zoom=2&amp;resize=200%2C133&amp;ssl=1 400w, https:\/\/i0.wp.com\/shop.deltaimage.de\/wp-content\/uploads\/2025\/01\/GW_Logo-600.jpg?zoom=3&amp;resize=200%2C133&amp;ssl=1 600w\" sizes=\"auto, (max-width: 200px) 100vw, 200px\" \/>Die Geschichtswerkstatt forscht \u00fcber historische Entwicklungen, Ereignisse und Biographien im Landkreis Dachau in Zusammenarbeit mit Museen, Vereinen, Archiven, Schulen und der KZ-Gedenkst\u00e4tte Dachau. In Ausstellungen und Aufs\u00e4tzen werden die Ergebnisse pr\u00e4sentiert.<\/p>\n<p>Ziel der Geschichtswerkstatt ist es, die Regionalgeschichte zu erforschen. Die Mikro-Perspektive und die Befragung von Zeitzeugen leisten einen wichtigen Beitrag zur Geschichtswissenschaft. Auch die Verbundenheit mit der Region soll damit gef\u00f6rdert werden.<\/p>\n<p>In der Geschichtswerkstatt engagieren sich Menschen aus dem <strong>Landkreis Dachau<\/strong>, um die lokale Zeitgeschichte zu erforschen: Alteingesessene und Zugezogene, Wissenschaftler, ausgebildete Heimatforscher, historisch interessierte Laien und viele andere.<\/p>\n<\/div>\n<\/div>\n","protected":false},"excerpt":{"rendered":"<ul>\n<li>Softcover<\/li>\n<li>96 Seiten<\/li>\n<li>Format DIN A4 Hochformat (297 x 210 mm)<\/li>\n<li>4\/4c Farbdruck<\/li>\n<li>ISBN 978391146103-0<\/li>\n<li>DELTA IMAGE &#8211; Eigenverlag<\/li>\n<\/ul>\n","protected":false},"featured_media":3190,"template":"","meta":[],"product_brand":[806],"product_cat":[16,148,209],"product_tag":[36,774,775,773,822,772,85,813,89,818,777,815,814,776,821,816,819,817,820],"class_list":{"0":"post-3131","1":"product","2":"type-product","3":"status-publish","4":"has-post-thumbnail","6":"product_brand-delta-image-eigenverlag","7":"product_cat-buch","8":"product_cat-dachau-oberschleissheim","9":"product_cat-softcover-taschenbuch","10":"product_tag-dachau","11":"product_tag-dachauer-land","12":"product_tag-dr-annegret-braun","13":"product_tag-eine-geschichte-des-dachauer-landes","14":"product_tag-eisenhofen","15":"product_tag-geschichtswerkstatt","16":"product_tag-haimhausen","17":"product_tag-inhausen","18":"product_tag-karlsfeld","19":"product_tag-kleinberghofen","20":"product_tag-kulturlandschaft","21":"product_tag-lauterbach","22":"product_tag-mariabrunn","23":"product_tag-naturlandschaft","24":"product_tag-petershausen","25":"product_tag-roehrmoos","26":"product_tag-sulzemoos","27":"product_tag-vierkirchen","28":"product_tag-weichs","30":"first","31":"instock","32":"taxable","33":"shipping-taxable","34":"purchasable","35":"product-type-simple"},"jetpack_sharing_enabled":true,"_links":{"self":[{"href":"https:\/\/shop.deltaimage.de\/index.php?rest_route=\/wp\/v2\/product\/3131","targetHints":{"allow":["GET"]}}],"collection":[{"href":"https:\/\/shop.deltaimage.de\/index.php?rest_route=\/wp\/v2\/product"}],"about":[{"href":"https:\/\/shop.deltaimage.de\/index.php?rest_route=\/wp\/v2\/types\/product"}],"wp:featuredmedia":[{"embeddable":true,"href":"https:\/\/shop.deltaimage.de\/index.php?rest_route=\/wp\/v2\/media\/3190"}],"wp:attachment":[{"href":"https:\/\/shop.deltaimage.de\/index.php?rest_route=%2Fwp%2Fv2%2Fmedia&parent=3131"}],"wp:term":[{"taxonomy":"product_brand","embeddable":true,"href":"https:\/\/shop.deltaimage.de\/index.php?rest_route=%2Fwp%2Fv2%2Fproduct_brand&post=3131"},{"taxonomy":"product_cat","embeddable":true,"href":"https:\/\/shop.deltaimage.de\/index.php?rest_route=%2Fwp%2Fv2%2Fproduct_cat&post=3131"},{"taxonomy":"product_tag","embeddable":true,"href":"https:\/\/shop.deltaimage.de\/index.php?rest_route=%2Fwp%2Fv2%2Fproduct_tag&post=3131"}],"curies":[{"name":"wp","href":"https:\/\/api.w.org\/{rel}","templated":true}]}}