{"id":3078,"date":"2025-01-03T12:21:39","date_gmt":"2025-01-03T11:21:39","guid":{"rendered":"https:\/\/shop.deltaimage.de\/?post_type=product&#038;p=3078"},"modified":"2026-03-12T16:14:13","modified_gmt":"2026-03-12T15:14:13","slug":"udet-u12-flamingo-100-erstflug-in-schleissheim-1925-2025","status":"publish","type":"product","link":"https:\/\/shop.deltaimage.de\/?product=udet-u12-flamingo-100-erstflug-in-schleissheim-1925-2025","title":{"rendered":"Udet U12 &#8222;Flamingo&#8220; &#8211; 100 Erstflug in Schlei\u00dfheim 1925 &#8211; 2025"},"content":{"rendered":"<p>Das neue Buch, von <strong><a href=\"https:\/\/deltaimage.de\/wp\/?s=Paul+Eschbach\">Paul Eschbach<\/a><\/strong><strong> (<\/strong>Fotograf, Buchautor und Experte der<a href=\"https:\/\/deltaimage.de\/wp\/?page_id=35787\"><strong> Luftfahrt-Geschichte am \u00e4ltesten Flugplatz \u2013 in Schlei\u00dfheim<\/strong><\/a>) zeigt die Geschichte eines der ber\u00fchmtesten und besten <strong>Sport- und Schulflugzeuge<\/strong> der den 1920er und &#8217;30er Jahren im Bildband mit vielen historischen und technischen Erl\u00e4uterungen auf. Die <strong>BFW \/ Udet U12 \u00bbFlamingo\u00ab<\/strong> hat ihren <strong>100. Jahrestag des Erstfluges 1925 \u2013 2025 in Schlei\u00dfheim<\/strong>. Heute steht ein originaler Nachbau der <strong>Udet U12<\/strong> in der <a href=\"https:\/\/www.deutsches-museum.de\/flugwerft-schleissheim\"><strong>Flugwerft Schlei\u00dfheim<\/strong><\/a><a href=\"https:\/\/www.deutsches-museum.de\/flugwerft-schleissheim\"> im <\/a><a href=\"https:\/\/www.deutsches-museum.de\/flugwerft-schleissheim\"><strong>Deutschen Museum<\/strong><\/a> als Bestandteil des fliegenden Museums flugf\u00e4hig da.<\/p>\n<p>&nbsp;<\/p>\n<h2><strong>Udet U12 &#8222;Flamingo&#8220; in Schlei\u00dfheim &#8211; 100 Erstflug 1925 &#8211; 2025<\/strong><\/h2>\n<p>Mit dem Kriegsende 1918\/1919 und den Versailler Vertr\u00e4gen wird die milit\u00e4rische und zivile Luftfahrt in Deutschland vorerst vollst\u00e4ndig verboten. Alle Flugzeuge und Flugmotoren mussten an die Entente abgeliefert werden, die Flugpl\u00e4tze werden zerst\u00f6rt. Der Bau von Flugzeugen ist zu Ende.<\/p>\n<p>Dann beginnt sich in den 1920er Jahren die <strong>Zivilluftfahrt in Europa<\/strong> zu entwickeln. Die Technologie war, aufgrund der <strong>Ingenieursentwicklungen im Flugzeug- und Motorenbau<\/strong>, so weit. Weite Entfernungen und Strecken sollen nun sicher und bequem in der Luft zur\u00fcckgelegt werden. Da konnte auch Deutschland nicht au\u00dfen vor gelassen werden, sonst w\u00e4re ein <strong>europ\u00e4ischer Luftverkehr<\/strong> nicht m\u00f6glich gewesen. Schrittweise werden die Auflagen gelockert und 1925 darf Deutschland wieder an der Luftfahrt teilnehmen.<\/p>\n<p>Dies haben damals findige Unternehmer als eine gro\u00dfe Marktchance erkannt. Mit <strong>Ernst Udet<\/strong>, dem ber\u00fchmtesten Jagdflieger aus dem 1. Weltkrieg, wurde die <strong>Udet Flugzeugbau GmbH<\/strong> in <strong>M\u00fcnchen-Ramersdorf<\/strong> gegr\u00fcndet. Die wohl beste und erfolgreichste Konstruktion dieser jungen Firma war im Sp\u00e4tsommer 1924 die <strong>Udet U12 &#8222;Flamingo&#8220;<\/strong>. Nach wenigen Monaten Bauzeit startet kein Geringerer als <strong>Ernst Udet<\/strong> mit der ersten <strong>U12<\/strong> zum <strong>Erstflug <\/strong>am 7. April 1925 am <strong>Flugplatz Schlei\u00dfheim<\/strong>. Eben dort, wo bislang alle <strong>Udet Flugzeuge<\/strong> nach ihrem Bau in <strong>M\u00fcnchen-Ramersdorf<\/strong> auf einem Stra\u00dfentransport nach <strong>Schlei\u00dfheim<\/strong> kamen. In der heutigen <strong>Flugwerft<\/strong> war die Endmontage angesiedelt. Anschlie\u00dfend fand der <strong>Erstflug<\/strong> mit jedem Flugzeug in <strong>Schlei\u00dfheim<\/strong> durch die Werkspiloten statt.<\/p>\n<p>In M\u00fcnchen, Augsburg und in \u00d6sterreich wurden von der <strong>Udet U12<\/strong> etwa 250 Flugzeuge gefertigt. Der <strong>Flamingo<\/strong> war das <strong>erfolgreichste Sport- und Schulflugzeug<\/strong> in den &#8217;20er und &#8217;30er Jahre. Sie wurde auch zum <strong>Standard-Schulflugzeug<\/strong> der 1925 in Berlin gegr\u00fcndeten <strong>Deutschen Verkehrsfliegerschule AG<\/strong>. So flogen in <strong>Schlei\u00dfheim<\/strong> zur Anf\u00e4ngerschulung in der Flugzeugf\u00fchrer-Lizenz B meistens die &#8222;<strong>Flamingo<\/strong>&#8222;. Sie hat auch in der Geschichte des Flugplatzes ihre Spuren hinterlassen.<\/p>\n<p><img data-recalc-dims=\"1\" loading=\"lazy\" decoding=\"async\" data-attachment-id=\"3083\" data-permalink=\"https:\/\/shop.deltaimage.de\/?attachment_id=3083#main\" data-orig-file=\"https:\/\/i0.wp.com\/shop.deltaimage.de\/wp-content\/uploads\/2025\/01\/IMG_3122_900.jpg?fit=890%2C593&amp;ssl=1\" data-orig-size=\"890,593\" data-comments-opened=\"0\" data-image-meta=\"{&quot;aperture&quot;:&quot;5&quot;,&quot;credit&quot;:&quot;PAUL ESCHBACH&quot;,&quot;camera&quot;:&quot;Canon EOS Kiss X6i&quot;,&quot;caption&quot;:&quot;&quot;,&quot;created_timestamp&quot;:&quot;1515946435&quot;,&quot;copyright&quot;:&quot;(C) DELTA IMAGE&quot;,&quot;focal_length&quot;:&quot;10&quot;,&quot;iso&quot;:&quot;400&quot;,&quot;shutter_speed&quot;:&quot;0.25&quot;,&quot;title&quot;:&quot;&quot;,&quot;orientation&quot;:&quot;0&quot;}\" data-image-title=\"IMG_3122_900\" data-image-description=\"\" data-image-caption=\"\" data-large-file=\"https:\/\/i0.wp.com\/shop.deltaimage.de\/wp-content\/uploads\/2025\/01\/IMG_3122_900.jpg?fit=890%2C593&amp;ssl=1\" class=\"aligncenter size-full wp-image-3083\" src=\"https:\/\/i0.wp.com\/shop.deltaimage.de\/wp-content\/uploads\/2025\/01\/IMG_3122_900.jpg?resize=890%2C593&#038;ssl=1\" alt=\"\" width=\"890\" height=\"593\" srcset=\"https:\/\/i0.wp.com\/shop.deltaimage.de\/wp-content\/uploads\/2025\/01\/IMG_3122_900.jpg?w=890&amp;ssl=1 890w, https:\/\/i0.wp.com\/shop.deltaimage.de\/wp-content\/uploads\/2025\/01\/IMG_3122_900.jpg?resize=300%2C200&amp;ssl=1 300w, https:\/\/i0.wp.com\/shop.deltaimage.de\/wp-content\/uploads\/2025\/01\/IMG_3122_900.jpg?resize=768%2C512&amp;ssl=1 768w, https:\/\/i0.wp.com\/shop.deltaimage.de\/wp-content\/uploads\/2025\/01\/IMG_3122_900.jpg?resize=600%2C400&amp;ssl=1 600w, https:\/\/i0.wp.com\/shop.deltaimage.de\/wp-content\/uploads\/2025\/01\/IMG_3122_900.jpg?resize=200%2C133&amp;ssl=1 200w\" sizes=\"auto, (max-width: 890px) 100vw, 890px\" \/><\/p>\n<h2>Flugwerft Schlei\u00dfheim, OSVM e. V. und ihr Flamingo<\/h2>\n<p>Der <a href=\"https:\/\/www.osvm.net\/pages\/VEREIN.html\"><strong>Oldtimer Segelflug Verein M\u00fcnchen e. V. (OSVM)<\/strong><\/a> hat sich mit den Mitgliedern im Jahr 1994 das eigene Ziel gesetzt, einen originalgetreuen und flugf\u00e4higen <strong>Udet U12 &#8222;Flamingo&#8220;<\/strong> zu bauen und zu betreiben. Zehn Jahre sp\u00e4ter findet der Erstflug dieser Replika im Dezember 2004 in <strong>Oberpfaffenhofen<\/strong> statt. Die <strong>Flugwerft Schlei\u00dfheim<\/strong> hat seit dem Jahr 2006 auch wieder einen flugf\u00e4higen und vor allem originalgetreuen &#8222;<strong>Flamingo<\/strong>&#8220; mit einem historischen Originalmotor <strong>Siemens &amp; Halske SH 14 A-4.<\/strong> Die Flamingo-Version f\u00fcr den Kunstflug hat 160 PS und geh\u00f6rt der <strong>Messerschmitt Stiftung.<\/strong> Seit 2006 steht der <strong>Flamingo <\/strong>als Bestandteil der Ausstellung in der <a href=\"https:\/\/www.deutsches-museum.de\/flugwerft-schleissheim\"><strong>Flugwerft Schlei\u00dfheim im Deutschen Museum<\/strong><\/a>. Einhundert Jahre sp\u00e4ter fliegt der <strong>Schlei\u00dfheimer Flamingo<\/strong> zum Jubil\u00e4um des Erstfluges immer noch in Oberschlei\u00dfheim \u2013 dazu ist dieses Buch erschienen.<\/p>\n<p>Machen Sie sich selbst eine Freude mit diesem Buch. Unterst\u00fctzen Sie dabei die Flei\u00dfigen und die Willigen im <strong>Projekt &#8222;Flamingo&#8220;<\/strong> im <strong>OSVM e.V.<\/strong><\/p>\n<p><img data-recalc-dims=\"1\" loading=\"lazy\" decoding=\"async\" data-attachment-id=\"3084\" data-permalink=\"https:\/\/shop.deltaimage.de\/?attachment_id=3084#main\" data-orig-file=\"https:\/\/i0.wp.com\/shop.deltaimage.de\/wp-content\/uploads\/2025\/01\/IMG_3123_900.jpg?fit=890%2C593&amp;ssl=1\" data-orig-size=\"890,593\" data-comments-opened=\"0\" data-image-meta=\"{&quot;aperture&quot;:&quot;5&quot;,&quot;credit&quot;:&quot;PAUL ESCHBACH&quot;,&quot;camera&quot;:&quot;Canon EOS Kiss X6i&quot;,&quot;caption&quot;:&quot;&quot;,&quot;created_timestamp&quot;:&quot;1515946456&quot;,&quot;copyright&quot;:&quot;(C) DELTA IMAGE&quot;,&quot;focal_length&quot;:&quot;10&quot;,&quot;iso&quot;:&quot;400&quot;,&quot;shutter_speed&quot;:&quot;0.16666666666667&quot;,&quot;title&quot;:&quot;&quot;,&quot;orientation&quot;:&quot;0&quot;}\" data-image-title=\"IMG_3123_900\" data-image-description=\"\" data-image-caption=\"\" data-large-file=\"https:\/\/i0.wp.com\/shop.deltaimage.de\/wp-content\/uploads\/2025\/01\/IMG_3123_900.jpg?fit=890%2C593&amp;ssl=1\" class=\"aligncenter size-full wp-image-3084\" src=\"https:\/\/i0.wp.com\/shop.deltaimage.de\/wp-content\/uploads\/2025\/01\/IMG_3123_900.jpg?resize=890%2C593&#038;ssl=1\" alt=\"\" width=\"890\" height=\"593\" srcset=\"https:\/\/i0.wp.com\/shop.deltaimage.de\/wp-content\/uploads\/2025\/01\/IMG_3123_900.jpg?w=890&amp;ssl=1 890w, https:\/\/i0.wp.com\/shop.deltaimage.de\/wp-content\/uploads\/2025\/01\/IMG_3123_900.jpg?resize=300%2C200&amp;ssl=1 300w, https:\/\/i0.wp.com\/shop.deltaimage.de\/wp-content\/uploads\/2025\/01\/IMG_3123_900.jpg?resize=768%2C512&amp;ssl=1 768w, https:\/\/i0.wp.com\/shop.deltaimage.de\/wp-content\/uploads\/2025\/01\/IMG_3123_900.jpg?resize=600%2C400&amp;ssl=1 600w, https:\/\/i0.wp.com\/shop.deltaimage.de\/wp-content\/uploads\/2025\/01\/IMG_3123_900.jpg?resize=200%2C133&amp;ssl=1 200w\" sizes=\"auto, (max-width: 890px) 100vw, 890px\" \/><\/p>\n","protected":false},"excerpt":{"rendered":"<p>gebundene Ausgabe &#8211; Hardcover<br \/>\nFormat DIN A4 quer &#8211; 297 x 210 mm Seitenformat<br \/>\n128 Inhaltsseiten<br \/>\n4\/4c Farbdruck<\/p>\n<p>ISBN: 978-3-911461-07-8<\/p>\n","protected":false},"featured_media":3175,"template":"","meta":[],"product_brand":[806],"product_cat":[16,148,735,210,167],"product_tag":[764,792,761,793,758,763,765,760,790,791,762,759],"class_list":{"0":"post-3078","1":"product","2":"type-product","3":"status-publish","4":"has-post-thumbnail","6":"product_brand-delta-image-eigenverlag","7":"product_cat-buch","8":"product_cat-dachau-oberschleissheim","9":"product_cat-flugplatz-schleissheim","10":"product_cat-hardcover-gebundene-ausgabe","11":"product_cat-luftfahrt","12":"product_tag-100-jahre-erstflug","13":"product_tag-bayerische-flugzeughistoriker-e-v","14":"product_tag-bfw-udet-u12-flamingo","15":"product_tag-der-werftverein-e-v","16":"product_tag-ernst-udet","17":"product_tag-erstflug-1925","18":"product_tag-messerschmitt-stiftung","19":"product_tag-muenchen-ramersdorf","20":"product_tag-oldtimer-segelflugverein-muenchen-e-v","21":"product_tag-osvm-e-v","22":"product_tag-udet-flamingo","23":"product_tag-udet-flugzeugbau-gmbh","24":"product_shipping_class-paketversand-dhl-versichert","26":"first","27":"instock","28":"featured","29":"taxable","30":"shipping-taxable","31":"purchasable","32":"product-type-simple"},"jetpack_sharing_enabled":true,"_links":{"self":[{"href":"https:\/\/shop.deltaimage.de\/index.php?rest_route=\/wp\/v2\/product\/3078","targetHints":{"allow":["GET"]}}],"collection":[{"href":"https:\/\/shop.deltaimage.de\/index.php?rest_route=\/wp\/v2\/product"}],"about":[{"href":"https:\/\/shop.deltaimage.de\/index.php?rest_route=\/wp\/v2\/types\/product"}],"wp:featuredmedia":[{"embeddable":true,"href":"https:\/\/shop.deltaimage.de\/index.php?rest_route=\/wp\/v2\/media\/3175"}],"wp:attachment":[{"href":"https:\/\/shop.deltaimage.de\/index.php?rest_route=%2Fwp%2Fv2%2Fmedia&parent=3078"}],"wp:term":[{"taxonomy":"product_brand","embeddable":true,"href":"https:\/\/shop.deltaimage.de\/index.php?rest_route=%2Fwp%2Fv2%2Fproduct_brand&post=3078"},{"taxonomy":"product_cat","embeddable":true,"href":"https:\/\/shop.deltaimage.de\/index.php?rest_route=%2Fwp%2Fv2%2Fproduct_cat&post=3078"},{"taxonomy":"product_tag","embeddable":true,"href":"https:\/\/shop.deltaimage.de\/index.php?rest_route=%2Fwp%2Fv2%2Fproduct_tag&post=3078"}],"curies":[{"name":"wp","href":"https:\/\/api.w.org\/{rel}","templated":true}]}}