{"id":2814,"date":"2024-07-12T21:27:38","date_gmt":"2024-07-12T19:27:38","guid":{"rendered":"https:\/\/shop.deltaimage.de\/?post_type=product&#038;p=2814"},"modified":"2025-02-19T20:51:46","modified_gmt":"2025-02-19T19:51:46","slug":"josef-koller-die-bruno-h-schubert-wiese-beobachtungen-und-pflegemassnahmen-an-einer-streuwiese-an-der-amper-bei-dachau-neu","status":"publish","type":"product","link":"https:\/\/shop.deltaimage.de\/?product=josef-koller-die-bruno-h-schubert-wiese-beobachtungen-und-pflegemassnahmen-an-einer-streuwiese-an-der-amper-bei-dachau-neu","title":{"rendered":"Josef Koller: Die Bruno-H.-Schubert Wiese"},"content":{"rendered":"<p>Aus dem Klappentext des Bucheinschlages \u00fcbernommen:<\/p>\n<p><em>Josef Koller, dessen Namen zumindest im M\u00fcnchener Raum f\u00fcr naturverbundene Menschen ein Begriff ist, legt hier sein f\u00fcnftes Buch vor. Schon mit den vorausgegangenen Werken dokumentierte der Autor sein unausgesetztes und beharrliches Engagement f\u00fcr die Natur und den Naturschutz. diese B\u00e4nde behandelten ausgedehntere Landschaftsr\u00e4ume, w\u00e4hrend Josef Koller in seiner neuen Publikation einen anderen Weg beschreitet: Er gew\u00e4hrt anhand eines begrenzten Areals, der 7.450 Quadratmeter gro\u00dfen Bruno-H.-Schubert-Wiese, Einblicke in den Jahreslauf der Natur.<\/em><\/p>\n<p><em>Exemplarisch f\u00fcr jeden Monat wird eine Exkursion wiedergegeben, die der Autor morgens in dieses gebiet unternahm; zwei Monatskapitel sind um die Schilderung einer Abend- beziehungsweise Nachtwanderung erweitert.<\/em><\/p>\n<p><em>Die genauen Beschreibungen, welche Tiere zu sehen oder zu h\u00f6ren sind und in welchem Wachstumsstadium sich die verschiedenen Pflanzen befinden, sind nie eint\u00f6nig-akademisch, sondern in einem sehr pers\u00f6nlichen Ton abgefasst, der es dem Leser erlaubt, die Wahrnehmungen des Autors geistig mitzuerleben.<\/em><\/p>\n<p><em>Eindringlich und ohne R\u00fcckschl\u00e4ge zu verschweigen, berichtet Josef Koller auch von den zeitaufwendigen und arbeitsintensiven Aktionen, die er mit zahlreichen Helfern durchf\u00fchrte, um diesen Lebensraum zu erhalten, beziehungsweise den aufged\u00fcngten Teil der Wiese wieder in eine Magerwiese mit ihren spezifischen Lebewesen zur\u00fcck zu verwandeln. Die Auswertungen der \u00fcber die Jahre durchgef\u00fchrten Bestandsaufnahmen und die genaue Dokumentation aller Pflegema\u00dfnahmen und ihrer Folgen lassen den Verfasser zu einem erstaunlichen Ergebnis gelangen, das es f\u00fcr alle Natursch\u00fctzer zu beherzigen gilt:<\/em><\/p>\n<blockquote><p><em>Es gen\u00fcgt nicht, ein Biotop dem direkten Einfluss des Menschen &#8211; das hei\u00dft der landwirtschaftlichen Nutzung &#8211; zu entziehen und der Natur alles weitere zu \u00fcberlassen.<\/em><br \/>\n<em>Im Gegenteil: Man muss gezielte Ma\u00dfnahmen durchf\u00fchren, um ein artenreiches \u00d6kosystem zu bewahren oder in einer Entwicklung zu f\u00f6rdern.<\/em><\/p><\/blockquote>\n<p><em>\u00dcber 200 fast ausschlie\u00dflich farbige Fotografien halten den Jahreslauf auf der Bruno-H.-Schubert-wiese im Bild fest und geben dem Betrachter Gelegenheit, sich mit dem Autor \u00fcber die Pflanzenwelt und au\u00dfergew\u00f6hnliche Tierbeobachtungen zu freuen.<\/em><\/p>\n<p><em>Josef Koller 1994<\/em><\/p>\n<p>Die B\u00fccher sind Neu und originalverpackt.<\/p>\n","protected":false},"excerpt":{"rendered":"<p>gebundene Ausgabe (Hardcover)<\/p>\n<p>278 Seiten<br \/>\nEigenverlag <strong>Josef Koller<\/strong>, im Eigentum BUND Naturschutz &#8211; Kreisgruppe Dachau<br \/>\n1994<\/p>\n<ul>\n<li>B\u00fccher neu aus dem Nachlass von Josef Koller<\/li>\n<li>Alle B\u00fccher im Verkauf f\u00fcr BUND Naturschutz in Bayern e. V. &#8211; Kreisgruppe Dachau.<\/li>\n<li>Der Verkaufserl\u00f6s kommt zu 100% des Kreisgruppe Dachau und damit Naturschutz im Dachauer Moos zu Gute.<\/li>\n<\/ul>\n","protected":false},"featured_media":2815,"template":"","meta":[],"product_brand":[807],"product_cat":[109,16,691,210],"product_tag":[90,694,695,102,692,708,707],"class_list":{"0":"post-2814","1":"product","2":"type-product","3":"status-publish","4":"has-post-thumbnail","6":"product_brand-josef-koller-eigenverlag","7":"product_cat-angebote","8":"product_cat-buch","9":"product_cat-dachauer-moos","10":"product_cat-hardcover-gebundene-ausgabe","11":"product_tag-amper","12":"product_tag-amperaue","13":"product_tag-bruno-h-schubert-wiese","14":"product_tag-dachauer-moos","15":"product_tag-josef-koller","16":"product_tag-naturschutz","17":"product_tag-niedermoor-landschaft","18":"product_shipping_class-paketversand-dhl-versichert","20":"first","21":"instock","22":"taxable","23":"shipping-taxable","24":"purchasable","25":"product-type-simple"},"jetpack_sharing_enabled":true,"_links":{"self":[{"href":"https:\/\/shop.deltaimage.de\/index.php?rest_route=\/wp\/v2\/product\/2814","targetHints":{"allow":["GET"]}}],"collection":[{"href":"https:\/\/shop.deltaimage.de\/index.php?rest_route=\/wp\/v2\/product"}],"about":[{"href":"https:\/\/shop.deltaimage.de\/index.php?rest_route=\/wp\/v2\/types\/product"}],"wp:featuredmedia":[{"embeddable":true,"href":"https:\/\/shop.deltaimage.de\/index.php?rest_route=\/wp\/v2\/media\/2815"}],"wp:attachment":[{"href":"https:\/\/shop.deltaimage.de\/index.php?rest_route=%2Fwp%2Fv2%2Fmedia&parent=2814"}],"wp:term":[{"taxonomy":"product_brand","embeddable":true,"href":"https:\/\/shop.deltaimage.de\/index.php?rest_route=%2Fwp%2Fv2%2Fproduct_brand&post=2814"},{"taxonomy":"product_cat","embeddable":true,"href":"https:\/\/shop.deltaimage.de\/index.php?rest_route=%2Fwp%2Fv2%2Fproduct_cat&post=2814"},{"taxonomy":"product_tag","embeddable":true,"href":"https:\/\/shop.deltaimage.de\/index.php?rest_route=%2Fwp%2Fv2%2Fproduct_tag&post=2814"}],"curies":[{"name":"wp","href":"https:\/\/api.w.org\/{rel}","templated":true}]}}