{"id":216,"date":"2020-12-18T12:42:20","date_gmt":"2020-12-18T11:42:20","guid":{"rendered":"https:\/\/shop.deltaimage.de\/?post_type=product&#038;p=216"},"modified":"2025-01-07T11:10:36","modified_gmt":"2025-01-07T10:10:36","slug":"sonderausstellung-im-deutschen-museum-fallschirmspringen-die-suche-nach-dem-glueck","status":"publish","type":"product","link":"https:\/\/shop.deltaimage.de\/?product=sonderausstellung-im-deutschen-museum-fallschirmspringen-die-suche-nach-dem-glueck","title":{"rendered":"Fallschirmspringen \u2013 Die Suche nach dem Gl\u00fcck; Sonderausstellung im Deutschen Museum"},"content":{"rendered":"<p>Die Sonderausstellung im Deutschen Museum &#8211; Flugwerft Schlei\u00dfheim f\u00fchrt das Thema: Fallschirmspringen \u2013 Die Suche nach dem Gl\u00fcck.\u00a0Von einer spontanen Idee zu einer Sonderausstellung in der Flugwerft Schlei\u00dfheim.<\/p>\n<h2>Fallschirmspringen \u2013 Die Suche nach dem Gl\u00fcck<\/h2>\n<p>Eine spontane Idee f\u00fcr ein Wochenende \u2013 ein Fallschirmsprung Wochenende an einem Septembertag am Flugplatz Greiling zu fotografieren.<\/p>\n<p style=\"text-align: center;\"><a href=\"https:\/\/deltaimage.de\/wp\/?page_id=1894\"><strong>Hier geht\u2019s zur Sonderausstellung.<\/strong><\/a><\/p>\n<p>Die Ausstellung wird vom <strong>19. Mai bis 14. September<\/strong> im Hans Grade Saal zu sehen sein \u2013 f\u00fcr eine Sonderausstellung ist dies schon ungew\u00f6hnlich lang. Dies bedeutet, dass wir auch \u00fcber die ganzen Sommerferien und auch w\u00e4hrend des Fly-In zu sehen sind. An der Besucherstatistik aus 2013 gespiegelt, kommen in diesem Zeitraum ca. 40% der Besucher eines Jahres ins Museum.<\/p>\n<p>Eine Fotoausstellung, kombiniert mit einer Themenausstellung und spannenden Exponaten \u00fcber den Besuchern schwebend und anschlie\u00dfend auf faszinierenden Videos zu sehen \u2013 das sieht man auch in der Flugwerft nicht jeden Tag.<\/p>\n<ul>\n<li>Wir werden 34 Gro\u00dfformat Fotos von Euch zeigen \u2013 die Qualit\u00e4t der Abz\u00fcge sind fabelhaft geworden und werden in dem komplett in wei\u00df gehaltenen Saal eine wunderbare Wirkung erzielen.<\/li>\n<li>Die Fotos werden erg\u00e4nzt durch 19 Informationstafeln \u00fcber das Fallschirmspringen an sich, so dass jeder Besucher der Ausstellung auch ganz direkt f\u00fcr sich etwas \u00fcber den Fallschirmsport mit nimmt.<\/li>\n<li>Anschaulichkeit kommt ins Spiel mit mehreren Springerpuppen in kompletter Ausr\u00fcstung \u2013 \u00fcber den K\u00f6pfen der Besucher in Formation schwebend.<\/li>\n<li>Weitere Exponate erg\u00e4nzen das Bild genauso wie eine Ausstellung \u00fcber B\u00fccher, typische Absetzflugzeuge und Ausr\u00fcstungsgegenst\u00e4nde zum Fallschirmsport das Angebot.<\/li>\n<li>Auf einer Videowand werden mehrere Sprungvideos im Wechsel gezeigt.<\/li>\n<\/ul>\n<p><img loading=\"lazy\" decoding=\"async\" data-attachment-id=\"239\" data-permalink=\"https:\/\/shop.deltaimage.de\/?attachment_id=239#main\" data-orig-file=\"https:\/\/shop.deltaimage.de\/wp-content\/uploads\/2020\/12\/egv8jg4w.bmp\" data-orig-size=\"714,992\" data-comments-opened=\"1\" data-image-meta=\"{&quot;aperture&quot;:&quot;0&quot;,&quot;credit&quot;:&quot;&quot;,&quot;camera&quot;:&quot;&quot;,&quot;caption&quot;:&quot;&quot;,&quot;created_timestamp&quot;:&quot;0&quot;,&quot;copyright&quot;:&quot;&quot;,&quot;focal_length&quot;:&quot;0&quot;,&quot;iso&quot;:&quot;0&quot;,&quot;shutter_speed&quot;:&quot;0&quot;,&quot;title&quot;:&quot;&quot;,&quot;orientation&quot;:&quot;0&quot;}\" data-image-title=\"egv8jg4w\" data-image-description=\"\" data-image-caption=\"\" data-large-file=\"https:\/\/shop.deltaimage.de\/wp-content\/uploads\/2020\/12\/egv8jg4w.bmp\" class=\"size-full wp-image-239 aligncenter\" src=\"https:\/\/shop.deltaimage.de\/wp-content\/uploads\/2020\/12\/egv8jg4w.bmp\" alt=\"\" width=\"714\" height=\"992\" \/><\/p>\n<p>Zusammen mit Andreas Pirchmoser von <a href=\"http:\/\/www.foto-sessner.de\" target=\"_blank\" rel=\"noopener\">Foto Sessner aus Dachau<\/a> setzten wir die Idee mit einem mobilen Fotostudio direkt in der DZ (Drop Zone = Spungzone) um und setzten uns in den Kopf, die Fallschirmspringer direkt nach der Landung mit ihren bunten Schirmen und dem breiten Grinsen im Gesicht zu fotografieren \u2013 alles klappte bestens. In wenigen Monaten ist aus dieser Idee eine Sonderausstellung im Deutschen Museum in Oberschlei\u00dfheim entstanden.<\/p>\n<ul>\n<li>Fotoausstellung<\/li>\n<li>Themenausstellung<\/li>\n<li>Videos<\/li>\n<li>Modellbau<\/li>\n<\/ul>\n<p>Die Sonderausstellung k\u00f6nnen Sie auch virtuell von Zuhause aus besichtigen \u2013 <a title=\"Die Suche nach dem Gl\u00fcck \u2013 Sonderausstellung\" href=\"http:\/\/deltaimage.de\/wp\/?page_id=3713\">HIER<\/a>.<span id=\"more-3743\"><\/span><\/p>\n<p>&nbsp;<\/p>\n<p><img data-recalc-dims=\"1\" loading=\"lazy\" decoding=\"async\" data-attachment-id=\"238\" data-permalink=\"https:\/\/shop.deltaimage.de\/?attachment_id=238#main\" data-orig-file=\"https:\/\/i0.wp.com\/shop.deltaimage.de\/wp-content\/uploads\/2020\/12\/Wingsuit.jpg?fit=1784%2C989&amp;ssl=1\" data-orig-size=\"1784,989\" data-comments-opened=\"1\" data-image-meta=\"{&quot;aperture&quot;:&quot;0&quot;,&quot;credit&quot;:&quot;&quot;,&quot;camera&quot;:&quot;&quot;,&quot;caption&quot;:&quot;&quot;,&quot;created_timestamp&quot;:&quot;0&quot;,&quot;copyright&quot;:&quot;\\u00a9 www.DELTAIMAGE.de&quot;,&quot;focal_length&quot;:&quot;0&quot;,&quot;iso&quot;:&quot;0&quot;,&quot;shutter_speed&quot;:&quot;0&quot;,&quot;title&quot;:&quot;&quot;,&quot;orientation&quot;:&quot;0&quot;}\" data-image-title=\"Wingsuit\" data-image-description=\"\" data-image-caption=\"\" data-large-file=\"https:\/\/i0.wp.com\/shop.deltaimage.de\/wp-content\/uploads\/2020\/12\/Wingsuit.jpg?fit=890%2C494&amp;ssl=1\" class=\"size-full wp-image-238 aligncenter\" src=\"https:\/\/i0.wp.com\/shop.deltaimage.de\/wp-content\/uploads\/2020\/12\/Wingsuit.jpg?resize=890%2C493&#038;ssl=1\" alt=\"\" width=\"890\" height=\"493\" srcset=\"https:\/\/i0.wp.com\/shop.deltaimage.de\/wp-content\/uploads\/2020\/12\/Wingsuit.jpg?w=1784&amp;ssl=1 1784w, https:\/\/i0.wp.com\/shop.deltaimage.de\/wp-content\/uploads\/2020\/12\/Wingsuit.jpg?resize=300%2C166&amp;ssl=1 300w, https:\/\/i0.wp.com\/shop.deltaimage.de\/wp-content\/uploads\/2020\/12\/Wingsuit.jpg?resize=1024%2C568&amp;ssl=1 1024w, https:\/\/i0.wp.com\/shop.deltaimage.de\/wp-content\/uploads\/2020\/12\/Wingsuit.jpg?resize=768%2C426&amp;ssl=1 768w, https:\/\/i0.wp.com\/shop.deltaimage.de\/wp-content\/uploads\/2020\/12\/Wingsuit.jpg?resize=1536%2C852&amp;ssl=1 1536w, https:\/\/i0.wp.com\/shop.deltaimage.de\/wp-content\/uploads\/2020\/12\/Wingsuit.jpg?resize=722%2C400&amp;ssl=1 722w, https:\/\/i0.wp.com\/shop.deltaimage.de\/wp-content\/uploads\/2020\/12\/Wingsuit.jpg?resize=200%2C111&amp;ssl=1 200w\" sizes=\"auto, (max-width: 890px) 100vw, 890px\" \/><\/p>\n<p>&nbsp;<\/p>\n","protected":false},"excerpt":{"rendered":"<p>Gebundene Heftform<br \/>\nFormat 21 cm x\u00a030 cm (DIA A4 quer)<br \/>\n28 Farbseiten<br \/>\nZus\u00e4tzliche Grafiken und Hintergrundmaterial, \u00fcber die Ausstellung hinausgehend<\/p>\n","protected":false},"featured_media":217,"template":"","meta":[],"product_brand":[],"product_cat":[109,16,209],"product_tag":[59,107,106,58,108,35,105],"class_list":{"0":"post-216","1":"product","2":"type-product","3":"status-publish","4":"has-post-thumbnail","6":"product_cat-angebote","7":"product_cat-buch","8":"product_cat-softcover-taschenbuch","9":"product_tag-deutsches-museum","10":"product_tag-die-suche-nach-dem-glueck","11":"product_tag-fallchirmspringen","12":"product_tag-flugwerft-schleissheim","13":"product_tag-fotoausstellung","14":"product_tag-fotografie","15":"product_tag-sonderausstellung","16":"product_shipping_class-postversand","18":"first","19":"instock","20":"sale","21":"taxable","22":"shipping-taxable","23":"purchasable","24":"product-type-simple"},"jetpack_sharing_enabled":true,"_links":{"self":[{"href":"https:\/\/shop.deltaimage.de\/index.php?rest_route=\/wp\/v2\/product\/216","targetHints":{"allow":["GET"]}}],"collection":[{"href":"https:\/\/shop.deltaimage.de\/index.php?rest_route=\/wp\/v2\/product"}],"about":[{"href":"https:\/\/shop.deltaimage.de\/index.php?rest_route=\/wp\/v2\/types\/product"}],"wp:featuredmedia":[{"embeddable":true,"href":"https:\/\/shop.deltaimage.de\/index.php?rest_route=\/wp\/v2\/media\/217"}],"wp:attachment":[{"href":"https:\/\/shop.deltaimage.de\/index.php?rest_route=%2Fwp%2Fv2%2Fmedia&parent=216"}],"wp:term":[{"taxonomy":"product_brand","embeddable":true,"href":"https:\/\/shop.deltaimage.de\/index.php?rest_route=%2Fwp%2Fv2%2Fproduct_brand&post=216"},{"taxonomy":"product_cat","embeddable":true,"href":"https:\/\/shop.deltaimage.de\/index.php?rest_route=%2Fwp%2Fv2%2Fproduct_cat&post=216"},{"taxonomy":"product_tag","embeddable":true,"href":"https:\/\/shop.deltaimage.de\/index.php?rest_route=%2Fwp%2Fv2%2Fproduct_tag&post=216"}],"curies":[{"name":"wp","href":"https:\/\/api.w.org\/{rel}","templated":true}]}}