{"id":21,"date":"2020-12-17T15:12:20","date_gmt":"2020-12-17T14:12:20","guid":{"rendered":"https:\/\/shop.deltaimage.de\/?post_type=product&#038;p=21"},"modified":"2025-02-19T20:49:01","modified_gmt":"2025-02-19T19:49:01","slug":"test-buch","status":"publish","type":"product","link":"https:\/\/shop.deltaimage.de\/?product=test-buch","title":{"rendered":"Foto und Video mit dem Multicopter; Paul Eschbach"},"content":{"rendered":"<h2>Foto und Video mit der fliegenden Kamera<\/h2>\n<ul>\n<li>Umfangreicher praktischer Multicopter-Ratgeber zu technischen und rechtlichen Fragen speziell f\u00fcr Fotografen<\/li>\n<li>Tolle Beispielbilder aus den verschiedenen Einsatzgebieten der Multicopter-Foto- und Videografie<\/li>\n<li>Mit vielen Tricks eines Profis zu Motivwahl, sicherem Fliegen, Bildgestaltung, Filmen u.v.m.<\/li>\n<\/ul>\n<p>Beeindruckende Luftaufnahmen mithilfe eines Multicopters zu realisieren, ist f\u00fcr viele Fotografen und Technikbegeisterte eine neue Herausforderung. M\u00f6chten Sie sich diesem Thema konstruktiv n\u00e4hern, ohne in einem Labyrinth aus Vorschriften und Gesetzen den \u00dcberblick und somit den Spa\u00df zu verlieren?<\/p>\n<p>Der Multicopter-Experte Paul Eschbach nimmt Sie mit in luftige H\u00f6hen und erl\u00e4utert neben der Flug- und Aufnahmetechnik seine praxiserprobte Arbeitsweise anhand vieler Beispielbilder. Sie erhalten eine konkrete \u00dcbersicht \u00fcber die verschiedenen Multicopter-Typen, die Sie bei Ihrer Kaufentscheidung unterst\u00fctzen wird. Neben den Besonderheiten von Luftaufnahmen wie Einsch\u00e4tzung der Wetterlage, Entdecken ansprechender Landschaftsstrukturen oder Beachten von Hindernissen verr\u00e4t Ihnen Paul Eschbach unz\u00e4hlige Tipps zur Planung und Durchf\u00fchrung eines Kamera-Fluges. Rechtliche Fallstricke beim Multicopter-Einsatz kommen dabei ebenso ausf\u00fchrlich zur Sprache wie der Einsatz von Multicoptern f\u00fcr Videoaufnahmen.<\/p>\n","protected":false},"excerpt":{"rendered":"<p>Broschiert: 388 Seiten<br \/>\nVerlag: mitp Verlag; Auflage: 1., 2017 (5. Dezember 2016)<br \/>\nSoftcover<br \/>\nSprache: Deutsch<br \/>\nISBN-10: 3958455522<br \/>\nISBN-13: 978-3958455528<br \/>\nGr\u00f6\u00dfe und\/oder Gewicht: 17,4 x 2,2 x 24,1 cm<br \/>\nMehr Info zum Buch: <a href=\"https:\/\/mitp.de\/FOTOGRAFIE-GRAFIK\/Edition-ProfiFoto\/Foto-und-Video-mit-der-fliegenden-Kamera.html?listtype=search&amp;searchparam=Eschbach\" target=\"_blank\" rel=\"noopener noreferrer\">mitp Verlag<\/a><\/p>\n","protected":false},"featured_media":11,"template":"","meta":[],"product_brand":[806],"product_cat":[109,16,130],"product_tag":[103,35,38,76,75,104],"class_list":{"0":"post-21","1":"product","2":"type-product","3":"status-publish","4":"has-post-thumbnail","6":"product_brand-delta-image-eigenverlag","7":"product_cat-angebote","8":"product_cat-buch","9":"product_cat-unbemannte-luftfahrt","10":"product_tag-drohne","11":"product_tag-fotografie","12":"product_tag-paul-eschbach","13":"product_tag-uas","14":"product_tag-unbemannte-luftfahrt","15":"product_tag-video","16":"product_shipping_class-paketversand-dhl-versichert","18":"first","19":"instock","20":"sale","21":"taxable","22":"shipping-taxable","23":"purchasable","24":"product-type-simple"},"jetpack_sharing_enabled":true,"_links":{"self":[{"href":"https:\/\/shop.deltaimage.de\/index.php?rest_route=\/wp\/v2\/product\/21","targetHints":{"allow":["GET"]}}],"collection":[{"href":"https:\/\/shop.deltaimage.de\/index.php?rest_route=\/wp\/v2\/product"}],"about":[{"href":"https:\/\/shop.deltaimage.de\/index.php?rest_route=\/wp\/v2\/types\/product"}],"wp:featuredmedia":[{"embeddable":true,"href":"https:\/\/shop.deltaimage.de\/index.php?rest_route=\/wp\/v2\/media\/11"}],"wp:attachment":[{"href":"https:\/\/shop.deltaimage.de\/index.php?rest_route=%2Fwp%2Fv2%2Fmedia&parent=21"}],"wp:term":[{"taxonomy":"product_brand","embeddable":true,"href":"https:\/\/shop.deltaimage.de\/index.php?rest_route=%2Fwp%2Fv2%2Fproduct_brand&post=21"},{"taxonomy":"product_cat","embeddable":true,"href":"https:\/\/shop.deltaimage.de\/index.php?rest_route=%2Fwp%2Fv2%2Fproduct_cat&post=21"},{"taxonomy":"product_tag","embeddable":true,"href":"https:\/\/shop.deltaimage.de\/index.php?rest_route=%2Fwp%2Fv2%2Fproduct_tag&post=21"}],"curies":[{"name":"wp","href":"https:\/\/api.w.org\/{rel}","templated":true}]}}