{"id":1929,"date":"2023-12-31T10:36:01","date_gmt":"2023-12-31T09:36:01","guid":{"rendered":"https:\/\/shop.deltaimage.de\/?post_type=product&#038;p=1929"},"modified":"2025-02-19T20:38:18","modified_gmt":"2025-02-19T19:38:18","slug":"hubert-bauer-falkner-1962-2023-erinnerungsbuch","status":"publish","type":"product","link":"https:\/\/shop.deltaimage.de\/?product=hubert-bauer-falkner-1962-2023-erinnerungsbuch","title":{"rendered":"Hubert Bauer-Falkner (1962 &#8211; 2023) &#8211; Erinnerungsbuch"},"content":{"rendered":"<p>Ein fotografisches Erinnerungsbuch \u00fcber Hubi (<strong><a href=\"https:\/\/bayerwaldteam.eu\/bayerwaldteam\/hubert-bauer-falkner\/\">Hubert Bauer-Falkner<\/a> 1962 &#8211; 2023<\/strong>), meinem Fotografie- und Erlebnis-Partner im <strong><a href=\"https:\/\/bayerwaldteam.eu\">BAYERWALDTEAM<\/a><\/strong>, \u00fcber 38 Jahre (1985 &#8211; 2023).<\/p>\n<p style=\"text-align: center;\"><em>\u201eDer Mensch ist erst wirklich tot, wenn niemand mehr an ihn denkt.\u201c (Bertolt Brecht)<\/em><\/p>\n<p>Es ist nicht allt\u00e4glich, dass ein Mensch \u00fcber 38 Jahre &#8211; mit Unterbrechungen, auch fotografisch begleitet wird. Die Kamera hat \u00fcber diese Zeit immer wieder das Zusammensein mit Freunden, mit der Familie, in der Natur festgehalten und f\u00fcr die Ewigkeit bewahrt. Momente des Gl\u00fcckes, Augenblicke der Anstrengung, aber auch Zeiten der Freude \u00fcber das Sch\u00f6ne im Leben. Aus diesen Momenten, wird ein Aspekt eines Lebens, als Erinnerung an einen geliebten Menschen behandelt.\u00a0In der Trauer muss jeder Mensch seinen eigenen Weg finden damit umzugehen. Dabei hilft es meist, dem verstorbenen Menschen, einen eigenen Platz im Herzen und in einer eigenen und aktiver Erinnerung zu behalten. So will dieses Erinnerungsbuch, mit \u00fcber 300 Bildern, eine M\u00f6glichkeit des Erinnerns, aus dem Blickwinkel der Kamera, sein. Das ist kein vollst\u00e4ndiges Abbild dessen was <strong><a href=\"https:\/\/bayerwaldteam.eu\/bayerwaldteam\/hubert-bauer-falkner\/\">Hubi<\/a> <\/strong>ausgemacht hat, aber sicher ein nicht ganz unbedeutendes St\u00fcck aus seinem Leben. Es soll etwas dableiben, auch wenn vieles fortgegangen ist, die Erinnerung an Freude, an Gl\u00fcck, an Freundschaft und das Leben an sich &#8211; lebendig halten.<\/p>\n<p>Die fotografische Kamera hat den Zeitraum 1990 bis 2023 aus den gemeinsamen Erlebnissen im <strong>Bayerischen Wald<\/strong> und im <strong>B\u00f6hmerwald<\/strong> festgehalten &#8211; 33 Jahren aus 38 Jahren unseres Kennens.<\/p>\n","protected":false},"excerpt":{"rendered":"<p>DELTA IMAGE Eigenverlag<br \/>\neine Marke der DELTA ADVICE GmbH<\/p>\n<p>Buch gebunden, Hardcover<br \/>\nmit Fadenheftung, Kapitelband und Lesezeichenband<\/p>\n<p>312 Seiten, farbig<br \/>\nca. 300 Bilder<\/p>\n<p>alle Bilder: Paul Eschbach und Hubert Bauer-Falkner<\/p>\n<p>begrenzte Auflage, solange verf\u00fcgbar<\/p>\n","protected":false},"featured_media":1930,"template":"","meta":[],"product_brand":[806],"product_cat":[16,210],"product_tag":[484,418,417,416,415,38],"class_list":{"0":"post-1929","1":"product","2":"type-product","3":"status-publish","4":"has-post-thumbnail","6":"product_brand-delta-image-eigenverlag","7":"product_cat-buch","8":"product_cat-hardcover-gebundene-ausgabe","9":"product_tag-bayerischer-wald","10":"product_tag-bayerwaldteam","11":"product_tag-erinnerungsbuch","12":"product_tag-hubert-bauer-falkner","13":"product_tag-hubi","14":"product_tag-paul-eschbach","15":"product_shipping_class-postversand","17":"first","18":"instock","19":"taxable","20":"shipping-taxable","21":"purchasable","22":"product-type-simple"},"jetpack_sharing_enabled":true,"_links":{"self":[{"href":"https:\/\/shop.deltaimage.de\/index.php?rest_route=\/wp\/v2\/product\/1929","targetHints":{"allow":["GET"]}}],"collection":[{"href":"https:\/\/shop.deltaimage.de\/index.php?rest_route=\/wp\/v2\/product"}],"about":[{"href":"https:\/\/shop.deltaimage.de\/index.php?rest_route=\/wp\/v2\/types\/product"}],"wp:featuredmedia":[{"embeddable":true,"href":"https:\/\/shop.deltaimage.de\/index.php?rest_route=\/wp\/v2\/media\/1930"}],"wp:attachment":[{"href":"https:\/\/shop.deltaimage.de\/index.php?rest_route=%2Fwp%2Fv2%2Fmedia&parent=1929"}],"wp:term":[{"taxonomy":"product_brand","embeddable":true,"href":"https:\/\/shop.deltaimage.de\/index.php?rest_route=%2Fwp%2Fv2%2Fproduct_brand&post=1929"},{"taxonomy":"product_cat","embeddable":true,"href":"https:\/\/shop.deltaimage.de\/index.php?rest_route=%2Fwp%2Fv2%2Fproduct_cat&post=1929"},{"taxonomy":"product_tag","embeddable":true,"href":"https:\/\/shop.deltaimage.de\/index.php?rest_route=%2Fwp%2Fv2%2Fproduct_tag&post=1929"}],"curies":[{"name":"wp","href":"https:\/\/api.w.org\/{rel}","templated":true}]}}