{"id":19,"date":"2020-12-17T15:00:11","date_gmt":"2020-12-17T14:00:11","guid":{"rendered":"https:\/\/shop.deltaimage.de\/?post_type=product&#038;p=19"},"modified":"2026-01-30T16:27:27","modified_gmt":"2026-01-30T15:27:27","slug":"19","status":"publish","type":"product","link":"https:\/\/shop.deltaimage.de\/?product=19","title":{"rendered":"Dachau, Schlei\u00dfheim und das barocke Kanalsystem in der M\u00fcnchener Schotterebene"},"content":{"rendered":"<p>Folgen Sie uns in den kulturhistorischen Streifz\u00fcgen an dem Dachau Schlei\u00dfheimer Kanalsystem auf der Schotterebene im Norden von M\u00fcnchen als Wanderf\u00fchrer zum selbst Erleben und selbst Erkunden. Das <strong>\u201eDachau \u2013 Schlei\u00dfheimer Kanalsystem aus dem 16. und 17. Jahrhundert\u201c<\/strong> ist ein Technikbauwerk von Europ\u00e4ischem Rang. \u00dcber das hier behandelte Dachau \u2013 Schlei\u00dfheimer Kanalsystem hinaus, gibt es auch ein Kanalsystem von der W\u00fcrm nach Schloss Nymphenburg. Es verl\u00e4uft \u00fcber das Olympia Gel\u00e4nde bis nach Schwabing. Dieses Kanalsystem wird in diesem B\u00fcchlein ausgespart.<\/p>\n<p>Als Erweiterung zu den Flugplatz Wanderf\u00fchrern am \u00e4ltesten Flugplatz in Bayern, sind drei Wanderf\u00fchrer in Buchform im selben Format bei uns erschienen (<a href=\"https:\/\/shop.deltaimage.de\/?product=luftfahrt-historische-flugplatzwanderung-schleissheim-teil-1\"><strong>Teil 1<\/strong><\/a>, <strong><a href=\"https:\/\/shop.deltaimage.de\/?product=schleissheim-der-aelteste-flugplatz-in-bayern-teil-2-sued-route-west-route\">Teil 2<\/a><\/strong>, <strong><a href=\"https:\/\/shop.deltaimage.de\/?product=17\">Teil 3<\/a><\/strong>).<\/p>\n<p>&nbsp;<\/p>\n<h2>Das barocke Kanalsystem Max Emanuels in Schlei\u00dfheim<\/h2>\n<p>Die M\u00fcnchener Schotterebene ist eine flache, weite und relativ trockene Landschaft in Norden von M\u00fcnchen und geht an den Randbereichen in das Dachauer Moos und die Heidefl\u00e4chen \u00fcber.<\/p>\n<p>Bis zum 19. Jahrhundert war die Landschaft durch das ausgedehnte Moos mit unwirklichen und tiefgr\u00fcndigen Moosgebieten gekennzeichnet. Die Schotterebene, das Moos und die Heide waren karge Landschaften, wenige Menschen ern\u00e4hrten sich schlecht und recht von dieser Landschaft. Diese Gegend hatte eines gen\u00fcgend und im \u00dcberfluss \u2013 Wasser, Feuchtigkeit und Nebel.<\/p>\n<p>Die Isar, die Amper und die W\u00fcrm durchziehen als gr\u00f6\u00dfere Fl\u00fcsse diese Gegend zwischen Dachau und Freising.<\/p>\n<p>Die bayerischen Herrscher, die Wittelsbacher, nahmen sich seit 1590 dieser einsamen und leeren Gegend an und verwirklichten hier ihren Traum von absolutistischen Bauwerken in der Hochbl\u00fcte von Bayern und des Zeitalters des Barocks. Das gesamte Kanalsystem besteht aus Nutz- und Zierkan\u00e4len von bis zu 60 km L\u00e4nge. Menschenkraft baute es in die karge Landschaft. Die Macht und die Pracht des Herrschergeschlechtes wurde einem \u00e4u\u00dferen Ausdruck gegeben.<\/p>\n<p>Heute wird der Norden von M\u00fcnchen immer noch durch diese technologische Meisterleistung aus dem ausgehenden 16. und 17. Jahrhundert geziert. Das hier beschriebene Dachau Schlei\u00dfheimer Kanalsystem ist in Mitteleuropa ohne Vergleich. K\u00fcrzere Kanalabschnitte in Dachau sind ohne Wasser und manche Alleen und barocke Sichtachsen sind teilweise zugewachsen. Das System von Kan\u00e4len und Blickachsen bestimmt bis heute das Bild dieser herrschaftlichen die Landschaft n\u00f6rdlich von M\u00fcnchen.<\/p>\n<p>Das Dachau-Schlei\u00dfheimer Kanalsystem steht nicht isoliert in der Landschaft. Ein weit verzweigtes Bachsystem erg\u00e4nzt die Kanalachsen. Die Wasser werden herangef\u00fchrt und auch wieder abgeleitet. Dazwischen wurde das Wasser der W\u00fcrm und der Isar f\u00fcr die Wirtschaftsbetriebe im der Schwaige, dem Transport von Baumaterialen und Lasten, sowie den Lustfahrten der h\u00f6fischen Gesellschaft genutzt.<\/p>\n<p>&nbsp;<\/p>\n<h2>Luftbilder zum Schlei\u00dfheimer Kanalsystem im Buch<\/h2>\n<p>Einen Kanal ebenerdig zu fotografieren ist nicht besonders spannend. In dem B\u00fcchlein finden sich unz\u00e4hlige Luftaufnahmen, um die Wirkung der Bauwerke aus der Luft sehen und Staunen zu k\u00f6nnen. Eine Ansicht, welche selbst der Kurf\u00fcrst oder K\u00f6nig niemals genie\u00dfen konnte \u2013 alles musste in der Phantasie dem g\u00f6ttlichen Plan gehorchen. Wir k\u00f6nnen nachschauen ob das auch wirklich umgesetzt werden konnte. Es konnte \u2013 soviel kann ich schon verraten.<\/p>\n<p>&nbsp;<\/p>\n<h2>Auszug aus dem Buch<\/h2>\n<div class=\"su-row\"><div class=\"su-column su-column-size-1-3\"><div class=\"su-column-inner su-u-clearfix su-u-trim\"><\/p>\n<p><\/div><\/div> <div class=\"su-column su-column-size-2-3\"><div class=\"su-column-inner su-u-clearfix su-u-trim\"><a href=\"https:\/\/shop.deltaimage.de\/wp-content\/uploads\/2020\/12\/Buch-4_Auszug.pdf\" class=\"pdfemb-viewer\" style=\"\" data-width=\"max\" data-height=\"max\" data-toolbar=\"bottom\" data-toolbar-fixed=\"off\">Buch 4_Auszug<\/a><\/p>\n<p><\/div><\/div> <\/div>\n","protected":false},"excerpt":{"rendered":"<p>Autor: Paul Eschbach<br \/>\nDELTA IMAGE Eigenverlag<\/p>\n<p>Format DIN A5<br \/>\n120 Seiten<br \/>\nSoftcover<\/p>\n<p>2 Touren<br \/>\n30 Wanderziele<br \/>\n117 Farb- und Luftbilder<\/p>\n","protected":false},"featured_media":13,"template":"","meta":[],"product_brand":[806],"product_cat":[381,378,377,16,148,191,209],"product_tag":[90,97,86,36,102,88,87,85,98,92,94,89,96,95,93,52,100,54,101,99,91],"class_list":{"0":"post-19","1":"product","2":"type-product","3":"status-publish","4":"has-post-thumbnail","6":"product_brand-delta-image-eigenverlag","7":"product_cat-16-jahrhundert","8":"product_cat-17-jahrhundert","9":"product_cat-18-jahrhundert","10":"product_cat-buch","11":"product_cat-dachau-oberschleissheim","12":"product_cat-flugwerft-shop","13":"product_cat-softcover-taschenbuch","14":"product_tag-amper","15":"product_tag-bayern","16":"product_tag-bergkirchen","17":"product_tag-dachau","18":"product_tag-dachauer-moos","19":"product_tag-feldmoching","20":"product_tag-guending","21":"product_tag-haimhausen","22":"product_tag-hofgut","23":"product_tag-isar","24":"product_tag-kanalsystem","25":"product_tag-karlsfeld","26":"product_tag-koenig","27":"product_tag-kurfuerst","28":"product_tag-muenchen","29":"product_tag-oberschleissheim","30":"product_tag-remonte-depot","31":"product_tag-schleissheim","32":"product_tag-schotterebene","33":"product_tag-schwaige","34":"product_tag-wuerm","36":"first","37":"instock","38":"taxable","39":"shipping-taxable","40":"purchasable","41":"product-type-simple"},"jetpack_sharing_enabled":true,"tiered_pricing_type":"fixed","tiered_pricing_fixed_rules":[],"tiered_pricing_product_settings":{"layout":"default","base_unit_name":{"singular":null,"plural":null},"default_variation":null},"tiered_pricing_minimum_quantity":null,"tiered_pricing_roles_data":[],"tiered_pricing_percentage_rules":[],"post_mailing_queue_ids":[],"_links":{"self":[{"href":"https:\/\/shop.deltaimage.de\/index.php?rest_route=\/wp\/v2\/product\/19","targetHints":{"allow":["GET"]}}],"collection":[{"href":"https:\/\/shop.deltaimage.de\/index.php?rest_route=\/wp\/v2\/product"}],"about":[{"href":"https:\/\/shop.deltaimage.de\/index.php?rest_route=\/wp\/v2\/types\/product"}],"wp:featuredmedia":[{"embeddable":true,"href":"https:\/\/shop.deltaimage.de\/index.php?rest_route=\/wp\/v2\/media\/13"}],"wp:attachment":[{"href":"https:\/\/shop.deltaimage.de\/index.php?rest_route=%2Fwp%2Fv2%2Fmedia&parent=19"}],"wp:term":[{"taxonomy":"product_brand","embeddable":true,"href":"https:\/\/shop.deltaimage.de\/index.php?rest_route=%2Fwp%2Fv2%2Fproduct_brand&post=19"},{"taxonomy":"product_cat","embeddable":true,"href":"https:\/\/shop.deltaimage.de\/index.php?rest_route=%2Fwp%2Fv2%2Fproduct_cat&post=19"},{"taxonomy":"product_tag","embeddable":true,"href":"https:\/\/shop.deltaimage.de\/index.php?rest_route=%2Fwp%2Fv2%2Fproduct_tag&post=19"}],"curies":[{"name":"wp","href":"https:\/\/api.w.org\/{rel}","templated":true}]}}