{"id":1866,"date":"2023-12-07T14:21:53","date_gmt":"2023-12-07T13:21:53","guid":{"rendered":"https:\/\/shop.deltaimage.de\/?post_type=product&#038;p=1866"},"modified":"2026-01-26T17:16:19","modified_gmt":"2026-01-26T16:16:19","slug":"soldaten-des-dreissigjaehrigen-krieges-der-musketier","status":"publish","type":"product","link":"https:\/\/shop.deltaimage.de\/?product=soldaten-des-dreissigjaehrigen-krieges-der-musketier","title":{"rendered":"Soldaten des Dreissigj\u00e4hrigen Krieges &#8211; Der Musketier &#8211; Band 2"},"content":{"rendered":"<h1>Katalog des Bayerischen Armeemuseum Nr. 24.2<\/h1>\n<p>Der Umschlagstext zum Buch:<\/p>\n<p>Die <strong>Musketiere<\/strong> waren der Teil der <strong>Infanterie<\/strong> des <strong>Drei\u00dfigj\u00e4hrigen Krieges<\/strong>, der das Feuergefecht auf gr\u00f6\u00dfere Distanz mit <strong>Handfeuerwaffen<\/strong> f\u00fchrte. Der Anteil der <strong>Musketiere<\/strong> an den <strong>Infanterieformationen<\/strong> betrug um 1630 ungef\u00e4hr zwei Drittel. Ihre \u00fcbliche Waffe war die solide und relativ einfach zu bedienende <strong>Luntenschlossmuskete<\/strong>, ein glattl\u00e4ufiges <strong>Infanteriegewehr<\/strong>, das wegen seines Gewichts meistens auf eine St\u00fctzgabel aufgelegt wurde. In der Schlacht waren sie auf den Schutz und R\u00fcckhalt der in fester Formation stehenden <strong>Pikeniere<\/strong> mit ihren <strong>Langspie\u00dfen<\/strong> angewiesen.<br \/>\nDer Historiker <strong>Marcus Junkelmann<\/strong> beschreibt und erkl\u00e4rt in Text und Bild, wie die Soldaten des <strong>Drei\u00dfigj\u00e4hrigen Krieges<\/strong> k\u00e4mpften und wie ihre Ausr\u00fcstung und Bewaffnung beschaffen war. Er verbindet historische Quellen mit der Untersuchung von Originalwaffen und den Erkenntnissen aus der experimentellen Erprobung von Waffenwirkungen und Fechtweisen. So bietet dieses Buch ein umfassendes Bild mit neuen und \u00fcberraschenden Erkenntnissen.<br \/>\nAls Erg\u00e4nzung zum Ausstellungskatalog \u201e<strong>Formen des Krieges<\/strong>\u201c wendet es sich an alle interessierten Besucher (sic!) des <strong>Bayerischen Armeemuseums<\/strong>, aber auch an Historiker und Reenactors dieser Epoche.<\/p>\n<p>&nbsp;<\/p>\n<h2>Mehr zu Dr. Marcus Junkelmann<\/h2>\n<p>Mehr Informationen zum Historiker und Experimentalarch\u00e4ologen <strong>Dr. Marcus Junkelmann<\/strong> sind in den Beitr\u00e4gen auf <a href=\"https:\/\/deltaimage.de\/wp\"><strong>DELTA IMAGE<\/strong> <\/a>und einer eigenen Webseite <a href=\"https:\/\/geschichtealsfest.de\"><strong>Geschichte als Fest<\/strong><\/a> zu entdecken.<\/p>\n","protected":false},"excerpt":{"rendered":"<p>Dr. Marcus Junkelmann, Historiker, Experimentalarch\u00e4ologe und Buchautor<br \/>\nHerausgeber: Bayerisches Armeemuseum Ingolstadt<\/p>\n<p>\u00a9 2023 by Verlag Ph.C.W. Schmidt<br \/>\nNeustadt an der Aisch<\/p>\n<p>Alle Rechte vorbehalten<br \/>\n<a href=\"http:\/\/www.verlagsdruckerei-schmidt.de\">www.verlagsdruckerei-schmidt.de<\/a><br \/>\nSatz: www.i-maerz.de, Oberschlei\u00dfheim<br \/>\nUmschlaggestaltung: Irene M\u00e4rz nach einer Idee von Marcus Junkelmann in Anlehnung an den Katalog Formen des Krieges, Bayerisches Armeemuseum, Ingolstadt.<br \/>\n<strong>Umschlagfoto und Fotos: Paul Eschbach <a href=\"http:\/\/www.deltaimage.de\">www.deltaimage.de<\/a><\/strong><br \/>\nHintergrundbild nach Wallhausen Kriegskunst zu Fu\u00df, Tafeln C und D.<br \/>\nLektorat: Daniel Hohrath<\/p>\n<p>ISBN: 978-3-87707-304-9<br \/>\nUmfang: ca. 60 Seiten mit zahlreichen Abbildungen (auch von DELTA IMAGE):<br \/>\nBuchformat: 17 x 24 cm, broschiert<\/p>\n<p>01. Auflage: Dezember 2023<\/p>\n","protected":false},"featured_media":1867,"template":"","meta":[],"product_brand":[],"product_cat":[381,378,16,736,375],"product_tag":[382,189,383,387,384],"class_list":{"0":"post-1866","1":"product","2":"type-product","3":"status-publish","4":"has-post-thumbnail","6":"product_cat-16-jahrhundert","7":"product_cat-17-jahrhundert","8":"product_cat-buch","9":"product_cat-dr-marcus-junkelmann","10":"product_cat-geschichte","11":"product_tag-bayerisches-armeemuseum","12":"product_tag-dr-marcus-junkelmann","13":"product_tag-militaergeschichte","14":"product_tag-musketier","15":"product_tag-soldaten","17":"first","18":"instock","19":"taxable","20":"shipping-taxable","21":"purchasable","22":"product-type-simple"},"jetpack_sharing_enabled":true,"_links":{"self":[{"href":"https:\/\/shop.deltaimage.de\/index.php?rest_route=\/wp\/v2\/product\/1866","targetHints":{"allow":["GET"]}}],"collection":[{"href":"https:\/\/shop.deltaimage.de\/index.php?rest_route=\/wp\/v2\/product"}],"about":[{"href":"https:\/\/shop.deltaimage.de\/index.php?rest_route=\/wp\/v2\/types\/product"}],"wp:featuredmedia":[{"embeddable":true,"href":"https:\/\/shop.deltaimage.de\/index.php?rest_route=\/wp\/v2\/media\/1867"}],"wp:attachment":[{"href":"https:\/\/shop.deltaimage.de\/index.php?rest_route=%2Fwp%2Fv2%2Fmedia&parent=1866"}],"wp:term":[{"taxonomy":"product_brand","embeddable":true,"href":"https:\/\/shop.deltaimage.de\/index.php?rest_route=%2Fwp%2Fv2%2Fproduct_brand&post=1866"},{"taxonomy":"product_cat","embeddable":true,"href":"https:\/\/shop.deltaimage.de\/index.php?rest_route=%2Fwp%2Fv2%2Fproduct_cat&post=1866"},{"taxonomy":"product_tag","embeddable":true,"href":"https:\/\/shop.deltaimage.de\/index.php?rest_route=%2Fwp%2Fv2%2Fproduct_tag&post=1866"}],"curies":[{"name":"wp","href":"https:\/\/api.w.org\/{rel}","templated":true}]}}