{"id":185,"date":"2020-12-17T21:03:23","date_gmt":"2020-12-17T20:03:23","guid":{"rendered":"https:\/\/shop.deltaimage.de\/?post_type=product&#038;p=185"},"modified":"2023-12-07T18:28:44","modified_gmt":"2023-12-07T17:28:44","slug":"buch-2","status":"publish","type":"product","link":"https:\/\/shop.deltaimage.de\/?product=buch-2","title":{"rendered":"Drohnen &#8211; UAS; Pr\u00fcfungsorganisation f\u00fcr die Unbemannte Luftfahrt"},"content":{"rendered":"<p>Die Drohnen UAS Pr\u00fcfungsorganisation in der Unbemannten Luftfahrt f\u00fchrt schrittweise zum erforderlichen Wissen als Fernpilot.<\/p>\n<blockquote>\n<pre>\u201cReden ist gut, mitnehmen ist besser!\u201d\r\nPaul Eschbach und Uwe Nortmann<\/pre>\n<\/blockquote>\n<p>Eine wunderbare \u00dcbersicht und eine thematische Einarbeitung f\u00fcr den beginnenden UAS Piloten (Drohnenpilot) haben die beiden Autoren Paul Eschbach und Uwe Nortmann in einem keinen Buch zusammen geschrieben.<\/p>\n<blockquote>\n<pre>\u201cDie AERO ist eine Publikumsmesse und wir sprechen gezielt die Endkunden, \r\nalso die Pilotenaspiranten unter den Besuchern an.\u201d\r\nPaul Eschbach<\/pre>\n<\/blockquote>\n<h2 class=\"fusion-responsive-typography-calculated\" data-fontsize=\"21\" data-lineheight=\"27.3px\">Drohnen \u2013 UAS; Regelwerk \u2013 Ausbildung \u2013 Pr\u00fcfung<\/h2>\n","protected":false},"excerpt":{"rendered":"<p>Format DIN A5<br \/>\n72 Seiten sw<br \/>\nSoftcover<br \/>\nAutoren: Paul Eschbach und Uwe Nortmann<br \/>\nVerlag: Eigenverlag UAVDACH-Services UG<br \/>\nBezugsm\u00f6glichkeit: per eMail an UAVDACH-Services UG (info@uas-office.de)<br \/>\nSchutzgeb\u00fchr<br \/>\nHerausgabejahr 2018<\/p>\n","protected":false},"featured_media":186,"template":"","meta":[],"product_brand":[],"product_cat":[194],"product_tag":[77,38,76,81,82],"class_list":{"0":"post-185","1":"product","2":"type-product","3":"status-publish","4":"has-post-thumbnail","6":"product_cat-nicht-mehr-im-programm","7":"product_tag-drohnen","8":"product_tag-paul-eschbach","9":"product_tag-uas","10":"product_tag-uavdach-services-ug","11":"product_tag-uwe-nortmann","13":"first","14":"outofstock","15":"taxable","16":"shipping-taxable","17":"purchasable","18":"product-type-simple"},"jetpack_sharing_enabled":true,"_links":{"self":[{"href":"https:\/\/shop.deltaimage.de\/index.php?rest_route=\/wp\/v2\/product\/185","targetHints":{"allow":["GET"]}}],"collection":[{"href":"https:\/\/shop.deltaimage.de\/index.php?rest_route=\/wp\/v2\/product"}],"about":[{"href":"https:\/\/shop.deltaimage.de\/index.php?rest_route=\/wp\/v2\/types\/product"}],"wp:featuredmedia":[{"embeddable":true,"href":"https:\/\/shop.deltaimage.de\/index.php?rest_route=\/wp\/v2\/media\/186"}],"wp:attachment":[{"href":"https:\/\/shop.deltaimage.de\/index.php?rest_route=%2Fwp%2Fv2%2Fmedia&parent=185"}],"wp:term":[{"taxonomy":"product_brand","embeddable":true,"href":"https:\/\/shop.deltaimage.de\/index.php?rest_route=%2Fwp%2Fv2%2Fproduct_brand&post=185"},{"taxonomy":"product_cat","embeddable":true,"href":"https:\/\/shop.deltaimage.de\/index.php?rest_route=%2Fwp%2Fv2%2Fproduct_cat&post=185"},{"taxonomy":"product_tag","embeddable":true,"href":"https:\/\/shop.deltaimage.de\/index.php?rest_route=%2Fwp%2Fv2%2Fproduct_tag&post=185"}],"curies":[{"name":"wp","href":"https:\/\/api.w.org\/{rel}","templated":true}]}}