{"id":1844,"date":"2023-11-21T19:39:24","date_gmt":"2023-11-21T18:39:24","guid":{"rendered":"https:\/\/shop.deltaimage.de\/?post_type=product&#038;p=1844"},"modified":"2024-01-27T19:52:50","modified_gmt":"2024-01-27T18:52:50","slug":"wandbildhalter-4er-satz-sichtbar","status":"publish","type":"product","link":"https:\/\/shop.deltaimage.de\/?product=wandbildhalter-4er-satz-sichtbar","title":{"rendered":"Wandbildhalter (4er-Satz) sichtbar"},"content":{"rendered":"<p>&nbsp;<\/p>\n<p>Wandhalter f\u00fcr Spiegel und Wandbilder mit sichtbarer und formsch\u00f6nen Befestigung kann bis zu 5 kg tragen.<\/p>\n<p>F\u00fcr das sichere und stabile Anbringen von Wandbildern (<strong>Acryl-Glas und<\/strong>\u00a0<strong>Alu-Dibond <\/strong>) eignen sich im besonderen Ma\u00dfe stabile und langlebige Spiegelhalterungen, ohne dass L\u00f6cher im Wandbild selbst erforderlich sind. Die Wandbilder werden im Satz durch vier Spiegelhalter sicher an der Wand gehalten und besch\u00e4digen dabei das Wandbild nicht. So k\u00f6nnen sie jederzeit r\u00fcckstandsfrei wieder entfernt werden oder nachtr\u00e4glich angebracht werden.<\/p>\n<p>Diese Schraubhalterungen gibt es als Satz mit vier Befestigungen.<\/p>\n<p>&nbsp;<\/p>\n<h2>sichtbarer Spiegelhalter bis 6 mm St\u00e4rke Wandbild<\/h2>\n<div class=\"accordion-pure\">\n<div class=\"accordion-pure__body\">\n<div class=\"product-data__content\">\n<div class=\"product-description\">\n<div class=\"product-description__name\">Vom Spezialhersteller f\u00fcr alle Arten von D\u00fcbel gibt es auch Spezialhalter zur weitgehend verdeckten Spiegelbefestigung aus Edelstahl:<\/div>\n<ul class=\"product-description__points\">\n<li>Kompletter Montagesatz mit Schrauben und D\u00fcbel<\/li>\n<li>Spiegelhalter aus Edelstahl<\/li>\n<li><span class=\"a-list-item\">Spiegelaufh\u00e4ngungssystem, Befestigung f\u00fcr schwere Bilder, Glas, Acrylglas, Gem\u00e4lde etc., Schraubbefestigung fest und stabil<\/span><\/li>\n<li class=\"a-spacing-mini\"><span class=\"a-list-item\">Der Spiegelclip ist aus hochwertiger Zinklegierung, glatt und gl\u00e4nzend, gratfrei, rostfrei, langlebig und sehr gut geeignet f\u00fcr Bad oder Au\u00dfenbereich<\/span><\/li>\n<li class=\"a-spacing-mini\"><span class=\"a-list-item\">Die Spiegelclips sind einfach zu installieren und zu verwenden, und die Befestigungsschrauben sind hinter dem Spiegel versteckt. Sch\u00f6ner und eleganter Klemmaufsatz ist eine ideale Wahl<\/span><\/li>\n<li class=\"a-spacing-mini\"><span class=\"a-list-item\">Das Paket enth\u00e4lt 4 Spiegelaufh\u00e4nger mit 4 Edelstahlschrauben, 4 Wandanker.<\/span><\/li>\n<li class=\"a-spacing-mini\"><span class=\"a-list-item\">Diese Klemmbefestigung eignet sich zur Befestigung der meisten Spiegel, Gl\u00e4ser und Acrylplatten<\/span><\/li>\n<li>Tragkraft 5 kg (4 Halter)<\/li>\n<\/ul>\n<\/div>\n<\/div>\n<\/div>\n<\/div>\n<div class=\"accordion-pure\">\n<div class=\"accordion-pure__body\">\n<div class=\"product-data__content\">\n<div class=\"product-specification\">\n<div class=\"html-teaser\">\n<p><b>Lieferung<\/b><\/p>\n<ul>\n<li>4 x Edelstahl Spiegelhalter inkl. Schrauben und D\u00fcbel<\/li>\n<\/ul>\n<h1 id=\"title\" class=\"a-size-large a-spacing-none\"><span id=\"productTitle\" class=\"a-size-large product-title-word-break\">Onous 4 St\u00fcck Schwerlast Klemmhalter Abstandshalter f\u00fcr Glas Acrylglas Bilder Wandkunst Schraubmontage Zinklegierung Spiegelclip Spiegelhalterung inkl. 4 Edelstahlschrauben und 4 Wandankern<\/span><\/h1>\n<p><span style=\"font-family: Consolas, Monaco, monospace;\">GalleryPrint (Acryl \/ Alu-Dibond) Wandbilder haben eine Materialst\u00e4rke von 7 &#8211; 8 mm. Daf\u00fcr passen diese Spiegelhalter nicht.<\/span><\/p>\n<\/div>\n<\/div>\n<\/div>\n<\/div>\n<\/div>\n","protected":false},"excerpt":{"rendered":"<p>&nbsp; Wandhalter f\u00fcr Spiegel und Wandbilder mit sichtbarer und formsch\u00f6nen Befestigung kann bis zu 5 kg tragen. F\u00fcr das sichere und stabile Anbringen von Wandbildern (Acryl-Glas und\u00a0Alu-Dibond ) eignen sich im besonderen Ma\u00dfe stabile und langlebige Spiegelhalterungen, ohne dass L\u00f6cher im Wandbild selbst erforderlich sind. Die Wandbilder werden im Satz durch vier Spiegelhalter sicher an [&hellip;]<\/p>\n","protected":false},"featured_media":2462,"template":"","meta":[],"product_brand":[],"product_cat":[315],"product_tag":[358,370,369,346,347],"class_list":{"0":"post-1844","1":"product","2":"type-product","3":"status-publish","4":"has-post-thumbnail","6":"product_cat-wandbild","7":"product_tag-acryl","8":"product_tag-alu-dibond","9":"product_tag-spiegelhalter","10":"product_tag-wandbild","11":"product_tag-zubehoer","13":"first","14":"instock","15":"taxable","16":"shipping-taxable","17":"purchasable","18":"product-type-simple"},"jetpack_sharing_enabled":true,"_links":{"self":[{"href":"https:\/\/shop.deltaimage.de\/index.php?rest_route=\/wp\/v2\/product\/1844","targetHints":{"allow":["GET"]}}],"collection":[{"href":"https:\/\/shop.deltaimage.de\/index.php?rest_route=\/wp\/v2\/product"}],"about":[{"href":"https:\/\/shop.deltaimage.de\/index.php?rest_route=\/wp\/v2\/types\/product"}],"wp:featuredmedia":[{"embeddable":true,"href":"https:\/\/shop.deltaimage.de\/index.php?rest_route=\/wp\/v2\/media\/2462"}],"wp:attachment":[{"href":"https:\/\/shop.deltaimage.de\/index.php?rest_route=%2Fwp%2Fv2%2Fmedia&parent=1844"}],"wp:term":[{"taxonomy":"product_brand","embeddable":true,"href":"https:\/\/shop.deltaimage.de\/index.php?rest_route=%2Fwp%2Fv2%2Fproduct_brand&post=1844"},{"taxonomy":"product_cat","embeddable":true,"href":"https:\/\/shop.deltaimage.de\/index.php?rest_route=%2Fwp%2Fv2%2Fproduct_cat&post=1844"},{"taxonomy":"product_tag","embeddable":true,"href":"https:\/\/shop.deltaimage.de\/index.php?rest_route=%2Fwp%2Fv2%2Fproduct_tag&post=1844"}],"curies":[{"name":"wp","href":"https:\/\/api.w.org\/{rel}","templated":true}]}}