{"id":182,"date":"2020-12-17T20:48:11","date_gmt":"2020-12-17T19:48:11","guid":{"rendered":"https:\/\/shop.deltaimage.de\/?post_type=product&#038;p=182"},"modified":"2023-12-07T18:27:30","modified_gmt":"2023-12-07T17:27:30","slug":"buch","status":"publish","type":"product","link":"https:\/\/shop.deltaimage.de\/?product=buch","title":{"rendered":"Glossar und Fachbegriffe in der Allgemeinen Luftfahrt f\u00fcr UAV Piloten"},"content":{"rendered":"<p>Ein neues Buch in der DELTA IMAGE Buchreihe im Eigenverlag ist erschienen. Seit 1. Oktober 2017 ist ein schriftlicher Kenntnisnachweis (Pr\u00fcfung) zum Betrieb von Multicopter als UAV (<em>Unmanned Aerial Vehicle<\/em>) mit einer Startmasse von mehr als 2000 g gesetzlich in \u00a721a (4)2 LuftVO vorgeschrieben. Zur Vorbereitung auf diese sehr anspruchsvolle Pr\u00fcfung gibt es nun von Paul Eschbach@DELTA IMAGE ein passendes Fachbuch dazu. Das Glossar behandelt alle pr\u00fcfungsrelevanten Themen, Fachbegriffe, Abk\u00fcrzungen und deren kurze Erl\u00e4uterung und eine Verlinkung zwischen den Fachbegriffen.<\/p>\n<p>&nbsp;<\/p>\n<h2>Eine ideale Unterlage f\u00fcr die Pr\u00fcfungsvorbereitung im Selbststudium<\/h2>\n<p>Ohne eine strukturierte Pr\u00fcfungsvorbereitung wird der Aspirant alleine an den Begriffen und Abk\u00fcrzungen scheitern. Ohne Pr\u00fcfungsvorbereitung ist die Chance auf ein erfolgreiches bestehen nicht gegeben.<br \/>\nWissen vermitteln ist eine der wichtigsten Aufgabenstellen wenn man um die Sicherheit in der Allgemeinen Luftfahrt bem\u00fcht ist. Das Grundverst\u00e4ndnis der Begriffe und Abk\u00fcrzungen ist eine ganz wesentliche Komponente um einen \u201eFu\u00dfg\u00e4nger\u201c zu einem sicheren und erfolgreichen Piloten zu schulen.<\/p>\n<p>&nbsp;<\/p>\n<blockquote>\n<pre>Wikipedia definiert Glossar:\r\nEin Glossar ... ... ist eine Liste von W\u00f6rtern mit beigef\u00fcgten Erkl\u00e4rungen oder \u00dcbersetzungen. \r\nDas lateinische Wort <i>glossarium<\/i> bezeichnet dabei als Objekt ein \"Buch\", das (ver)alte(te) oder \r\nfremde W\u00f6rter erl\u00e4utert. Im erweiterten Sinn wird ein <i>Glossar<\/i> auch Begriffserkl\u00e4rung genannt. \r\nZudem, insbesondere wenn es um die Erkl\u00e4rung oder Beschreibung einzelner Begriffe geht, werden \r\ndiese auch als [Begriffs-]Abgrenzung oder <i>Definition<\/i> bezeichnet.\r\n<\/pre>\n<\/blockquote>\n<p>&nbsp;<\/p>\n<p>Paul Eschbach ist als<\/p>\n<ul>\n<li>Buchautor,<\/li>\n<li>Trainer,<\/li>\n<li>Workshopleiter<\/li>\n<\/ul>\n<p>im Rahmen der UAV Ausbildung<\/p>\n<ul>\n<li>als Leiter der Pr\u00fcfungsstelle DeltaAdvice<\/li>\n<li>als Pr\u00fcfer innerhalb der Organisation<\/li>\n<\/ul>\n<p>t\u00e4tig.<\/p>\n<p>Die Ausbildung in der allgemeinen Luftfahrt ist dabei genauso wichtig wie die Pr\u00fcfung an sich. Die Grunds\u00e4tze der Allgemeinen Luftfahrt und das notwendige Hintergrundwissen warum die Vorschriften so sind, ist f\u00fcr den Aspiranten wichtig. Alle Vorschriften und Verfahren sind das Ergebnis von bedauerlichen und oft tragischen Flugunf\u00e4llen in der Luftfahrt.<\/p>\n<ul>\n<li>Durch Wissensvermittlung zu lernen,<\/li>\n<li>durch Vorbild von anderen Piloten zu lernen,<\/li>\n<li>ist in der Fliegerei ausdr\u00fccklich erw\u00fcnscht und erlaubt.<\/li>\n<\/ul>\n","protected":false},"excerpt":{"rendered":"<p>DELTA IMAGE Eigenverlag<br \/>\nFormat DIN A5<br \/>\n60 Seiten s\/w<br \/>\nSoftcover<br \/>\n280 Begriffe und Abk\u00fcrzungen erkl\u00e4rt und referenziert<br \/>\nErsterscheinung 2017<\/p>\n","protected":false},"featured_media":183,"template":"","meta":[],"product_brand":[],"product_cat":[194],"product_tag":[78,77,79,56,80,76,75],"class_list":{"0":"post-182","1":"product","2":"type-product","3":"status-publish","4":"has-post-thumbnail","6":"product_cat-nicht-mehr-im-programm","7":"product_tag-ausbildung","8":"product_tag-drohnen","9":"product_tag-kenntnisnachweis","10":"product_tag-luftfahrt","11":"product_tag-luftvo","12":"product_tag-uas","13":"product_tag-unbemannte-luftfahrt","15":"first","16":"outofstock","17":"taxable","18":"shipping-taxable","19":"purchasable","20":"product-type-simple"},"jetpack_sharing_enabled":true,"_links":{"self":[{"href":"https:\/\/shop.deltaimage.de\/index.php?rest_route=\/wp\/v2\/product\/182","targetHints":{"allow":["GET"]}}],"collection":[{"href":"https:\/\/shop.deltaimage.de\/index.php?rest_route=\/wp\/v2\/product"}],"about":[{"href":"https:\/\/shop.deltaimage.de\/index.php?rest_route=\/wp\/v2\/types\/product"}],"wp:featuredmedia":[{"embeddable":true,"href":"https:\/\/shop.deltaimage.de\/index.php?rest_route=\/wp\/v2\/media\/183"}],"wp:attachment":[{"href":"https:\/\/shop.deltaimage.de\/index.php?rest_route=%2Fwp%2Fv2%2Fmedia&parent=182"}],"wp:term":[{"taxonomy":"product_brand","embeddable":true,"href":"https:\/\/shop.deltaimage.de\/index.php?rest_route=%2Fwp%2Fv2%2Fproduct_brand&post=182"},{"taxonomy":"product_cat","embeddable":true,"href":"https:\/\/shop.deltaimage.de\/index.php?rest_route=%2Fwp%2Fv2%2Fproduct_cat&post=182"},{"taxonomy":"product_tag","embeddable":true,"href":"https:\/\/shop.deltaimage.de\/index.php?rest_route=%2Fwp%2Fv2%2Fproduct_tag&post=182"}],"curies":[{"name":"wp","href":"https:\/\/api.w.org\/{rel}","templated":true}]}}