{"id":17,"date":"2020-12-17T14:58:49","date_gmt":"2020-12-17T13:58:49","guid":{"rendered":"https:\/\/shop.deltaimage.de\/?post_type=product&#038;p=17"},"modified":"2025-10-17T16:43:36","modified_gmt":"2025-10-17T14:43:36","slug":"17","status":"publish","type":"product","link":"https:\/\/shop.deltaimage.de\/?product=17","title":{"rendered":"Schlei\u00dfheim der \u00e4lteste Flugplatz in Bayern &#8211; Flugplatz Wanderung Teil 3: Route f\u00fcr Experten der Platzgeschichte"},"content":{"rendered":"<h2>Luftfahrt historische Flugplatz Wanderung Schlei\u00dfheim als Buch Teil 3<\/h2>\n<p>Bei den beliebten <strong><a href=\"https:\/\/deltaimage.de\/wp\/?page_id=35787\">luftfahrt historischen Flugplatz Wanderungen<\/a> <\/strong>in Schlei\u00dfheim Teil 3, f\u00fchrt Sie Paul Eschbach \u00fcber den \u00e4ltesten Flugplatz in Bayern und Deutschland. Die Flugplatz Wanderung streift durch 100 Jahre der Luftfahrt- und Zeitgeschichte, ab dem Jahr 1912,\u00a0 bis in das Heute als <strong><a href=\"http:\/\/www.ednx.de\">Sonderlandeplatz EDNX<\/a>.<\/strong> Dieser Flugplatz ist seit 1992 der Standort f\u00fcr die Au\u00dfenstelle Luft- und Raumfahrt des weltgr\u00f6\u00dften Technikmuseums, dem <strong><a href=\"http:\/\/www.deutsches-museum.de\">Deutschen Museum<\/a>,<\/strong> mit der <strong><a href=\"https:\/\/shop.deltaimage.de\/?product=flugwerft-schleissheim-110-jahre-luftfahrtgeschichte-30-jahre-deutsches-museum\">Flugwerft Schlei\u00dfheim<\/a><\/strong>. Die luftfahrt historische Flugplatz Wanderung Schlei\u00dfheim <strong>Teil 3<\/strong>, zeigt die noch bestehende Infrastruktur, die Bodenmerkmale und Gel\u00e4ndemerkmale einer Flugplatzinfrastruktur aus 110 Jahren auf.<\/p>\n<p>Diese Flugplatz Wanderungen gibt es als Taschenbuch, zum Nachlesen und zum selber-erkunden. Die Luftfahrtgeschichte zeigt sich an den vielen vorhandenen Bodenspuren und Gel\u00e4ndemerkmale. Der Flugplatz hat eine solch umfangreiche Geschichte, dass wir die Flugplatz Wanderungen in drei B\u00fccher aufgeteilt haben.<\/p>\n<p>Kommen Sie mit mir mit, zur luftfahrt-historischen Flugplatz Wanderung in Schlei\u00dfheim im <strong>Buch Teil 3<\/strong>.<\/p>\n<p>&nbsp;<\/p>\n<h2>Wanderf\u00fchrer in Buchform\u00a0Teil 3: Route f\u00fcr Experten der Platzgeschichte<\/h2>\n<p>Ein neuer Wanderf\u00fchrer in der 100-j\u00e4hrigen Flugplatzgeschichte am \u00e4ltesten Flugplatz in Bayern ist fertig.<\/p>\n<ul>\n<li>Neben den 4 bereits erschienen Routen (<strong><a href=\"https:\/\/deltaimage.de\/wp\/?portfolio=luftfahrt-historische-flugplatzwanderung-schleissheim-nord-route\">Nord<\/a> \u2013 <a href=\"https:\/\/deltaimage.de\/wp\/?portfolio=luftfahrt-historische-flugplatzwanderung-schleissheim-ost-route\">Ost<\/a> \u2013 <a href=\"https:\/\/deltaimage.de\/wp\/?portfolio=luftfahrt-historische-flugplatzwanderung-schleissheim-sued-route\">S\u00fcd<\/a> \u2013 <a href=\"https:\/\/deltaimage.de\/wp\/?portfolio=luftfahrt-historische-flugplatzwanderung-schleissheim-west-route\">West<\/a><\/strong>) liegen auf dem Flugplatzgel\u00e4nde noch so viele interessante Punkte, die noch besichtigt werden sollten. In den \u00f6ffentlichen Flugplatzwanderungen, sind diese Ort oft zu weit von einer sinnvollen Route entfernt. Sie lassen sich nicht richtig in das 2-Stunden-Programm aufnehmen.<\/li>\n<li>F\u00fcr die Interessierten haben wir hier in dem <strong>Teil 3,<\/strong> diese Orte zusammengef\u00fchrt. Erg\u00e4nzt sind sie wieder mit umfangreichem Bildmaterial und Karten ausgestattet.<\/li>\n<li><span id=\"more-12452\"><\/span>Der <strong>Teil\u00a03<\/strong> tr\u00e4gt als Titelmotiv eine Detailaufnahme einer verrosteten Eisent\u00fcre mit der Aufschrift \u201e<strong>No Entrance<\/strong>\u201e. Der Flugplatz Schlei\u00dfheim hatte sehr viele unterschiedliche Nutzer in \u00fcber 100 Jahren Geschichte gesehen. Alle haben ihre Spuren in der Landschaft und in Bauwerken hinterlassen. Oft sind es die kleinen Funde welche die Nutzungsgeschichte besser symbolisieren als die gro\u00dfen Geb\u00e4ude.<br \/>\n<em>&#8222;Kein Zutritt. Bei allem Interesse an der Luftfahrtgeschichte steht die Sicherheit immer an erster Stelle.&#8220;<\/em><\/li>\n<\/ul>\n<p>&nbsp;<\/p>\n<h2>Auszug aus dem Buch<\/h2>\n<div class=\"su-row\"><div class=\"su-column su-column-size-1-3\"><div class=\"su-column-inner su-u-clearfix su-u-trim\"><\/p>\n<p><\/div><\/div> <div class=\"su-column su-column-size-2-3\"><div class=\"su-column-inner su-u-clearfix su-u-trim\"><a href=\"https:\/\/shop.deltaimage.de\/wp-content\/uploads\/2020\/12\/Buch-3_Auszug.pdf\" class=\"pdfemb-viewer\" style=\"\" data-width=\"max\" data-height=\"max\" data-toolbar=\"bottom\" data-toolbar-fixed=\"off\">Buch 3_Auszug<\/a><\/div><\/div> <\/div>\n","protected":false},"excerpt":{"rendered":"<p>Autor: Paul Eschbach<br \/>\nDELTA IMAGE Eigenverlag<\/p>\n<p>Format DIN A5<br \/>\n120 Seiten<br \/>\nSoftcover<\/p>\n<p>2 Touren<br \/>\n52 Wanderziele<br \/>\n107 Farbbilder<br \/>\n35 historische Schwarzwei\u00dfbilder<\/p>\n","protected":false},"featured_media":12,"template":"","meta":[],"product_brand":[806],"product_cat":[379,16,148,735,191,209],"product_tag":[59,53,55,58,57,56,52,38,54],"class_list":{"0":"post-17","1":"product","2":"type-product","3":"status-publish","4":"has-post-thumbnail","6":"product_brand-delta-image-eigenverlag","7":"product_cat-20-jahrhundert","8":"product_cat-buch","9":"product_cat-dachau-oberschleissheim","10":"product_cat-flugplatz-schleissheim","11":"product_cat-flugwerft-shop","12":"product_cat-softcover-taschenbuch","13":"product_tag-deutsches-museum","14":"product_tag-flugplatz","15":"product_tag-flugplatz-wanderung","16":"product_tag-flugwerft-schleissheim","17":"product_tag-geschichte","18":"product_tag-luftfahrt","19":"product_tag-oberschleissheim","20":"product_tag-paul-eschbach","21":"product_tag-schleissheim","23":"first","24":"instock","25":"taxable","26":"shipping-taxable","27":"purchasable","28":"product-type-simple"},"jetpack_sharing_enabled":true,"_links":{"self":[{"href":"https:\/\/shop.deltaimage.de\/index.php?rest_route=\/wp\/v2\/product\/17","targetHints":{"allow":["GET"]}}],"collection":[{"href":"https:\/\/shop.deltaimage.de\/index.php?rest_route=\/wp\/v2\/product"}],"about":[{"href":"https:\/\/shop.deltaimage.de\/index.php?rest_route=\/wp\/v2\/types\/product"}],"wp:featuredmedia":[{"embeddable":true,"href":"https:\/\/shop.deltaimage.de\/index.php?rest_route=\/wp\/v2\/media\/12"}],"wp:attachment":[{"href":"https:\/\/shop.deltaimage.de\/index.php?rest_route=%2Fwp%2Fv2%2Fmedia&parent=17"}],"wp:term":[{"taxonomy":"product_brand","embeddable":true,"href":"https:\/\/shop.deltaimage.de\/index.php?rest_route=%2Fwp%2Fv2%2Fproduct_brand&post=17"},{"taxonomy":"product_cat","embeddable":true,"href":"https:\/\/shop.deltaimage.de\/index.php?rest_route=%2Fwp%2Fv2%2Fproduct_cat&post=17"},{"taxonomy":"product_tag","embeddable":true,"href":"https:\/\/shop.deltaimage.de\/index.php?rest_route=%2Fwp%2Fv2%2Fproduct_tag&post=17"}],"curies":[{"name":"wp","href":"https:\/\/api.w.org\/{rel}","templated":true}]}}