{"id":1545,"date":"2023-03-28T18:57:58","date_gmt":"2023-03-28T16:57:58","guid":{"rendered":"https:\/\/shop.deltaimage.de\/?post_type=product&#038;p=1545"},"modified":"2024-01-06T12:30:51","modified_gmt":"2024-01-06T11:30:51","slug":"foto-coaching-11","status":"publish","type":"product","link":"https:\/\/shop.deltaimage.de\/?product=foto-coaching-11","title":{"rendered":"Fotografie-Coaching 1:1"},"content":{"rendered":"<p>Das <strong>Fotografie-Coaching 1:1<\/strong> ist eine zielgerichtete Erweiterung des Service-Angebotes, aufbauend auf den Angeboten zum <a href=\"https:\/\/lernen.deltaimage.de\/produkt-kategorie\/elearning\/\"><strong>eLearning<\/strong><\/a> und den <a href=\"https:\/\/lernen.deltaimage.de\/produkt-kategorie\/buch\/\"><strong>Begleitb\u00fcchern<\/strong> <\/a>dazu. FotografInnen sind vor allem Menschen mit ihrer Individualit\u00e4t und ihren eigenen Bed\u00fcrfnissen. Jeder Mensch lernt anders und vor allem individuell. Mit unseren Lern-Angeboten setzen wir einen Rahmen in dem sich die meisten Menschen orientieren k\u00f6nnen. Die einzelnen Bausteine sind Routenabschnitte ihrer ganz individuellen reise zur Fotografie. Jeder Mensch hat dabei einen anderen Weg und auch ein anderes Ziel im Auge.<\/p>\n<p>&nbsp;<\/p>\n<h2>Foto-Coaching 1:1 ist ein Individual-Angebot<\/h2>\n<p>Standard passt nicht immer, sowohl bei den Schuhen, beim Anzug oder auch beim Lernen. <strong>Coaching<\/strong> ist eine<strong> intensive Kommunikation<\/strong>, ein <strong>intensives Ausprobieren<\/strong> und <strong>Erfahrung sammeln<\/strong> abseits der Gruppe. Nur der Coach und die TeilnehmerIn &#8211; <strong>2 Menschen<\/strong> tauschen sich aus und reflektieren den <strong>bisherigen Wissensstand<\/strong> und die <strong>pers\u00f6nlichen F\u00e4higkeiten<\/strong>.<\/p>\n<div class=\"su-quote su-quote-style-default su-quote-has-cite\"><div class=\"su-quote-inner su-u-clearfix su-u-trim\">Coaching bezieht sich auf die Anleitung und die R\u00fcckmeldung zu spezifischem <strong>Wissen<\/strong>, <strong>Fertigkeiten<\/strong> und <strong>F\u00e4higkeiten<\/strong> f\u00fcr eine bestimmte Aufgabe.)\u201c<br \/>\nBernard. M. Bass: The Bass Handbook of Leadership, Theory, Research &amp; Managerial Applications. 4. Auflage. New York 2008, S. 1091<span class=\"su-quote-cite\">Wikipedia<\/span><\/div><\/div>\n<p><img data-recalc-dims=\"1\" loading=\"lazy\" decoding=\"async\" class=\"aligncenter size-full wp-image-38362\" src=\"https:\/\/i0.wp.com\/deltaimage.de\/wp\/wp-content\/uploads\/businesswoman-g1ca6eeeb9_1920_900.jpg?resize=890%2C593&#038;ssl=1\" alt=\"\" width=\"890\" height=\"593\" \/><\/p>\n<p>Beim Foto-Coaching 1:1 erg\u00e4nzen wir auf Ihrem pers\u00f6nlichen F\u00e4higkeits-Puzzle (Portfolio), identifizieren die noch zu erg\u00e4nzenden Teilchen, um Sie besser und erf\u00fcllter in der Fotografie zu machen. Ein individueller Fahrplan f\u00fcr die Person wird diskutiert und umgesetzt &#8211; immer das pers\u00f6nliche Ziel durch den Coach im Auge behaltend.<\/p>\n<p>&nbsp;<\/p>\n<h2 style=\"text-align: left;\">Unser Angebot im Foto-Coaching 1:1<\/h2>\n<p>Unser besonderes Angebot f\u00fcr FotografInnen, wir unterst\u00fctzen in einem 1:1 Coaching in den fotografischen Grundlagen, Bildgestaltung, Bildbearbeitung und Bildverwendung. Nur Sie und ich, nach Ihren Bed\u00fcrfnissen. Das 1:1 Coaching bieten wir nach Ihren W\u00fcnschen, M\u00f6glichkeiten und Bed\u00fcrfnissen an.<\/p>\n<ul>\n<li>als <strong>Video-Meeting<\/strong> (Online, Remote),<\/li>\n<li>bei mir <strong>in Dachau und Umgebung<\/strong>,<\/li>\n<li>oder <strong>wo immer Sie das w\u00fcnschen<\/strong><\/li>\n<\/ul>\n<p>an.<\/p>\n<div class=\"su-row\"><div class=\"su-column su-column-size-1-3\"><div class=\"su-column-inner su-u-clearfix su-u-trim\"><\/p>\n<p><img data-recalc-dims=\"1\" loading=\"lazy\" decoding=\"async\" class=\"aligncenter size-medium wp-image-38246\" src=\"https:\/\/i0.wp.com\/deltaimage.de\/wp\/wp-content\/uploads\/pexels-anna-shvets-4226140_1200-900x338.jpg?resize=890%2C334&#038;ssl=1\" alt=\"\" width=\"890\" height=\"334\" \/><\/p>\n<h2>Video-Meeting<\/h2>\n<p>Ab einer Stunde Coaching m\u00f6glich. Flexibel und individuell nach Terminvereinbarung. Wir laden Sie zu einem Video-Meeting ein und besprechen Ihr individuelles Programm und Ihre pers\u00f6nlichen Themen.<\/p>\n<p><\/div><\/div> <div class=\"su-column su-column-size-1-3\"><div class=\"su-column-inner su-u-clearfix su-u-trim\"><\/p>\n<p><img data-recalc-dims=\"1\" loading=\"lazy\" decoding=\"async\" data-attachment-id=\"1631\" data-permalink=\"https:\/\/shop.deltaimage.de\/?attachment_id=1631#main\" data-orig-file=\"https:\/\/i0.wp.com\/shop.deltaimage.de\/wp-content\/uploads\/2023\/03\/IMG_7126.jpg?fit=1920%2C720&amp;ssl=1\" data-orig-size=\"1920,720\" data-comments-opened=\"0\" data-image-meta=\"{&quot;aperture&quot;:&quot;6.3&quot;,&quot;credit&quot;:&quot;PAUL ESCHBACH&quot;,&quot;camera&quot;:&quot;Canon EOS Kiss X6i&quot;,&quot;caption&quot;:&quot;&quot;,&quot;created_timestamp&quot;:&quot;1558877137&quot;,&quot;copyright&quot;:&quot;(C) DELTA IMAGE&quot;,&quot;focal_length&quot;:&quot;67&quot;,&quot;iso&quot;:&quot;400&quot;,&quot;shutter_speed&quot;:&quot;0.0005&quot;,&quot;title&quot;:&quot;&quot;,&quot;orientation&quot;:&quot;0&quot;}\" data-image-title=\"IMG_7126\" data-image-description=\"\" data-image-caption=\"\" data-large-file=\"https:\/\/i0.wp.com\/shop.deltaimage.de\/wp-content\/uploads\/2023\/03\/IMG_7126.jpg?fit=890%2C334&amp;ssl=1\" class=\"aligncenter size-full wp-image-1631\" src=\"https:\/\/i0.wp.com\/shop.deltaimage.de\/wp-content\/uploads\/2023\/03\/IMG_7126.jpg?resize=890%2C334&#038;ssl=1\" alt=\"\" width=\"890\" height=\"334\" srcset=\"https:\/\/i0.wp.com\/shop.deltaimage.de\/wp-content\/uploads\/2023\/03\/IMG_7126.jpg?w=1920&amp;ssl=1 1920w, https:\/\/i0.wp.com\/shop.deltaimage.de\/wp-content\/uploads\/2023\/03\/IMG_7126.jpg?resize=900%2C338&amp;ssl=1 900w, https:\/\/i0.wp.com\/shop.deltaimage.de\/wp-content\/uploads\/2023\/03\/IMG_7126.jpg?resize=1222%2C458&amp;ssl=1 1222w, https:\/\/i0.wp.com\/shop.deltaimage.de\/wp-content\/uploads\/2023\/03\/IMG_7126.jpg?resize=300%2C113&amp;ssl=1 300w, https:\/\/i0.wp.com\/shop.deltaimage.de\/wp-content\/uploads\/2023\/03\/IMG_7126.jpg?resize=768%2C288&amp;ssl=1 768w, https:\/\/i0.wp.com\/shop.deltaimage.de\/wp-content\/uploads\/2023\/03\/IMG_7126.jpg?resize=1536%2C576&amp;ssl=1 1536w, https:\/\/i0.wp.com\/shop.deltaimage.de\/wp-content\/uploads\/2023\/03\/IMG_7126.jpg?resize=1067%2C400&amp;ssl=1 1067w, https:\/\/i0.wp.com\/shop.deltaimage.de\/wp-content\/uploads\/2023\/03\/IMG_7126.jpg?resize=200%2C75&amp;ssl=1 200w, https:\/\/i0.wp.com\/shop.deltaimage.de\/wp-content\/uploads\/2023\/03\/IMG_7126.jpg?w=1780&amp;ssl=1 1780w\" sizes=\"auto, (max-width: 890px) 100vw, 890px\" \/><\/p>\n<h2>Dachau und Umgebung<\/h2>\n<p>Den Video Bildschirm k\u00f6nnen wir auch sehr gerne bei mir in Dachau und Umgebung durch die Natur und die Landschaft ersetzen und auch gleich die Fotografie mit anwenden und praktisch umsetzen.<\/p>\n<p><\/div><\/div> <div class=\"su-column su-column-size-1-3\"><div class=\"su-column-inner su-u-clearfix su-u-trim\"><\/p>\n<p><img data-recalc-dims=\"1\" loading=\"lazy\" decoding=\"async\" class=\"aligncenter size-medium wp-image-35110\" src=\"https:\/\/i0.wp.com\/deltaimage.de\/wp\/wp-content\/uploads\/PE5D3876_1200-900x338.jpg?resize=890%2C334&#038;ssl=1\" alt=\"\" width=\"890\" height=\"334\" \/><\/p>\n<h2>Ihrem Wunschort<\/h2>\n<p>Ich komme auch sehr gerne dorthin, wo Sie sich das w\u00fcnschen. Sie sollen sich wohl f\u00fchlen und einen Mehrwert sp\u00fcren. Reisekosten werden nach Aufwand zus\u00e4tzlich zum Honorar verrechnet. Eine minimale Auftragsdauer, ist auch vom Reiseaufwand abh\u00e4ngig.<\/p>\n<p><\/div><\/div> <\/div>\n<p>&nbsp;<\/p>\n<h2>Themen im Foto-Coaching 1:1<\/h2>\n<p>Die m\u00f6gliche Themenbreite richtet sich nach Ihren Bed\u00fcrfnissen. Diese Themen sind daf\u00fcr besonders geeignet:<\/p>\n<p><img data-recalc-dims=\"1\" loading=\"lazy\" decoding=\"async\" class=\"aligncenter size-full wp-image-38372\" src=\"https:\/\/i0.wp.com\/deltaimage.de\/wp\/wp-content\/uploads\/pexels-cottonbro-studio-4101143_900.jpg?resize=890%2C593&#038;ssl=1\" alt=\"\" width=\"890\" height=\"593\" \/><\/p>\n<div class=\"su-row\"><div class=\"su-column su-column-size-1-4\"><div class=\"su-column-inner su-u-clearfix su-u-trim\"><\/p>\n<h2>Motive und Bildwirkung<\/h2>\n<p>In der eigentlichen fotografischen K\u00f6nigsdisziplin unterst\u00fctze ich Sie bei der Findung von Motiven und deren fotografischer Umsetzung. Schlie\u00dflich wollen Sie selber bessere Fotos machen und mehr Freude an der Fotografie haben.<\/p>\n<p>Besonders geeignet im<\/p>\n<ul>\n<li>Video Meeting<\/li>\n<li>Vor-Ort Meeting<\/li>\n<\/ul>\n<p><\/div><\/div> <div class=\"su-column su-column-size-1-4\"><div class=\"su-column-inner su-u-clearfix su-u-trim\"><\/p>\n<h2>Technik und Bedienung<\/h2>\n<p>In allen Leistungsstufen, von der EinsteigerIn bis zur engagierten AmateurIn braucht die fotografische Bedienung der Technik, der Ger\u00e4te (Kamers, Objektive, Stative, Blitzsysteme, u.a.) etwas mehr Erkl\u00e4rung, damit dies auch so richtig Wirkung zeigt und fortan Freude bereiten kann. Ebenso k\u00f6nnen wir bei der Anschaffung von neuen Systembausteinen beratend zur Seite stehen.<\/p>\n<p>Besonders geeignet im<\/p>\n<ul>\n<li>Video Meeting<\/li>\n<li>Vor-Ort Meeting<\/li>\n<\/ul>\n<p><\/div><\/div> <div class=\"su-column su-column-size-1-4\"><div class=\"su-column-inner su-u-clearfix su-u-trim\"><\/p>\n<h2>Bildbearbeitung<\/h2>\n<p>Ich bin kein Spezialist f\u00fcr Photoshop, ich bearbeite alle Bilder mit Lightroom und anderen Raw-Convertern. Von meinem Wissen und meiner Erfahrung gebe ich gerne etwas ab.<\/p>\n<ul>\n<li>Bild-Archivierung (Digital Asset Management)<\/li>\n<li>Backup und Sicherung<\/li>\n<li>Verschlagwortung im Bilder Katalog<\/li>\n<li>Raw-Entwicklung<\/li>\n<li>Bilder Ausgabe und Export<\/li>\n<\/ul>\n<p>Besonders geeignet im<\/p>\n<ul>\n<li>Video Meeting<\/li>\n<\/ul>\n<p><\/div><\/div> <div class=\"su-column su-column-size-1-4\"><div class=\"su-column-inner su-u-clearfix su-u-trim\"><\/p>\n<h2>Business-Coaching\u00a0Fotografie<\/h2>\n<p>Sie betreiben Fotografie als Business, in Voll-oder in Teilzeit und wollen dies verbessern und st\u00e4rken. Als Management-Berater (<a href=\"https:\/\/deltaadvice.eu\"><strong>DELTA ADVICE GmbH<\/strong><\/a>) k\u00f6nne wir Ihnen dazu eine hilfreiche Unterst\u00fctzung geben.<\/p>\n<p>Besonders geeignet im<\/p>\n<ul>\n<li>Video Meeting<\/li>\n<li>Vor-Ort Meeting<\/li>\n<\/ul>\n<p><\/div><\/div> <\/div>\n<p>&nbsp;<\/p>\n<div class=\"su-button-center\"><a href=\"mailto:pe@deltaadvice.eu\" class=\"su-button su-button-style-flat\" style=\"color:#ffffff;background-color:#336699;border-color:#29527b;border-radius:0px\" target=\"_self\"><span style=\"color:#ffffff;padding:9px 30px;font-size:22px;line-height:33px;border-color:#7194b8;border-radius:0px;text-shadow:3px 3px 2px #000000\"><i class=\"sui sui-arrow-right\" style=\"font-size:22px;color:#FFFFFF\"><\/i> Nehmen Sie mit uns Kontakt auf.<small style=\"padding-bottom:9px;color:#ffffff\">Sie haben Interesse am 1:1 Coaching<\/small><\/span><\/a><\/div>\n","protected":false},"excerpt":{"rendered":"<ul>\n<li>je Stunde (= 60 Minuten) Coaching<\/li>\n<li>z.B.: Bestellung f\u00fcr 2 Stunden -&gt; 2 Produkte<\/li>\n<\/ul>\n<p>F\u00fcr:<\/p>\n<ul>\n<li><strong>Video-Meeting<\/strong> (Online, Remote),<\/li>\n<li><strong>in Dachau und Umgebung<\/strong>,<\/li>\n<li>oder <strong>wo immer Sie das w\u00fcnschen (zzgl. Reisekosten nach Vereinbarung)<\/strong><\/li>\n<\/ul>\n<p>Das Themenspektrum im <strong>Foto-Coaching 1:1<\/strong> wir von der TeilnehmerIn aufgrund der eigenen fotografischen W\u00fcnsche und Erweiterungszielen mit beeinflusst.<\/p>\n","protected":false},"featured_media":1546,"template":"","meta":[],"product_brand":[],"product_cat":[34],"product_tag":[308,35,310,311,312],"class_list":{"0":"post-1545","1":"product","2":"type-product","3":"status-publish","4":"has-post-thumbnail","6":"product_cat-foto-kurs","7":"product_tag-coaching","8":"product_tag-fotografie","9":"product_tag-persoenliche-betreuung","10":"product_tag-video-meeting","11":"product_tag-vor-ort-meeting","13":"first","14":"instock","15":"virtual","16":"taxable","17":"purchasable","18":"product-type-simple"},"jetpack_sharing_enabled":true,"_links":{"self":[{"href":"https:\/\/shop.deltaimage.de\/index.php?rest_route=\/wp\/v2\/product\/1545","targetHints":{"allow":["GET"]}}],"collection":[{"href":"https:\/\/shop.deltaimage.de\/index.php?rest_route=\/wp\/v2\/product"}],"about":[{"href":"https:\/\/shop.deltaimage.de\/index.php?rest_route=\/wp\/v2\/types\/product"}],"wp:featuredmedia":[{"embeddable":true,"href":"https:\/\/shop.deltaimage.de\/index.php?rest_route=\/wp\/v2\/media\/1546"}],"wp:attachment":[{"href":"https:\/\/shop.deltaimage.de\/index.php?rest_route=%2Fwp%2Fv2%2Fmedia&parent=1545"}],"wp:term":[{"taxonomy":"product_brand","embeddable":true,"href":"https:\/\/shop.deltaimage.de\/index.php?rest_route=%2Fwp%2Fv2%2Fproduct_brand&post=1545"},{"taxonomy":"product_cat","embeddable":true,"href":"https:\/\/shop.deltaimage.de\/index.php?rest_route=%2Fwp%2Fv2%2Fproduct_cat&post=1545"},{"taxonomy":"product_tag","embeddable":true,"href":"https:\/\/shop.deltaimage.de\/index.php?rest_route=%2Fwp%2Fv2%2Fproduct_tag&post=1545"}],"curies":[{"name":"wp","href":"https:\/\/api.w.org\/{rel}","templated":true}]}}