{"id":1537,"date":"2023-03-20T21:33:13","date_gmt":"2023-03-20T20:33:13","guid":{"rendered":"https:\/\/shop.deltaimage.de\/?post_type=product&#038;p=1537"},"modified":"2023-12-07T18:40:14","modified_gmt":"2023-12-07T17:40:14","slug":"elearning-fortgeschrittene-fotografie-dateiformat-belichtung","status":"publish","type":"product","link":"https:\/\/shop.deltaimage.de\/?product=elearning-fortgeschrittene-fotografie-dateiformat-belichtung","title":{"rendered":"eLearning &#8222;Fortgeschrittene Fotografie &#8211; Dateiformat &#038; Belichtung"},"content":{"rendered":"<p>Lernen Sie schnell und einfach die Fortgeschrittene Fotografie im eLearning Kurs &#8222;<strong>Dateiformat &amp; Belichtung<\/strong>&#8220; als online-Lernformat nach Ihren W\u00fcnschen und Bed\u00fcrfnissen.<\/p>\n<p>&nbsp;<\/p>\n<h2>eLearning Fortgeschrittene Fotografie besteht aus drei eLearning-Kurse<\/h2>\n<p>Die gesamte Kursreihe Fortgeschrittene Fotografie besteht aus drei verschiedenen eLearning-Kursen. Zum leichteren Lernen dieser anspruchsvolleren Kursinhalte, sind diese in kleinere Abschnitte und Portionen aufgeteilt:<\/p>\n<ul>\n<li><a href=\"https:\/\/lernen.deltaimage.de\/produkt\/fortgeschrittene-fotografie-elearning-dateiformat-belichtung\/\"><strong>eLearning Fortgeschrittene Fotografie &#8211; &#8222;Dateiformat &amp; Belichtung&#8220;<\/strong><\/a><\/li>\n<li><a href=\"https:\/\/lernen.deltaimage.de\/produkt\/elearning-fortgeschrittene-fotografie-perspektive-bildschaerfe\/\"><strong>eLearning Fortgeschrittene Fotografie &#8211; &#8222;Perspektive &amp; Bildsch\u00e4rfe&#8220;<\/strong><\/a><\/li>\n<li><a href=\"https:\/\/lernen.deltaimage.de\/produkt\/elearning-fortgeschrittene-fotografie-farbe-farbprofile\/\"><strong>eLearning Fortgeschrittene Fotografie &#8211; &#8222;Farbe &amp; Farbprofile&#8220;<\/strong><\/a><\/li>\n<\/ul>\n<p>&nbsp;<\/p>\n<h2>Fortgeschrittene Fotografie &#8211; Dateiformat &amp; Belichtung als eLearning Kurs<\/h2>\n<p>Der eLearning Kurs Fortgeschrittene Fotografie setzt auf den Lernergebnissen im Online-Format oder im begleitbuch auf. Sie haben diese Grundlagen erlernt und inzwischen sehr ausgiebig ge\u00fcbt und Ihre eigenen Erfahrungen gesammelt. Nun ist der Zeitpunkt um Ihre Fotografie weiter fortzuf\u00fchren. Die Lerninhalte aus Grundlagen der Fotografie sind die Kurs-Voraussetzungen f\u00fcr die Fortgeschrittene Fotografie.<\/p>\n<p>Mit diesem eLearning Kurs kennen Sie bei weitem noch nicht alle Themen und M\u00f6glichkeiten der modernen digitalen Fotografie. Sie kennen und beherrschen alle wichtigen Themen in der Fotografie, um sich fortan der inhaltlichen und gestalterischen Aufgabe als FotografIn voll widmen zu k\u00f6nnen.<\/p>\n<blockquote>\n<pre><em>Sie wollen ja auch irgendwann die sch\u00f6nen Bilder fotografieren und an der Wand bewundern k\u00f6nnen.<\/em><\/pre>\n<\/blockquote>\n<p>&nbsp;<\/p>\n<h2>Fortgeschrittene Fotografie\u00a0&#8211; Dateiformat &amp; Belichtung<\/h2>\n<p>Nach den Grundlagen wollen Sie die Ergebnisse in Ihrer Fotografie weiter verbessern und vorzeigbar machen. Wir bleiben unserem\u00a0 Kursziel treu und erkl\u00e4ren Ihnen auch vermeintlich kompliziertere Zusammenh\u00e4nge in einer m\u00f6glichst einfachen und verst\u00e4ndlichen Sprache &#8211; eben f\u00fcr EinsteigerInnen und AufsteigerInnen.<\/p>\n<p>Nachdem die richtige Belichtung gelernt und erlernt ist und die Bedienung der Kamera schon etwas Routine geworden ist \u2013 kommt dieser Aufbaukurs.<\/p>\n<ul>\n<li><strong>Dateiformate JPEG und RAW<\/strong><br \/>\nSie werden lernen, das Dateiformat JPEG und RAW richtig einzusetzen.<\/li>\n<li><strong>Belichtungsmess-Methoden<\/strong><br \/>\nSie werden die Belichtungstechnik in der Kamera deutlich erweitern und verbessern.<\/li>\n<li><strong>Belichtungsmessung durch Ersatzmessungen<\/strong><br \/>\nSie lernen die wichtige Belichtungskorrektur im Feld genauer umzusetzen.<\/li>\n<\/ul>\n<p>Auf der<strong><a href=\"https:\/\/deltaimage.de\/wp\/\"> Webseite DELTA IMAGE<\/a><\/strong> finden Sie ebenso spannende Beitr\u00e4ge \u00fcber mich, \u00fcber meine Fotografie und die Anwendung dieser in dem t\u00e4glichen Fotografieren in den verschiedensten Themenwelten. Die wichtigsten Themenwelten sind in einer eigenen<strong><a href=\"https:\/\/deltafineart.de\"> Webseite als Galerie<\/a><\/strong> zum Ansehen aufgespannt, besuchen Sie gerne diese Seiten. Auf der <a href=\"https:\/\/bayerwaldteam.eu\"><strong>Themenseite BAYERWALDTEAM<\/strong><\/a> zeigen wir unsere sch\u00f6nsten Landschaftsaufnahmen aus dem bayerisch-b\u00f6hmischen Grenzgebirge.<\/p>\n<p>&nbsp;<\/p>\n<h2>Fortgeschrittenen Fotografie nach den Grundlagen<\/h2>\n<p>Thematisch geht es von den <strong><a href=\"https:\/\/lernen.deltaimage.de\/courses\/elearning-grundlagen-der-fotografie\/\">Grundlagen der Fotografie<\/a><\/strong> in den weiteren eLearning Kursen auch immer weiter in der Lernkurve hinauf.<\/p>\n<ul>\n<li><strong><a href=\"https:\/\/lernen.deltaimage.de\/courses\/?keyword=&amp;tutor-course-filter-level=beginner&amp;course_filter=true&amp;loop_content_only=false&amp;column_per_row=4&amp;course_per_page=12&amp;show_pagination=false&amp;current_page=1&amp;action=tutor_course_filter_ajax\">Anf\u00e4ngerInnen<\/a><\/strong><\/li>\n<li><a href=\"https:\/\/lernen.deltaimage.de\/courses\/?loop_content_only=false&amp;column_per_row=4&amp;course_per_page=12&amp;show_pagination=false&amp;keyword=&amp;tutor-course-filter-level=intermediate&amp;course_filter=true&amp;loop_content_only=false&amp;column_per_row=4&amp;course_per_page=12&amp;show_pagination=false&amp;current_page=1&amp;action=tutor_course_filter_ajax\"><strong>Fortgeschrittene<\/strong><\/a><\/li>\n<li><a href=\"https:\/\/lernen.deltaimage.de\/courses\/?loop_content_only=false&amp;column_per_row=4&amp;course_per_page=12&amp;show_pagination=false&amp;keyword=&amp;tutor-course-filter-level=expert&amp;course_filter=true&amp;loop_content_only=false&amp;column_per_row=4&amp;course_per_page=12&amp;show_pagination=false&amp;current_page=1&amp;action=tutor_course_filter_ajax\"><strong>ExpertInnen<\/strong><\/a><\/li>\n<\/ul>\n<p>So sind die unterschiedlichen Kompetenzen entlang der Lernkurve in dem eLearning Angebot aufgebaut.\u00a0Der n\u00e4chste folgende Schritt ist der Aufbaukurs auf den Grundlagen. <strong>Fortgeschrittene Fotografie als eLearning Kurs<\/strong> nimmt die Lernenden nach den Grundlagen die n\u00e4chste Stufe auf der Lernkurve mit.<\/p>\n<p>Als Unterst\u00fctzung des Online-Lernens gibt es zu diesem Online-Kurs auch ein passendes <strong><a href=\"https:\/\/lernen.deltaimage.de\/fachthemen\/elearning-begleitbuecher\/\">eLearning Begleitbuch <\/a><\/strong>zum Lernen, abseits einer Online-Verbindung.<\/p>\n<p>&nbsp;<\/p>\n<h2>Unser Seminarleiter f\u00fcr Sie<\/h2>\n<p>&nbsp;<\/p>\n<p><img data-recalc-dims=\"1\" loading=\"lazy\" decoding=\"async\" class=\"size-medium wp-image-16104 alignright\" src=\"https:\/\/i0.wp.com\/deltaimage.de\/wp\/wp-content\/uploads\/Portrait_Paul_Eschbach_600-265x300.jpg?resize=265%2C300&#038;ssl=1\" sizes=\"auto, (max-width: 265px) 100vw, 265px\" srcset=\"https:\/\/deltaimage.de\/wp\/wp-content\/uploads\/Portrait_Paul_Eschbach_600-265x300.jpg 265w, https:\/\/deltaimage.de\/wp\/wp-content\/uploads\/Portrait_Paul_Eschbach_600-177x200.jpg 177w, https:\/\/deltaimage.de\/wp\/wp-content\/uploads\/Portrait_Paul_Eschbach_600-524x593.jpg 524w, https:\/\/deltaimage.de\/wp\/wp-content\/uploads\/Portrait_Paul_Eschbach_600-398x450.jpg 398w, https:\/\/deltaimage.de\/wp\/wp-content\/uploads\/Portrait_Paul_Eschbach_600-353x400.jpg 353w, https:\/\/deltaimage.de\/wp\/wp-content\/uploads\/Portrait_Paul_Eschbach_600.jpg 530w\" alt=\"\" width=\"265\" height=\"300\" \/>Dipl.-Ing.(FH)<br \/>\nDipl.-Wirtschaftsing.(FH)<\/p>\n<p><strong>Paul Eschbach<\/strong><\/p>\n<p>Fotograf, Hochschul-Dozent<br \/>\nFachbuchautor, Fototrainer<\/p>\n<p>&nbsp;<\/p>\n<p>pe@deltaadvice.eu<\/p>\n<p>&nbsp;<\/p>\n<p>Seit \u00fcber 30 Jahren fotografiert Paul Eschbach Landschaft, Natur, Makro und Reportage in den vielf\u00e4ltigsten eigenen und kundenseitigen Projekten. Als Luftbildfotograf kommt die dritte Dimension in den Bildern mit hinzu. Lernen Sie die Grundlagen und die Inspiration von unseren erfahrenen Trainern.<\/p>\n<p>&nbsp;<\/p>\n","protected":false},"excerpt":{"rendered":"<p>Lernen Sie schnell und einfach die Fortgeschrittene Fotografie im eLearning Kurs &#8222;Dateiformat &amp; Belichtung&#8220; als online-Lernformat nach Ihren W\u00fcnschen und Bed\u00fcrfnissen. &nbsp; eLearning Fortgeschrittene Fotografie besteht aus drei eLearning-Kurse Die gesamte Kursreihe Fortgeschrittene Fotografie besteht aus drei verschiedenen eLearning-Kursen. Zum leichteren Lernen dieser anspruchsvolleren Kursinhalte, sind diese in kleinere Abschnitte und Portionen aufgeteilt: eLearning Fortgeschrittene [&hellip;]<\/p>\n","protected":false},"featured_media":1532,"template":"","meta":[],"product_brand":[],"product_cat":[34],"product_tag":[291,294,256,296,35,304],"class_list":{"0":"post-1537","1":"product","2":"type-product","3":"status-publish","4":"has-post-thumbnail","6":"product_cat-foto-kurs","7":"product_tag-belichtungsmessung","8":"product_tag-dateiformat","9":"product_tag-elearning","10":"product_tag-ersatzmessung","11":"product_tag-fotografie","12":"product_tag-schaerfentiefe","14":"first","15":"instock","16":"taxable","17":"shipping-taxable","18":"product-type-external"},"jetpack_sharing_enabled":true,"tiered_pricing_type":"fixed","tiered_pricing_fixed_rules":[],"tiered_pricing_product_settings":{"layout":"default","base_unit_name":{"singular":null,"plural":null},"default_variation":null},"tiered_pricing_minimum_quantity":null,"tiered_pricing_roles_data":[],"tiered_pricing_percentage_rules":[],"post_mailing_queue_ids":[],"_links":{"self":[{"href":"https:\/\/shop.deltaimage.de\/index.php?rest_route=\/wp\/v2\/product\/1537","targetHints":{"allow":["GET"]}}],"collection":[{"href":"https:\/\/shop.deltaimage.de\/index.php?rest_route=\/wp\/v2\/product"}],"about":[{"href":"https:\/\/shop.deltaimage.de\/index.php?rest_route=\/wp\/v2\/types\/product"}],"wp:featuredmedia":[{"embeddable":true,"href":"https:\/\/shop.deltaimage.de\/index.php?rest_route=\/wp\/v2\/media\/1532"}],"wp:attachment":[{"href":"https:\/\/shop.deltaimage.de\/index.php?rest_route=%2Fwp%2Fv2%2Fmedia&parent=1537"}],"wp:term":[{"taxonomy":"product_brand","embeddable":true,"href":"https:\/\/shop.deltaimage.de\/index.php?rest_route=%2Fwp%2Fv2%2Fproduct_brand&post=1537"},{"taxonomy":"product_cat","embeddable":true,"href":"https:\/\/shop.deltaimage.de\/index.php?rest_route=%2Fwp%2Fv2%2Fproduct_cat&post=1537"},{"taxonomy":"product_tag","embeddable":true,"href":"https:\/\/shop.deltaimage.de\/index.php?rest_route=%2Fwp%2Fv2%2Fproduct_tag&post=1537"}],"curies":[{"name":"wp","href":"https:\/\/api.w.org\/{rel}","templated":true}]}}