{"id":1525,"date":"2023-03-20T21:13:24","date_gmt":"2023-03-20T20:13:24","guid":{"rendered":"https:\/\/shop.deltaimage.de\/?post_type=product&#038;p=1525"},"modified":"2026-01-26T17:38:25","modified_gmt":"2026-01-26T16:38:25","slug":"begleitbuch-zum-elearning-kurs-fortgeschrittene-fotografie","status":"publish","type":"product","link":"https:\/\/shop.deltaimage.de\/?product=begleitbuch-zum-elearning-kurs-fortgeschrittene-fotografie","title":{"rendered":"Begleitbuch zum eLearning-Kurs \u201eFortgeschrittene Fotografie\u201c"},"content":{"rendered":"<p>Das eLearning Begleitbuch &#8222;<em>Fortgeschrittene Fotografie<\/em>&#8220; Gesamtkurs unterst\u00fctzt Sie beim Selbstlernen mit und ohne dem eLearning Online-Kurs in den Grundlagen der Fotografie. Die gesamte Kursreihe Fortgeschrittene Fotografie besteht aus drei verschiedenen eLearning-Kursen. Zum leichteren Lernen dieser anspruchsvolleren Kursinhalte, sind diese in kleinere Abschnitte und Portionen aufgeteilt. Das Begleitbuch beinhaltet die Themen aus allen Kurse &#8211; Gesamt-Kurs:<\/p>\n<ul>\n<li><a href=\"https:\/\/lernen.deltaimage.de\/produkt\/fortgeschrittene-fotografie-elearning-dateiformat-belichtung\/\"><strong>eLearning Fortgeschrittene Fotografie &#8211; &#8222;Dateiformat &amp; Belichtung&#8220;<\/strong><\/a><\/li>\n<li><a href=\"https:\/\/lernen.deltaimage.de\/produkt\/elearning-fortgeschrittene-fotografie-perspektive-bildschaerfe\/\"><strong>eLearning Fortgeschrittene Fotografie &#8211; &#8222;Perspektive &amp; Bildsch\u00e4rfe&#8220;<\/strong><\/a><\/li>\n<li><a href=\"https:\/\/lernen.deltaimage.de\/courses\/elearning-fortgeschrittene-fotografie-farbe-farbprofile\/lesson\/elearning-kurs-teil-3-farbe-farbtemperatur\/\"><strong>eLearning Fortgeschrittene Fotografie &#8211; &#8222;Farbe &amp; Farbprofile&#8220;<\/strong><\/a><\/li>\n<\/ul>\n<p>&nbsp;<\/p>\n<h2>eLearning Begleitbuch<\/h2>\n<p>Die Nachfrage nach Fotokursen ist unver\u00e4ndert hoch &#8211; nur inzwischen nach vielen neuen Kurs-Formaten.\u00a0<a href=\"https:\/\/deltaimage.de\"><strong>DELTA IMAGE<\/strong><\/a> folgt diesen Bed\u00fcrfnissen und bietet die bisherigen Pr\u00e4senz-Kurse nun als eLearning f\u00fcr eine neue, moderne, digitale Art des Lernens an. Lesen in einem Buch ist ein ganz wesentlicher Lernkanal. Wir zeigen im eLearning die \u00e4hnlichen Inhalte Strukturen und Bildbeispiele, mit dem Begleitbuch erarbeiten Sie sich die Inhalte zus\u00e4tzlich durch ein zusammenh\u00e4ngendes Lesen der Themen der Fotografie. Besonders praktisch f\u00fcr die Zeiten in denen keine leistungsf\u00e4hige Online-Verbindung zur Verf\u00fcgung steht.<\/p>\n<p>Als Begleitmaterial, f\u00fcr den eLearning Kurs, oder auch das ganz klassische Selbststudium, sind gedruckte B\u00fccher immer noch sehr beliebt.<\/p>\n<p>&nbsp;<\/p>\n<h2>Begleitbuch &#8222;Fortgeschrittene Fotografie Gesamtkurs&#8220;<\/h2>\n<p>Nach den Grundlagen wollen Sie die Ergebnisse in Ihrer Fotografie weiter verbessern und vorzeigbar machen. Wir bleiben unserem\u00a0 Kursziel treu und erkl\u00e4ren Ihnen auch vermeintlich kompliziertere Zusammenh\u00e4nge in einer m\u00f6glichst einfachen und verst\u00e4ndlichen Sprache &#8211; eben f\u00fcr EinsteigerInnen und AufsteigerInnen.<\/p>\n<p>Nachdem die richtige Belichtung gelernt und erlernt ist und die Bedienung der Kamera schon etwas Routine geworden ist \u2013 kommt dieser Aufbaukurs.<\/p>\n<ul>\n<li><strong>Dateiformate JPEG und RAW<\/strong><br \/>\nSie werden lernen, das Dateiformat JPEG und RAW richtig einzusetzen.<\/li>\n<li><strong>Belichtungsmess-Methoden<\/strong><br \/>\nSie werden die Belichtungstechnik in der Kamera deutlich erweitern und verbessern.<\/li>\n<li><strong>Belichtungsmessung durch Ersatzmessungen<\/strong><br \/>\nSie lernen die wichtige Belichtungskorrektur im Feld genauer umzusetzen.<\/li>\n<li><strong>Dateiformate JPEG und RAW<\/strong><br \/>\nSie werden lernen, das Dateiformat JPEG und RAW richtig einzusetzen.<\/li>\n<li><strong>Belichtungsmess-Methoden<\/strong><br \/>\nSie werden die Belichtungstechnik in der Kamera deutlich erweitern und verbessern.<\/li>\n<li><strong>Belichtungsmessung durch Ersatzmessungen<\/strong><br \/>\nSie lernen die wichtige Belichtungskorrektur im Feld genauer umzusetzen.<\/li>\n<li><strong>Farbe<\/strong><\/li>\n<li><strong>Farbprofilierung<\/strong><\/li>\n<\/ul>\n<p>&nbsp;<\/p>\n<h2>Auszug aus dem Buch<\/h2>\n<p>&nbsp;<\/p>\n","protected":false},"excerpt":{"rendered":"<div class=\"woocommerce-product-details__short-description\">\n<ul>\n<li>Softcover<\/li>\n<li>220 Seiten<\/li>\n<li>241 Bilder, Abbildungen und Diagramme<\/li>\n<li>s\/w Druck<\/li>\n<li>Format 21 x 15 cm (DIN A5)<\/li>\n<li>vom Autor des eLearning-Kurses Paul Eschbach<\/li>\n<li>zur Begleitung des eLearning Kurses oder zum Selbststudium<\/li>\n<\/ul>\n<\/div>\n","protected":false},"featured_media":1529,"template":"","meta":[],"product_brand":[806],"product_cat":[16,195,209],"product_tag":[256,41,35,283,241],"class_list":{"0":"post-1525","1":"product","2":"type-product","3":"status-publish","4":"has-post-thumbnail","6":"product_brand-delta-image-eigenverlag","7":"product_cat-buch","8":"product_cat-fotografie","9":"product_cat-softcover-taschenbuch","10":"product_tag-elearning","11":"product_tag-fortgeschrittene","12":"product_tag-fotografie","13":"product_tag-gesamtkurs","14":"product_tag-softcover","16":"first","17":"instock","18":"taxable","19":"shipping-taxable","20":"purchasable","21":"product-type-simple"},"jetpack_sharing_enabled":true,"_links":{"self":[{"href":"https:\/\/shop.deltaimage.de\/index.php?rest_route=\/wp\/v2\/product\/1525","targetHints":{"allow":["GET"]}}],"collection":[{"href":"https:\/\/shop.deltaimage.de\/index.php?rest_route=\/wp\/v2\/product"}],"about":[{"href":"https:\/\/shop.deltaimage.de\/index.php?rest_route=\/wp\/v2\/types\/product"}],"wp:featuredmedia":[{"embeddable":true,"href":"https:\/\/shop.deltaimage.de\/index.php?rest_route=\/wp\/v2\/media\/1529"}],"wp:attachment":[{"href":"https:\/\/shop.deltaimage.de\/index.php?rest_route=%2Fwp%2Fv2%2Fmedia&parent=1525"}],"wp:term":[{"taxonomy":"product_brand","embeddable":true,"href":"https:\/\/shop.deltaimage.de\/index.php?rest_route=%2Fwp%2Fv2%2Fproduct_brand&post=1525"},{"taxonomy":"product_cat","embeddable":true,"href":"https:\/\/shop.deltaimage.de\/index.php?rest_route=%2Fwp%2Fv2%2Fproduct_cat&post=1525"},{"taxonomy":"product_tag","embeddable":true,"href":"https:\/\/shop.deltaimage.de\/index.php?rest_route=%2Fwp%2Fv2%2Fproduct_tag&post=1525"}],"curies":[{"name":"wp","href":"https:\/\/api.w.org\/{rel}","templated":true}]}}