{"id":1424,"date":"2022-12-17T16:52:14","date_gmt":"2022-12-17T15:52:14","guid":{"rendered":"https:\/\/shop.deltaimage.de\/?post_type=product&#038;p=1424"},"modified":"2026-01-26T17:38:04","modified_gmt":"2026-01-26T16:38:04","slug":"begleitbuch-elearning-grundlagen-fotografie-fuer-einsteiger-und-anfaenger","status":"publish","type":"product","link":"https:\/\/shop.deltaimage.de\/?product=begleitbuch-elearning-grundlagen-fotografie-fuer-einsteiger-und-anfaenger","title":{"rendered":"Begleitbuch zum eLearning-Kurs &#8222;Grundlagen der Fotografie&#8220;"},"content":{"rendered":"<p>Das Begleitbuch zum <strong><a href=\"https:\/\/shop.deltaimage.de\/?product=elearning-grundlagen-der-fotografie\">eLearning Kurs &#8222;Fotografie Grundlagen&#8220;<\/a><\/strong> f\u00fcr EinsteigerInnen und Anf\u00e4ngerInnen in einfachen Schritten und verst\u00e4ndlichen Erkl\u00e4rungen. Dieses Begleitbuch unterst\u00fctzt das Lernen passend zum eLearning-Kurs auf unserer eLearning Plattform <a href=\"https:\/\/lernen.deltaimage.de\"><strong>lernen.deltaimage.de<\/strong><\/a>.<\/p>\n<p>Die Nachfrage nach Fotokursen ist unver\u00e4ndert hoch &#8211; nur inzwischen nach vielen neuen Kurs-Formaten. E-Learning, eLearning, Online-Lernen, Online-Kurs &#8211; das alles sind Begriffe zu der neuen Form des Lernens mit Hilfe einer digitalen Lernplattform. <a href=\"http:\/\/www.deltaimage.de\"><strong>DELTA IMAGE<\/strong><\/a> folgt diesen Bed\u00fcrfnissen und bietet die bisherigen Pr\u00e4senz-Kurse nun als eLearning f\u00fcr eine neue, moderne, digitale Art des Lernens an. Aus den <a href=\"https:\/\/deltaimage.de\/wp\/?page_id=38284\"><strong>Foto-Kursen in Pr\u00e4senz<\/strong><\/a> werden nun zunehmend Foto-eLearning Kurse und <strong>Foto-Coaching 1:1<\/strong>.<\/p>\n<p>B\u00fccher sind genau das Gegenteil eines eLearning Kurses. B\u00fccher sind physisch und nicht digital. Als <strong>Begleitmaterial<\/strong>, f\u00fcr den <strong>eLearning Kurs<\/strong>, oder auch das ganz klassische Selbststudium, sind gedruckte B\u00fccher aber immer noch sehr beliebt, Sie Lernenden k\u00f6nnen unabh\u00e4ngig von Strom, Netzbandbreite und Umgebungslicht entspannt das Thema studieren. Der Online Kurs wiederholt das gelesene nochmal, aktiviert weitere Lernkan\u00e4le und vervollst\u00e4ndigt das pers\u00f6nliche Lernergebnis mit Videos und dem Lernquiz.<\/p>\n<p>&nbsp;<\/p>\n<h2>eLearning Kurs &#8222;Fotografie Grundlagen&#8220;<\/h2>\n<p>Die Grundlagen der Fotografie f\u00e4ngt ganz vorne an und ist ganz speziell f\u00fcr alle EinsteigerInnen und AufsteigerInnen von der Fotografie auf Knopfdruck gestaltet. Sie k\u00f6nnen Ihre digitale Kamera einschalten und Bilder anzeigen.<\/p>\n<blockquote>\n<pre>Wunderbar - mehr m\u00fcssen Sie auch nicht wissen.<\/pre>\n<\/blockquote>\n<p>Die Bedienungsanleitung Ihrer digitalen Kamera ist f\u00fcr Sie keine Hilfe, da Sie die Fachbegriffe weder kennen noch verstehen und so erschlie\u00dft sich auch die Bedienung der Kamera nicht f\u00fcr Sie. Genau daf\u00fcr ist dieser Grundkurs da. Wir erkl\u00e4ren Ihnen die Grundlagen der Fotografie vom Grunde auf und f\u00fcr alle Kameras \u00fcbergreifend &#8211; egal welches Modell Sie haben, egal welcher Hersteller.<\/p>\n<p>Sie folgen Schritt f\u00fcr Schritt unseren Lerninhalten und besch\u00e4ftigen sich mit den Foto\u00fcbungen selbst mit dem gestellten Thema. Am Ende des Abschnitts k\u00f6nnen Sie freiwillig an dem abwechslungsreichen Lern-Quiz teilnehmen und Ihren Wissensstand verfolgen.<\/p>\n<p>&nbsp;<\/p>\n<h2>Fotografie ist mehr als ein Alltagsgegenstand<\/h2>\n<p>Es kommen jetzt mehr junge Menschen viel intensiver in Kontakt mit der Fotografie &#8211; es geh\u00f6rt zum Alltag eine digitale Kamera immer mit dabei zu haben und alle m\u00f6glichen Momente des Lebens zu fotografieren. Nie kamen so viele Menschen jeden Alters so intensiv in Kontakt mit leistungsf\u00e4higen Digitalkameras.<\/p>\n<p>Es ist einfach, bequem und die Ergebnisse lassen sich sofort \u00fcberallhin teilen.<\/p>\n<p>&nbsp;<\/p>\n<h2>Der initiale Wunsch nach mehr Fotografie Grundlagen<\/h2>\n<p>Bei einigen Menschen &#8211; nicht bei allen &#8211; kommt irgendwann der Wunsch nach mehr Fotografie auf. Der kommende Urlaub, das erste Baby, das erste Auto, das neue Auto oder das neue Leben in einer anderen Stadt oder Land &#8211; oder was auch immer. Fotografie ist doch mehr als nur auf einen Knopf dr\u00fccken. Das Schnell und das bequem muss nicht immer die Maxime sein, f\u00fcr die Fotos im Kopf herumschwirren und noch gar nicht gemacht sind.<\/p>\n<p>Dieses n\u00e4chste Ereignis ist sehr oft der initiale Ausl\u00f6ser f\u00fcr die weitergehende Besch\u00e4ftigung mit dem Medium Fotografie. Die k\u00fcnstlerische Dimension der Fotografie erm\u00f6glicht das eigene Ich in den Bildern zu Suchen und das eigene Leben zu Finden. Die handwerkliche Dimension der Fotografie ergr\u00fcndet das Fotografieren als spannende und erlebnisreiche Besch\u00e4ftigung mit der eigenen Sicht auf dein Leben.<\/p>\n<p>&nbsp;<\/p>\n<h2>Raus aus der Gr\u00fcnen Vollautomatik<\/h2>\n<p>Wir lernen f\u00fcr die Zielgruppe der Ein- und Aufsteigerinnen, die ersten Schritte um die Grundlagen der Fotografie verstehen und verinnerlichen zu k\u00f6nnen. Mit dem grundlegenden Verst\u00e4ndnis der Technik und der Zusammenh\u00e4nge f\u00fcr<\/p>\n<ul>\n<li>die augenrichtige Belichtung<\/li>\n<li>die fotografische Blende<\/li>\n<li>die fotografische Verschlusszeit<\/li>\n<li>die Lichtempfindlichkeit<\/li>\n<\/ul>\n<p>sind die Lernenden schon viel auf dem Weg zur FotografIn gegangen.<\/p>\n<p>Begleitet werden diese fotografisch &#8211; handwerklichen Themen durch Er\u00f6rterungen der Fragestellungen<\/p>\n<ul>\n<li>Was ist digitale Fotografie heute?<\/li>\n<li>Was macht ein gutes Bild?<\/li>\n<li>Wie belichtet man richtig?<\/li>\n<\/ul>\n<p>&nbsp;<\/p>\n<h2>Auszug aus dem Buch<\/h2>\n<div class=\"su-row\"><div class=\"su-column su-column-size-1-3\"><div class=\"su-column-inner su-u-clearfix su-u-trim\"><\/p>\n<p><\/div><\/div> <div class=\"su-column su-column-size-2-3\"><div class=\"su-column-inner su-u-clearfix su-u-trim\"><a href=\"https:\/\/shop.deltaimage.de\/wp-content\/uploads\/2022\/12\/Buch_Fotografie-Grundlagen_Auszug.pdf\" class=\"pdfemb-viewer\" style=\"\" data-width=\"max\" data-height=\"max\" data-toolbar=\"bottom\" data-toolbar-fixed=\"off\">Buch_Fotografie Grundlagen_Auszug<\/a><\/p>\n<p><\/div><\/div> <\/div>\n","protected":false},"excerpt":{"rendered":"<ul>\n<li>Softcover<\/li>\n<li>220 Seiten<\/li>\n<li>241 Bilder, Abbildungen und Diagramme<\/li>\n<li>s\/w Druck<\/li>\n<li>Format 21 x 15 cm (DIN A5)<\/li>\n<li>vom Autor des eLearning-Kurses Paul Eschbach<\/li>\n<li>zur Begleitung des eLearning Kurses oder zum Selbststudium<\/li>\n<\/ul>\n","protected":false},"featured_media":1422,"template":"","meta":[],"product_brand":[806],"product_cat":[16,195,209],"product_tag":[257,256,35,237,255,241],"class_list":{"0":"post-1424","1":"product","2":"type-product","3":"status-publish","4":"has-post-thumbnail","6":"product_brand-delta-image-eigenverlag","7":"product_cat-buch","8":"product_cat-fotografie","9":"product_cat-softcover-taschenbuch","10":"product_tag-e-learning","11":"product_tag-elearning","12":"product_tag-fotografie","13":"product_tag-grundlagen","14":"product_tag-online-kurs","15":"product_tag-softcover","17":"first","18":"instock","19":"taxable","20":"shipping-taxable","21":"purchasable","22":"product-type-simple"},"jetpack_sharing_enabled":true,"tiered_pricing_type":"fixed","tiered_pricing_fixed_rules":[],"tiered_pricing_product_settings":{"layout":"default","base_unit_name":{"singular":null,"plural":null},"default_variation":null},"tiered_pricing_minimum_quantity":null,"tiered_pricing_roles_data":[],"tiered_pricing_percentage_rules":[],"post_mailing_queue_ids":[],"_links":{"self":[{"href":"https:\/\/shop.deltaimage.de\/index.php?rest_route=\/wp\/v2\/product\/1424","targetHints":{"allow":["GET"]}}],"collection":[{"href":"https:\/\/shop.deltaimage.de\/index.php?rest_route=\/wp\/v2\/product"}],"about":[{"href":"https:\/\/shop.deltaimage.de\/index.php?rest_route=\/wp\/v2\/types\/product"}],"wp:featuredmedia":[{"embeddable":true,"href":"https:\/\/shop.deltaimage.de\/index.php?rest_route=\/wp\/v2\/media\/1422"}],"wp:attachment":[{"href":"https:\/\/shop.deltaimage.de\/index.php?rest_route=%2Fwp%2Fv2%2Fmedia&parent=1424"}],"wp:term":[{"taxonomy":"product_brand","embeddable":true,"href":"https:\/\/shop.deltaimage.de\/index.php?rest_route=%2Fwp%2Fv2%2Fproduct_brand&post=1424"},{"taxonomy":"product_cat","embeddable":true,"href":"https:\/\/shop.deltaimage.de\/index.php?rest_route=%2Fwp%2Fv2%2Fproduct_cat&post=1424"},{"taxonomy":"product_tag","embeddable":true,"href":"https:\/\/shop.deltaimage.de\/index.php?rest_route=%2Fwp%2Fv2%2Fproduct_tag&post=1424"}],"curies":[{"name":"wp","href":"https:\/\/api.w.org\/{rel}","templated":true}]}}