{"id":10,"date":"2020-12-17T14:49:07","date_gmt":"2020-12-17T13:49:07","guid":{"rendered":"https:\/\/shop.deltaimage.de\/?post_type=product&#038;p=10"},"modified":"2026-01-26T17:47:50","modified_gmt":"2026-01-26T16:47:50","slug":"luftfahrt-historische-flugplatzwanderung-schleissheim-teil-1","status":"publish","type":"product","link":"https:\/\/shop.deltaimage.de\/?product=luftfahrt-historische-flugplatzwanderung-schleissheim-teil-1","title":{"rendered":"Schlei\u00dfheim der \u00e4lteste Flugplatz in Bayern &#8211; Flugplatz Wanderung Teil 1: Nord-Route &#038; Ost-Route"},"content":{"rendered":"<h2>Luftfahrt historische Flugplatz Wanderung Schlei\u00dfheim als Buch Teil 1<\/h2>\n<p>Bei den beliebten <strong><a href=\"https:\/\/deltaimage.de\/wp\/?page_id=35787\">luftfahrt historischen Flugplatz Wanderung<\/a><a href=\"https:\/\/deltaimage.de\/wp\/?page_id=35787\">en<\/a> Teil 1 <\/strong>in Schlei\u00dfheim (Oberschlei\u00dfheim bei M\u00fcnchen), f\u00fchrt Sie Paul Eschbach \u00fcber den \u00e4ltesten Flugplatz in Bayern und Deutschland. Die Flugplatz Wanderung streift durch 100 Jahre der Luftfahrt- und Zeitgeschichte, ab dem Jahr 1912,\u00a0 bis in das Heute als <strong><a href=\"http:\/\/www.ednx.de\">Sonderlandeplatz EDNX<\/a>.<\/strong> Dieser Flugplatz ist seit 1992 der Standort f\u00fcr die Au\u00dfenstelle Luft- und Raumfahrt des weltgr\u00f6\u00dften Technikmuseums, dem <strong><a href=\"http:\/\/www.deutsches-museum.de\">Deutschen Museum<\/a>,<\/strong> mit der <strong><a href=\"https:\/\/shop.deltaimage.de\/?product=flugwerft-schleissheim-110-jahre-luftfahrtgeschichte-30-jahre-deutsches-museum\">Flugwerft Schlei\u00dfheim<\/a><\/strong>. Die luftfahrt historische Flugplatz Wanderung Schlei\u00dfheim <strong>Teil 1<\/strong>, zeigt die noch bestehende Infrastruktur, die Bodenmerkmale und Gel\u00e4ndemerkmale einer Flugplatzinfrastruktur aus 110 Jahren auf.<\/p>\n<p>Diese Flugplatz Wanderungen gibt es als Taschenbuch, zum Nachlesen und zum selber-erkunden. Die Luftfahrtgeschichte zeigt sich an den vielen vorhandenen Bodenspuren und Gel\u00e4ndemerkmale. Der Flugplatz hat eine solch umfangreiche Geschichte, dass wir die Flugplatz Wanderungen in drei B\u00fccher aufgeteilt haben.<\/p>\n<p>Kommen Sie mit mir mit, zur luftfahrt-historischen Flugplatz Wanderung in Schlei\u00dfheim im <strong>Buch Teil 1<\/strong>.<\/p>\n<p>&nbsp;<\/p>\n<h2>Wanderf\u00fchrer in Buchform Teil 1: Nord-Route und Ost-Route<\/h2>\n<ul>\n<li><a href=\"https:\/\/i0.wp.com\/deltaimage.de\/wp\/wp-content\/uploads\/Banner_FP_NORD_1200.jpg?ssl=1\"><img data-recalc-dims=\"1\" loading=\"lazy\" decoding=\"async\" class=\"size-medium wp-image-24139 alignright\" src=\"https:\/\/i0.wp.com\/deltaimage.de\/wp\/wp-content\/uploads\/Banner_FP_NORD_1200-300x123.jpg?resize=300%2C123&#038;ssl=1\" sizes=\"auto, (max-width: 300px) 100vw, 300px\" srcset=\"https:\/\/deltaimage.de\/wp\/wp-content\/uploads\/Banner_FP_NORD_1200-300x123.jpg 300w, https:\/\/deltaimage.de\/wp\/wp-content\/uploads\/Banner_FP_NORD_1200-200x82.jpg 200w, https:\/\/deltaimage.de\/wp\/wp-content\/uploads\/Banner_FP_NORD_1200-980x400.jpg 980w, https:\/\/deltaimage.de\/wp\/wp-content\/uploads\/Banner_FP_NORD_1200.jpg 1200w\" alt=\"\" width=\"300\" height=\"123\" \/><\/a>Die<a href=\"https:\/\/deltaimage.de\/wp\/?portfolio=luftfahrt-historische-flugplatzwanderung-schleissheim-nord-route\"><strong> Nord-Route<\/strong><\/a> beginnt am Eingang zur Flugwerft, dem restaurierten Originalgeb\u00e4ude von 1919. Dieses ist das luftfahrt-historische Zentrum des Deutschen Museums in Oberschlei\u00dfheim. Die Flugwerft Schlei\u00dfheim und die Kommandantur aus dem Jahr 1912 stellen hier die \u00e4ltesten\u00a0 Flugplatzgeb\u00e4ude in Bayern dar. Lernen Sie die historische Entwicklung des Flugplatzes im Rahmen der Luftfahrt in Bayern. Anhand der vielen noch sichtbaren Bodenmerkmale und Gel\u00e4ndespuren kennen. In wenigen Jahren nach dem ersten Weltkrieg, haben sich die Nutzer des Flugplatzes einander das Hallentor in die Hand gegeben. Jeder Nutzer hat seine eigenen Spuren der Nutzung hinterlassen.<\/li>\n<li><a href=\"https:\/\/i0.wp.com\/deltaimage.de\/wp\/wp-content\/uploads\/Banner_FP_OST_1200.jpg?ssl=1\"><img data-recalc-dims=\"1\" loading=\"lazy\" decoding=\"async\" class=\"size-medium wp-image-24142 alignright\" src=\"https:\/\/i0.wp.com\/deltaimage.de\/wp\/wp-content\/uploads\/Banner_FP_OST_1200-300x122.jpg?resize=300%2C122&#038;ssl=1\" sizes=\"auto, (max-width: 300px) 100vw, 300px\" srcset=\"https:\/\/deltaimage.de\/wp\/wp-content\/uploads\/Banner_FP_OST_1200-300x122.jpg 300w, https:\/\/deltaimage.de\/wp\/wp-content\/uploads\/Banner_FP_OST_1200-200x82.jpg 200w, https:\/\/deltaimage.de\/wp\/wp-content\/uploads\/Banner_FP_OST_1200-982x400.jpg 982w, https:\/\/deltaimage.de\/wp\/wp-content\/uploads\/Banner_FP_OST_1200.jpg 1200w\" alt=\"\" width=\"300\" height=\"122\" \/><\/a>Die <a href=\"https:\/\/deltaimage.de\/wp\/?portfolio=luftfahrt-historische-flugplatzwanderung-schleissheim-ost-route\"><strong>Ost-Runde<\/strong><\/a> beginnt am Parkplatz am Friedhof in Hochmutting, dem fr\u00fcheren Hofgut von Schlei\u00dfheim. Im \u00f6stlichen Platzbereich hat die Infrastruktur des Flugplatzes in der Landschaft die noch sichtbaren Spuren hinterlassen. In de weiten der Heidelandschaft sind diese Spuren nur dem kundigen Wanderer sichtbar und zeigen sich oft nur durch eine andere Bewuchsform des Heidegrases gegen\u00fcber der Umgebung. Die Heidelandschaft ist ein Biotop und als Naturlandschaft Natura2000 gesch\u00fctzt.<\/li>\n<li><span id=\"more-12452\"><\/span>Der <strong>Teil\u00a01<\/strong> tr\u00e4gt als Titelmotiv die Weite des Flugplatzes Schlei\u00dfheim bei einbrechender Nacht mit der bekannten Silhouette des Schlosses Schlei\u00dfheim und der Flugwerft Schlei\u00dfheim im letzten Licht der Ausstellungshallen im fahlen Licht eines Wintertages. Seit der \u00dcbergabe des Flugplatzes, von der Bundeswehr an den Freistaat Bayern, hat sich die Nutzung des Flugplatzgel\u00e4ndes ver\u00e4ndert. Die Weitl\u00e4ufigkeit der Landschaft ist in der weiten Heidelandschaft erhalten geblieben.<\/li>\n<\/ul>\n<p>&nbsp;<\/p>\n<h2>Auszug aus dem Buch<\/h2>\n<div class=\"su-row\"><div class=\"su-column su-column-size-1-3\"><div class=\"su-column-inner su-u-clearfix su-u-trim\"><\/p>\n<p><\/div><\/div> <div class=\"su-column su-column-size-2-3\"><div class=\"su-column-inner su-u-clearfix su-u-trim\"><a href=\"https:\/\/shop.deltaimage.de\/wp-content\/uploads\/2020\/12\/Buch-1_Auszug.pdf\" class=\"pdfemb-viewer\" style=\"\" data-width=\"max\" data-height=\"max\" data-toolbar=\"bottom\" data-toolbar-fixed=\"off\">Buch 1_Auszug<\/a><\/div><\/div> <\/div>\n","protected":false},"excerpt":{"rendered":"<p>Autor: Paul Eschbach<br \/>\nDELTA IMAGE Eigenverlag<\/p>\n<p>Format DIN A5<br \/>\n120 Seiten<br \/>\nSoftcover<\/p>\n<p>2 Touren<br \/>\n52 Wanderziele<br \/>\n107 Farbbilder<br \/>\n35 historische Schwarzwei\u00dfbilder<\/p>\n<p>Ersterscheinung 2016<\/p>\n","protected":false},"featured_media":14,"template":"","meta":[],"product_brand":[806],"product_cat":[379,16,148,735,191,209],"product_tag":[59,53,55,58,57,56,52,38,54],"class_list":{"0":"post-10","1":"product","2":"type-product","3":"status-publish","4":"has-post-thumbnail","6":"product_brand-delta-image-eigenverlag","7":"product_cat-20-jahrhundert","8":"product_cat-buch","9":"product_cat-dachau-oberschleissheim","10":"product_cat-flugplatz-schleissheim","11":"product_cat-flugwerft-shop","12":"product_cat-softcover-taschenbuch","13":"product_tag-deutsches-museum","14":"product_tag-flugplatz","15":"product_tag-flugplatz-wanderung","16":"product_tag-flugwerft-schleissheim","17":"product_tag-geschichte","18":"product_tag-luftfahrt","19":"product_tag-oberschleissheim","20":"product_tag-paul-eschbach","21":"product_tag-schleissheim","23":"first","24":"instock","25":"taxable","26":"shipping-taxable","27":"purchasable","28":"product-type-simple"},"jetpack_sharing_enabled":true,"_links":{"self":[{"href":"https:\/\/shop.deltaimage.de\/index.php?rest_route=\/wp\/v2\/product\/10","targetHints":{"allow":["GET"]}}],"collection":[{"href":"https:\/\/shop.deltaimage.de\/index.php?rest_route=\/wp\/v2\/product"}],"about":[{"href":"https:\/\/shop.deltaimage.de\/index.php?rest_route=\/wp\/v2\/types\/product"}],"wp:featuredmedia":[{"embeddable":true,"href":"https:\/\/shop.deltaimage.de\/index.php?rest_route=\/wp\/v2\/media\/14"}],"wp:attachment":[{"href":"https:\/\/shop.deltaimage.de\/index.php?rest_route=%2Fwp%2Fv2%2Fmedia&parent=10"}],"wp:term":[{"taxonomy":"product_brand","embeddable":true,"href":"https:\/\/shop.deltaimage.de\/index.php?rest_route=%2Fwp%2Fv2%2Fproduct_brand&post=10"},{"taxonomy":"product_cat","embeddable":true,"href":"https:\/\/shop.deltaimage.de\/index.php?rest_route=%2Fwp%2Fv2%2Fproduct_cat&post=10"},{"taxonomy":"product_tag","embeddable":true,"href":"https:\/\/shop.deltaimage.de\/index.php?rest_route=%2Fwp%2Fv2%2Fproduct_tag&post=10"}],"curies":[{"name":"wp","href":"https:\/\/api.w.org\/{rel}","templated":true}]}}