{"id":68,"date":"2020-12-17T16:46:13","date_gmt":"2020-12-17T15:46:13","guid":{"rendered":"https:\/\/shop.deltaimage.de\/?page_id=68"},"modified":"2026-01-07T10:32:00","modified_gmt":"2026-01-07T09:32:00","slug":"impressum","status":"publish","type":"page","link":"https:\/\/shop.deltaimage.de\/?page_id=68","title":{"rendered":"Impressum"},"content":{"rendered":"<h2>Diensteanbieter und inhaltliche Verantwortung<\/h2>\n<p><a href=\"http:\/\/deltaimage.de\/wp\/?attachment_id=11315#main\" rel=\"attachment wp-att-11315\"><img loading=\"lazy\" decoding=\"async\" class=\"size-full wp-image-11315 alignright\" src=\"http:\/\/deltaimage.de\/wp\/wp-content\/uploads\/APP_Logo_DELTA-IMAGE.bmp\" alt=\"APP_Logo_DELTA IMAGE\" width=\"200\" height=\"50\" \/><\/a><\/p>\n<p>DELTA IMAGE ist eine Marke der<\/p>\n<p>DELTA ADVICE GmbH<br \/>\nPaul Eschbach<br \/>\nBenediktenwandstra\u00dfe 10<br \/>\n85221 Dachau<\/p>\n<p>Telefon: +49 89 41 61 65 55<br \/>\nE-Mail\u00a0 pe@deltaadvice.eu<br \/>\nRegistergericht: Amtsgericht M\u00fcnchen<br \/>\nRegisternummer: HRB 184811<br \/>\nUmsatzsteueridentifikationsnummer: DE 270560371<br \/>\nVertretungsberechtigte Gesch\u00e4ftsf\u00fchrung Dipl.-Ing (FH), Dipl.-Wirtschaftsing.(FH) Paul Eschbach<\/p>\n<p>Zur Teilnahme an einem Streitbeilegungsverfahren vor einer Verbraucherschlichtungsstelle sind wir nicht verpflichtet und nicht bereit.<\/p>\n","protected":false},"excerpt":{"rendered":"<p>Diensteanbieter und inhaltliche Verantwortung DELTA IMAGE ist eine Marke der DELTA ADVICE GmbH Paul Eschbach Benediktenwandstra\u00dfe 10 85221 Dachau Telefon: +49 89 41 61 65 55 E-Mail\u00a0 pe@deltaadvice.eu Registergericht: Amtsgericht M\u00fcnchen Registernummer: HRB 184811 Umsatzsteueridentifikationsnummer: DE 270560371 Vertretungsberechtigte Gesch\u00e4ftsf\u00fchrung Dipl.-Ing (FH), Dipl.-Wirtschaftsing.(FH) Paul Eschbach Zur Teilnahme an einem Streitbeilegungsverfahren vor einer Verbraucherschlichtungsstelle sind wir nicht [&hellip;]<\/p>\n","protected":false},"author":1,"featured_media":53,"parent":0,"menu_order":0,"comment_status":"closed","ping_status":"closed","template":"page-templates\/full-width-page.php","meta":{"footnotes":""},"class_list":["post-68","page","type-page","status-publish","has-post-thumbnail","hentry"],"jetpack_sharing_enabled":true,"_links":{"self":[{"href":"https:\/\/shop.deltaimage.de\/index.php?rest_route=\/wp\/v2\/pages\/68","targetHints":{"allow":["GET"]}}],"collection":[{"href":"https:\/\/shop.deltaimage.de\/index.php?rest_route=\/wp\/v2\/pages"}],"about":[{"href":"https:\/\/shop.deltaimage.de\/index.php?rest_route=\/wp\/v2\/types\/page"}],"author":[{"embeddable":true,"href":"https:\/\/shop.deltaimage.de\/index.php?rest_route=\/wp\/v2\/users\/1"}],"replies":[{"embeddable":true,"href":"https:\/\/shop.deltaimage.de\/index.php?rest_route=%2Fwp%2Fv2%2Fcomments&post=68"}],"version-history":[{"count":8,"href":"https:\/\/shop.deltaimage.de\/index.php?rest_route=\/wp\/v2\/pages\/68\/revisions"}],"predecessor-version":[{"id":3483,"href":"https:\/\/shop.deltaimage.de\/index.php?rest_route=\/wp\/v2\/pages\/68\/revisions\/3483"}],"wp:featuredmedia":[{"embeddable":true,"href":"https:\/\/shop.deltaimage.de\/index.php?rest_route=\/wp\/v2\/media\/53"}],"wp:attachment":[{"href":"https:\/\/shop.deltaimage.de\/index.php?rest_route=%2Fwp%2Fv2%2Fmedia&parent=68"}],"curies":[{"name":"wp","href":"https:\/\/api.w.org\/{rel}","templated":true}]}}