{"id":3056,"date":"2024-12-16T14:12:40","date_gmt":"2024-12-16T13:12:40","guid":{"rendered":"https:\/\/shop.deltaimage.de\/?page_id=3056"},"modified":"2024-12-16T14:12:40","modified_gmt":"2024-12-16T13:12:40","slug":"e-rechnung","status":"publish","type":"page","link":"https:\/\/shop.deltaimage.de\/?page_id=3056","title":{"rendered":"E-Rechnung"},"content":{"rendered":"<p>Die <strong>DELTA ADVICE GmbH<\/strong> setzt gesetzeskonform die <strong>verpflichtende E-Rechnung<\/strong> schrittweise ein und um.<\/p>\n<p>&nbsp;<\/p>\n<h2>Verpflichtender E-Rechnungsempfang ab 1.1.2025<\/h2>\n<p>F\u00fcr den <strong>Empfang von E-Rechnungen<\/strong> ist eine spezielle <strong>eMail-Adresse<\/strong> eingerichtet:<\/p>\n<h1 style=\"text-align: center;\">INVOICE@deltaadvice.eu<\/h1>\n<p>Auf dieser <strong>eMail Adresse<\/strong> k\u00f6nnen wir<\/p>\n<ul>\n<li>Eingangsrechnungen zentral empfangen und prozesssicher verarbeiten<\/li>\n<li>Servergest\u00fctzt automatisiert in die Buchhaltung f\u00fcr die DELTA ADVICE GmbH weiter leiten<\/li>\n<li>Alle eingehenden Rechnungen gesetzeskonform auf dem Server von DATEV registrieren und dokumentieren.<\/li>\n<li>Ab dem 1.\u00a0<span class=\"b_cit_parent\" data-priority=\"2\" data-clicks=\"1\" data-h=\"ID=SERP,5512.2\" data-bm=\"66\"><span data-priority=\"2\" data-bm=\"69\">Januar 2025 m\u00fcssen\u00a0<strong data-bm=\"70\">inl\u00e4ndische Unternehmen in der Lage sein, elektronische Rechnungen zu empfangen (B2B).<\/strong><\/span><\/span><span class=\"b_cit_parent\" data-priority=\"2\" data-clicks=\"1\" data-h=\"ID=SERP,5512.2\" data-bm=\"72\"><span data-priority=\"2\" data-bm=\"75\"> <strong data-bm=\"76\">Es ist keine Zustimmung des Rechnungsempf\u00e4ngers mehr erforderlich.<\/strong><\/span><\/span><\/li>\n<li><span class=\"b_cit_parent\" data-priority=\"2\" data-clicks=\"1\" data-h=\"ID=SERP,5513.2\" data-bm=\"78\"><span data-priority=\"2\" data-bm=\"81\">Alle Rechnungen, die unter das Gesetz fallen, m\u00fcssen in einem maschinenlesbaren Format vorliegen, das der europ\u00e4ischen Norm EN 16931 entspricht oder mit dieser kompatibel ist.<\/span><\/span>\n<ul>\n<li>XRechnung &#8211; Format<\/li>\n<li>ZUGFeRD &#8211; Format<\/li>\n<\/ul>\n<\/li>\n<\/ul>\n<p>Das bedeutet f\u00fcr die KundenInnen der DELTA ADVICE GmbH folgendes:<\/p>\n<ul>\n<li>Im <strong>B2B Bereich<\/strong>, Rechnungen<strong> gegen\u00fcber Unternehmen und Unternehmern<\/strong> u. \u00e4., stellen wir, nach einem ausreichenden Testen, auf die <strong>geforderten Verfahren um<\/strong>, um auch so schnell als m\u00f6glich diese ver\u00e4nderten Verfahren anwenden zu k\u00f6nnen.<\/li>\n<li>Im <strong>B2C Bereich<\/strong>, Rechnungen <strong>gegen\u00fcber Privatpersonen<\/strong>, stellen wir z.B. im <a href=\"https:\/\/shop.deltaimage.de\"><strong>shop.deltaimage.de<\/strong><\/a> unver\u00e4ndert in Form von <strong>bedrucktem Papier.<\/strong><\/li>\n<\/ul>\n<p>Wenn Sie dazu Fragen haben, wenden Sie sich bitte direkt an <a href=\"mailto:pe@deltaadvice.eu\"><strong>Paul Eschbach<\/strong><\/a>.<\/p>\n<div id=\"app\">\n<div class=\"fui-FluentProvider fui-FluentProviderr1 ___jdtuxv0 f19n0e5 fxugw4r f1o700av fk6fouc fkhj508 figsok6 f1i3iumi\" dir=\"ltr\">\n<div class=\"___vt4w9c0 fly5x3f f1l02sjl f1p9o1ba f1sil6mw f22iagw f1vx9l62 f122n59\">\n<div class=\"___nzvmj90 fly5x3f f1l02sjl f22iagw f1vx9l62 f122n59 f11kv39a fusdyhd f1aljp92 f16d036n fv71qf3\">\n<div class=\"___ggkasi0 f22iagw f1vx9l62 fly5x3f f1ids18y\">\n<div>\n<div class=\"fui-FluentProvider fui-FluentProviderr2 ___jdtuxv0 f19n0e5 fxugw4r f1o700av fk6fouc fkhj508 figsok6 f1i3iumi\" dir=\"ltr\">\n<div class=\"largeContainer-143\">\n<div class=\"mainPane-113\">\n<div class=\"___1stn41k fly5x3f f14hp5dx f3052tw f22iagw f1063pyq f122n59 f1ewtqcl f1vxd6vx f1ern45e f1n71otn fg706s2 f1deefiw f68mrw8 f7pw515 frpde29 fw35ms5 fop8ug2 fdqakom f15b9tkd fnch1d3 f1shyal1\">\n<div class=\"___6xspu00 f22iagw f3052tw fxwdslr f122n59\">\n<div class=\"___1glmoww f22iagw f1vx9l62 f4d9j23 f1p9o1ba f1sil6mw f1hf5xhj\"><\/div>\n<\/div>\n<\/div>\n<div class=\"___1bq8r2u f22iagw f5zp4f f4d9j23 f1ub7u0d f6jr5hl f1l02sjl f1p9o1ba\">\n<div class=\"___6cpymj0 f22iagw f1vx9l62 fz7g6wx f1ub7u0d fly5x3f\">\n<div id=\"llm-web-ui-messageList-scrollable-container\" class=\"bodySessionPaneEnabledHoverNewHeaderFlight-146\">\n<div class=\"emptyMessageList-165 messageList-168\">\n<div class=\"fai-CopilotChat ___gue4w00 f22iagw f1vx9l62 f1sff6ri\" role=\"feed\" data-tabster=\"{&quot;mover&quot;:{&quot;cyclic&quot;:false,&quot;direction&quot;:1,&quot;memorizeCurrent&quot;:true,&quot;hasDefault&quot;:true}}\">\n<div id=\"chatMessageContainerr2l\" class=\"largeContainer-264 ___noipm30 f3rmtva f19g0ac\">\n<div class=\"reply-266\" tabindex=\"-1\" role=\"\">\n<div id=\"copilot-message-r2n\" class=\"fai-CopilotMessage fai-OutputCard rest ___12bmtlp ftqa4ok f2hkw1w f8hki3x f1d2448m f1bjia2o ffh67wi f1j6vpng f1pniga2 f987i1v f1ffjurs f15bsgw9 f14e48fq f18yb2kv fd6o370 ffwy5si f3znvyf f57olzd f4stah7 f480a47 fs1por5 f1kijzfu f22iagw f1vx9l62 f10pi13n f11zp4z2 fxugw4r f1ewtqcl f1whvlc6 f1iepc6i f6lrzt8 fvrkw42 f2c7lf3 fgct6un\" tabindex=\"0\" role=\"article\" aria-labelledby=\"copilot-message-r2n\" data-tabster=\"{&quot;groupper&quot;:{&quot;tabbability&quot;:2},&quot;focusable&quot;:{}}\">\n<h6 class=\"fai-CopilotMessage__accessibleHeading rhgro0h\"><\/h6>\n<div class=\"largeReply-193 marginZero-194\" aria-live=\"assertive\">\n<div class=\"___1ra1pit fkhj508 fhjrts3 f137keqj fb1a13d fx8cdsv fxfb0uo fn5cvv7 f65ro8h f7suxz6 f2egjsp f15d4ioa f8qy9f8 fw0izlg f1gxrt3a f1os76ua f1js9cnw f1g87ej0 freluf8 f1yggaq6 f2i3chp f1151osp ftpcj8z f1gto8uq felkt6s fjthtfa fvhlfan f7tc0t0 f15orfay fqvmpri f11tbgq f1p0247a f9sufv2 f1dr1xf1 f1vyg3t2 fns3mgy f2h6sj1 f13alwr3 f19c6guv frkklwf f5zfpvi f1lrr67x f1ls9w7j f7v36i4 fneavw5 f13zpkng f7unjfp f8p1rz fzu6h1w f1i1bi6h f1smo7hi f1sk1xod f1kgogdq f1ecidve fe11041 fds34uz f1aye3w6 f17s497r fvlpcs8 f9vckw9 f1rt6e60 ft380qk f14gafeo f19sjv2b f197cytj fjzyvr9 f1xycvd f1lvi0hd f164tj6r f18d7dy7 f18yrga4 fkco1xr f15x2syh fmjcstx f1ac2nhu f5x68vu fup14nn f1o8hy8 f1ehsc59 f1vprcok f1y6l6gb fqzpax5 f1fk8luq fdlwbod f1k162kl fwzjow2 fdxh4hq f4bntlt f1ijds75 f17uawya fhff7ih f1xujz46 fjpb76i f80mdc4 f1fd840r fd5sjq ft0p4n1 f1gbvy53 f1u7zjm2 fsdnjoo fphlhsa flhaxg5 f1w6q9f2 f1as24b6 fg1s8s7 fe6jkqf f1rfpchy f11s3y5b\">\n<h2>Der Begriff &#8222;E-Rechnung&#8220; in einigen europ\u00e4ischen Sprachen:<\/h2>\n<ul>\n<li><strong>Englisch<\/strong>: e-Invoice<\/li>\n<li><strong>Franz\u00f6sisch<\/strong>: Facture \u00e9lectronique<\/li>\n<li><strong>Spanisch<\/strong>: Factura electr\u00f3nica<\/li>\n<li><strong>Italienisch<\/strong>: Fattura elettronica<\/li>\n<li><strong>Portugiesisch<\/strong>: Fatura eletr\u00f3nica<\/li>\n<li><strong>Niederl\u00e4ndisch<\/strong>: Elektronische factuur<\/li>\n<li><strong>D\u00e4nisch<\/strong>: Elektronisk faktura<\/li>\n<li><strong>Schwedisch<\/strong>: Elektronisk faktura<\/li>\n<li><strong>Finnisch<\/strong>: S\u00e4hk\u00f6inen lasku<\/li>\n<li><strong>Polnisch<\/strong>: Faktura elektroniczna<\/li>\n<li><strong>Tschechisch<\/strong>: Elektronick\u00e1 faktura<\/li>\n<li><strong>Ungarisch<\/strong>: Elektronikus sz\u00e1mla<\/li>\n<li><strong>Griechisch<\/strong>: \u0397\u03bb\u03b5\u03ba\u03c4\u03c1\u03bf\u03bd\u03b9\u03ba\u03cc \u03c4\u03b9\u03bc\u03bf\u03bb\u03cc\u03b3\u03b9\u03bf (Ilektronik\u00f3 timol\u00f3gio)<\/li>\n<li><strong>Rum\u00e4nisch<\/strong>: Factur\u0103 electronic\u0103<\/li>\n<li><strong>Bulgarisch<\/strong>: \u0415\u043b\u0435\u043a\u0442\u0440\u043e\u043d\u043d\u0430 \u0444\u0430\u043a\u0442\u0443\u0440\u0430 (Elektronna faktura)<\/li>\n<li><strong>Kroatisch<\/strong>: Elektroni\u010dki ra\u010dun<\/li>\n<li><strong>Slowakisch<\/strong>: Elektronick\u00e1 fakt\u00fara<\/li>\n<li><strong>Slowenisch<\/strong>: Elektronski ra\u010dun<\/li>\n<\/ul>\n<\/div>\n<\/div>\n<\/div>\n<\/div>\n<\/div>\n<\/div>\n<\/div>\n<\/div>\n<\/div>\n<\/div>\n<\/div>\n<\/div>\n<\/div>\n<\/div>\n<\/div>\n<\/div>\n<\/div>\n<\/div>\n<\/div>\n","protected":false},"excerpt":{"rendered":"<p>Die DELTA ADVICE GmbH setzt gesetzeskonform die verpflichtende E-Rechnung schrittweise ein und um. &nbsp; Verpflichtender E-Rechnungsempfang ab 1.1.2025 F\u00fcr den Empfang von E-Rechnungen ist eine spezielle eMail-Adresse eingerichtet: INVOICE@deltaadvice.eu Auf dieser eMail Adresse k\u00f6nnen wir Eingangsrechnungen zentral empfangen und prozesssicher verarbeiten Servergest\u00fctzt automatisiert in die Buchhaltung f\u00fcr die DELTA ADVICE GmbH weiter leiten Alle eingehenden [&hellip;]<\/p>\n","protected":false},"author":1,"featured_media":3057,"parent":86,"menu_order":0,"comment_status":"closed","ping_status":"closed","template":"page-templates\/full-width-page.php","meta":{"footnotes":""},"class_list":["post-3056","page","type-page","status-publish","has-post-thumbnail","hentry"],"jetpack_sharing_enabled":true,"_links":{"self":[{"href":"https:\/\/shop.deltaimage.de\/index.php?rest_route=\/wp\/v2\/pages\/3056","targetHints":{"allow":["GET"]}}],"collection":[{"href":"https:\/\/shop.deltaimage.de\/index.php?rest_route=\/wp\/v2\/pages"}],"about":[{"href":"https:\/\/shop.deltaimage.de\/index.php?rest_route=\/wp\/v2\/types\/page"}],"author":[{"embeddable":true,"href":"https:\/\/shop.deltaimage.de\/index.php?rest_route=\/wp\/v2\/users\/1"}],"replies":[{"embeddable":true,"href":"https:\/\/shop.deltaimage.de\/index.php?rest_route=%2Fwp%2Fv2%2Fcomments&post=3056"}],"version-history":[{"count":1,"href":"https:\/\/shop.deltaimage.de\/index.php?rest_route=\/wp\/v2\/pages\/3056\/revisions"}],"predecessor-version":[{"id":3058,"href":"https:\/\/shop.deltaimage.de\/index.php?rest_route=\/wp\/v2\/pages\/3056\/revisions\/3058"}],"up":[{"embeddable":true,"href":"https:\/\/shop.deltaimage.de\/index.php?rest_route=\/wp\/v2\/pages\/86"}],"wp:featuredmedia":[{"embeddable":true,"href":"https:\/\/shop.deltaimage.de\/index.php?rest_route=\/wp\/v2\/media\/3057"}],"wp:attachment":[{"href":"https:\/\/shop.deltaimage.de\/index.php?rest_route=%2Fwp%2Fv2%2Fmedia&parent=3056"}],"curies":[{"name":"wp","href":"https:\/\/api.w.org\/{rel}","templated":true}]}}