{"id":3,"date":"2020-12-17T14:33:03","date_gmt":"2020-12-17T13:33:03","guid":{"rendered":"https:\/\/shop.deltaimage.de\/?page_id=3"},"modified":"2021-11-16T11:46:46","modified_gmt":"2021-11-16T10:46:46","slug":"datenschutzerklaerung","status":"publish","type":"page","link":"https:\/\/shop.deltaimage.de\/?page_id=3","title":{"rendered":"Datenschutzerkl\u00e4rung"},"content":{"rendered":"\r\n<h1 id=\"masthead\" class=\"site-header wp-block-heading\" role=\"banner\">Datenschutzerkl\u00e4rung<\/h1>\r\n<div id=\"main\" class=\"site-main\">\r\n<div id=\"primary\" class=\"content-area\">\r\n<div id=\"content\" class=\"site-content\" role=\"main\">\r\n<article id=\"post-18181\" class=\"post-18181 page type-page status-publish has-post-thumbnail hentry\">\r\n<div class=\"entry-content\">\r\n<p><em><a href=\"http:\/\/deltaimage.de\/wp\/wp-content\/uploads\/APP_Logo_DELTA-IMAGE.bmp\"><img loading=\"lazy\" decoding=\"async\" class=\"size-full wp-image-24591 alignright\" src=\"http:\/\/deltaimage.de\/wp\/wp-content\/uploads\/APP_Logo_DELTA-IMAGE.bmp\" alt=\"\" width=\"200\" height=\"50\" \/><\/a>Die neue Datenschutz-Grundverordnung (DS-GVO) gilt als Europ\u00e4isches Recht in allen Mitgliedsstaaten ab 25. Mai 2018. Die Umsetzung in nationales Recht in Deutschland erfolgt \u00fcber das am 30. Juni 2017 beschlossene Datenschutz-Anpassungs- und Umsetzungsgesetz, das ebenfalls am 25. Mai 2018 in Kraft tritt. Damit wird das Bundesdatenschutz Gesetz (BDSG) mit Wirkung vom 25. Mai 2018 ebenfalls neu gefasst. Die DS-GVO ist dann noch ein subsidi\u00e4res Gesetz, f\u00fcr alle F\u00e4lle die vom BDSG nicht oder nicht vollst\u00e4ndig geregelt sind.<\/em><\/p>\r\n<p>Die <strong>DELTA ADVICE GmbH<\/strong> (und alle verbundenen Marken) nimmt den Schutz Ihrer personenbezogenen Daten sehr ernst. Wir m\u00f6chten, dass Sie wissen, wann wir welche Daten erheben und wie wir sie verwenden. Im Zuge der Weiterentwicklung unserer <span lang=\"en\" xml:lang=\"en\">Internet<\/span>-Seiten und der Implementierung neuer Technologien k\u00f6nnen auch \u00c4nderungen dieser Datenschutzerkl\u00e4rung erforderlich werden. Daher empfehlen wir Ihnen, sich diese Datenschutzerkl\u00e4rung ab und zu erneut durchzulesen.<\/p>\r\n<p><strong>Bei Zugriffen auf die Internetseiten der DELTA ADVICE (siehe unten) werden keine personenbezogenen Daten erhoben.<\/strong> Insbesondere wird dabei nicht die IP-Adresse des zugreifenden Hostsystems gespeichert. Zur quantitativen Messung der Zugriffe werden ausschlie\u00dflich anonyme Daten \u00fcber die Zugriffe der einzelnen Informationsangebote erfasst und gespeichert. Erfasst werden dabei in anonymisierter Form, ohne R\u00fcckschl\u00fcsse auf die Identit\u00e4t des Einzelnen, R\u00fcckschl\u00fcsse auf bestimmte Personen sind damit nicht m\u00f6glich.<\/p>\r\n<p>Unser <span lang=\"en\" xml:lang=\"en\">Online-<\/span>Angebot enth\u00e4lt <strong><span lang=\"en\" xml:lang=\"en\">Links<\/span> zu <span lang=\"en\" xml:lang=\"en\">Internet<\/span>-Seiten anderer Anbieter.<\/strong> Wir haben keinen Einfluss darauf, dass diese Anbieter die gesetzlichen Datenschutzbestimmungen einhalten. Sie sollten daher stets die angebotenen Datenschutzerkl\u00e4rungen pr\u00fcfen. Die Datenschutzerkl\u00e4rung der DELTA ADVICE wurde auf Grundlage des Bundesdatenschutz Gesetzes (BDSG) und subsidi\u00e4r der Datenschutz-Grundverordnung (im folgenden DS-GVO) mit Wirkung ab 1. Mai 2018 neu gefasst. Die Begrifflichkeiten sind aus dem BDSG entnommen, insoweit verweisen wir auf die jeweils g\u00fcltige Fassung des BDSG.<\/p>\r\n<p>&nbsp;<\/p>\r\n<h2>Umfang der Webseiten der DELTA ADVICE GmbH<\/h2>\r\n<p>Diese Datenschutzerkl\u00e4rung gilt gleichlautend f\u00fcr alle Webseiten innerhalb des Regimes der <strong>DELTA ADVICE GmbH<\/strong>. Im Nachfolgenden umfassend als DELTA ADVICE bezeichnet.<\/p>\r\n<p>Dies sind die Webseiten<\/p>\r\n<ul>\r\n<li style=\"list-style-type: none;\">\r\n<ul>\r\n<li><strong>www.deltaadvice.eu<\/strong><\/li>\r\n<li><strong>www.deltaexergy.eu<\/strong><\/li>\r\n<li><strong>www.deltaimage.de<\/strong><\/li>\r\n<li><strong>www.bayerwaldteam.eu<\/strong><\/li>\r\n<li><strong>www.deltafineart.de<\/strong><\/li>\r\n<li><strong>shop.deltaimage.de<\/strong><\/li>\r\n<li><strong>portal.deltaadvice.eu<\/strong><\/li>\r\n<li><strong>www.dia-thek.de<\/strong><\/li>\r\n<\/ul>\r\n<\/li>\r\n<\/ul>\r\n<ul>\r\n<li style=\"list-style-type: none;\">\u00a0<\/li>\r\n<\/ul>\r\n<p>Ein Wechsel zwischen diesen Webseiten aufgrund eines Links oder einer Schaltfl\u00e4che bedeutet keine Ver\u00e4nderung der Datenschutzrechte f\u00fcr den Besucher.<\/p>\r\n<p>Die Webseiten der DELTA ADVICE werden auf Servern bereitgestellt:<\/p>\r\n<ul>\r\n<li>United Domains<\/li>\r\n<\/ul>\r\n<p>Der Webhoster verarbeitet die Daten auf den Servern in Deutschland und es liegen entsprechende Verarbeitungsvertr\u00e4ge vor.<\/p>\r\n<p>&nbsp;<\/p>\r\n<h2>Politik der Datenverarbeitung und Datenschutz<\/h2>\r\n<p>Die <strong>DELTA ADVICE <\/strong>verarbeitet regelm\u00e4\u00dfig Daten<\/p>\r\n<ul>\r\n<li>innerhalb des Unternehmens f\u00fcr die Verwaltung und Auftragsbearbeitung,<\/li>\r\n<li>in der Kommunikation innerhalb des Unternehmen<\/li>\r\n<li>in der Kommunikation mit Kunden, Nutzern, Auftragnehmern, Partnern und anderen nat\u00fcrlichen und juristischen Personen.<\/li>\r\n<\/ul>\r\n<p>Die <strong>DELTA ADVICE <\/strong>sichert die verarbeiteten Daten<\/p>\r\n<ul>\r\n<li>innerhalb des Unternehmens<\/li>\r\n<li>in der Kommunikation in das Unternehmen hinein<\/li>\r\n<li>in der Kommunikation aus dem Unternehmen heraus<\/li>\r\n<\/ul>\r\n<p>nach den Anforderungen des BDSG und dem Schutz der pers\u00f6nlichen Daten, die uns anvertraut sind.<\/p>\r\n<p>Die <strong>DELTA ADVICE <\/strong>verarbeitet personenbezogene Daten nach folgenden Ma\u00dfgaben:<\/p>\r\n<ul>\r\n<li>Datenverarbeitung unter Sicherstellung des \u00fcblichen und machbaren Sicherheitsstandards gem\u00e4\u00df den Anforderungen des BDSG.<\/li>\r\n<li>Datenverarbeitung nur im notwendigen Umfang der personenbezogenen Daten, soweit dies die Erf\u00fcllung der Gesch\u00e4ftst\u00e4tigkeiten der DELTA ADVICE GmbH erfordert oder gesetzlich erforderlich ist.<\/li>\r\n<li>Datenverarbeitung nur in der bestimmungsgem\u00e4\u00dfen Verwendung gem\u00e4\u00df der Freigabe durch den Eigent\u00fcmer der Daten.<\/li>\r\n<li>Eine Weitergabe oder Verkauf der personenbezogenen Daten in der Datenverarbeitung \u00fcber die in dieser Datenschutzerkl\u00e4rung hinausgehenden F\u00e4llen erfolgt zu keinem Zeitpunkt.<\/li>\r\n<\/ul>\r\n<p>&nbsp;<\/p>\r\n<h2>Rechte der Besucher der Webseiten aus dem BDSG<\/h2>\r\n<p>Das BDSG regelt die Rechte der Nutzer von Webseiten im Zusammenhang mit personenbezogenen Daten. Die <strong>DELTA ADVICE <\/strong>sichert allen Besuchern die im BDSG geregelten spezifischen Rechte in Bezug auf ihre pers\u00f6nlichen Daten zu:<\/p>\r\n<ol>\r\n<li><strong>Informationspflicht bei Erhebung von personenbezogenen Daten<br \/><\/strong>Wir informieren die Nutzer unserer Webseite vor der jeweiligen Benutzung \u00fcber die m\u00f6gliche Speicherung von personenbezogenen Daten durch uns selbst, oder durch den Ersteller \/ Betreiber eines Teils der Software (Plug-In u.\u00e4.). Transparenz der Daten und der Kommunikation ist Voraussetzung. In dieser Datenschutzrichtlinie ist der uns zum jeweiligen Zeitpunkt bekannte Umgang mit den Daten beschrieben.<\/li>\r\n<\/ol>\r\n<ol start=\"2\">\r\n<li><strong>Auskunftsrecht der betroffenen Person<br \/><\/strong>Nach \u00a7 34 BDSG (neu) steht betroffenen Personen ein Auskunftsrecht zur Speicherung von personenbezogenen Daten in unserer Hemisph\u00e4re zu. Sehr gerne geben wir Ihnen dar\u00fcber Auskunft.<\/li>\r\n<\/ol>\r\n<ol start=\"3\">\r\n<li><strong>Recht auf Berichtigung<br \/><\/strong>Verwenden wir nicht korrekte Daten von Ihnen, so wenden Sie sich an uns und wir werden diese Daten auf Ihr Verlangen sehr gerne aktualisieren.<\/li>\r\n<\/ol>\r\n<ol start=\"4\">\r\n<li><strong>Recht auf L\u00f6schung<br \/><\/strong>Nach \u00a7 35 BDSG (neu) steht den Besuchern unserer Hemisph\u00e4re ein Recht auf L\u00f6schung von personenbezogenen Daten zu. Sofern die Daten nicht aus anderen rechtlichen Auflagen gespeichert werden m\u00fcssen oder d\u00fcrfen, werden wir Ihrem Wunsch sehr gerne entsprechen.<\/li>\r\n<\/ol>\r\n<ol start=\"5\">\r\n<li><strong>Widerspruchsrecht<br \/><\/strong>Nach \u00a7 36 BDSG (neu) steht den Besuchern unserer Hemisph\u00e4re ein Recht auf Widerspruch zu einer erteilten Einwilligung zu. In solchen F\u00e4llen wenden Sie sich bitte an uns und wir werden diesem Wunsch entsprechen. Dies ist insbesondere f\u00fcr die Abonierung von Newslettern der Fall.<\/li>\r\n<\/ol>\r\n<ol start=\"6\">\r\n<li><strong>Rechte im Zusammenhang mit der automatischen Entscheidungsfindung, einschlie\u00dflich der Erstellung von Profilen<br \/><\/strong>Dieses Recht steht den Besuchern unserer Hemisph\u00e4re nach \u00a7 37 BDSG (neu) zu. Wir verwenden an keiner Stelle eine automatische Entscheidungsfindung oder ein Profilling.<\/li>\r\n<\/ol>\r\n<p>&nbsp;<\/p>\r\n<h2>Verantwortlichkeit im Sinne DS-GVO<\/h2>\r\n<p>F\u00fcr die Datenverarbeitung in der DELTA ADVICE GmbH ist als Datenschutzbeauftragter verantwortlich<br \/><strong>DELTA ADVICE GmbH<\/strong><br \/><strong> Paul Eschbach<\/strong><br \/><strong> Benediktenwandstra\u00dfe 10<\/strong><br \/><strong> 85221 Dachau<\/strong><br \/><strong> Telefon: +49 89 41 61 65 55<\/strong><br \/><strong> E-Mail pe@deltaadvice.eu<\/strong><\/p>\r\n<p>&nbsp;<\/p>\r\n<h2>Datenschutz und Datensicherheit in der Hemisph\u00e4re von DELTA ADVICE<\/h2>\r\n<p>Die DELTA ADVICE und alle verbundenen Gesellschaften und Organisationsbereiche verwenden f\u00fcr den Datenschutz und die Datensicherheit insbesondere folgende Mechanismen:<\/p>\r\n<ul>\r\n<li>Zugangskennungen zu allen IT Systemen<\/li>\r\n<li>Zugangskennungen zu allen Diensten und Services<\/li>\r\n<li>Laufende \u00dcberpr\u00fcfung durch den Datenschutzbeauftragten<\/li>\r\n<li>R\u00e4umlicher Zugangsschutz zu den IT Systemen und Speichersystemen<\/li>\r\n<li>Aktueller Virenschutz mit erweiterten Funktionalit\u00e4ten zur Abwehr von Cyber-Kriminalit\u00e4t<\/li>\r\n<li>SSL auf allen Webseiten<\/li>\r\n<\/ul>\r\n<h2>\u00a0<\/h2>\r\n<h2>Datenverarbeitung auf Webseiten<\/h2>\r\n<p>Auf den Webseiten der DELTA ADVICE werden keine personenbezogenen Daten erhoben, gespeichert, verwaltet oder weiter gegeben.<br \/>Die Webseiten werden auf deutschen Webservern eines deutschen Anbieters gef\u00fchrt.<br \/>Besucher der Webseiten haben die M\u00f6glichkeit sich f\u00fcr einen kostenlosen Newsletter anzumelden. Die Anmeldung erfolgt \u00fcber ein Doppel-Opt-In Verfahren. Gespeichert wird die E-Mail Adresse, ohne weiteren Angaben zum Abonnenten. Optional kann ein Name angegeben werden.<\/p>\r\n<ul>\r\n<li>Das Versenden der Newsletter-e-Mails erfolgt direkt innerhalb der Webseite, ohne einer \u00dcbertragung der Kontaktdaten auf einen Auftragsverarbeiter.<\/li>\r\n<li>Der Newsletter-Abonnent kann sich jeweils mit einem Klick von dem abonnierten Newsletter wieder abmelden, oder dies auch direkt mit einem e-Mail an uns durchf\u00fchren.<\/li>\r\n<li>Auf der Webseite erfolgt keine Speicherung oder Weitergabe von IP-Adressen.<\/li>\r\n<li>Auf den Webseiten erfolgt kein Login des Besuchers \u2013 daher werden auch keinerlei Login Daten erfasst oder gespeichert. Lediglich bei f\u00fcr die allgemeine Nutzung gesperrten Seiten erfolgt ein Login auf diesen speziellen Seiten. Mit dem Login erkennt der Nutzer die f\u00fcr die Sitzung notwendige Speicherung der Login Daten an.<\/li>\r\n<li>Auf den Webseiten der DELTA ADVICE werden keine Benutzerkonten angelegt, eingerichtet, gespeichert oder in sonst einer Art und Weise verarbeitet.<\/li>\r\n<li>Auf den Webseiten der DELTA ADVICE werden von der DELTA ADVICE wissentlich keine Cookies eingesetzt. Die Verwendung von Cookies im Rahmen des Werkzeuges Jetpack Statistik ist im folgenden Abschnitt erl\u00e4utert.<\/li>\r\n<\/ul>\r\n<p>&nbsp;<\/p>\r\n<h2>Datenverarbeitung im Newsletter System<\/h2>\r\n<p>Das Newslettersystem ist nur auf der Webseite<\/p>\r\n<ul>\r\n<li>www.deltaimage.de<\/li>\r\n<li>www.bayerwaldteam.eu<\/li>\r\n<\/ul>\r\n<p>aktiv. Bei allen anderen Webseiten entf\u00e4llt dieser Abschnitt.<\/p>\r\n<p>Wir versenden Newsletter an registrierte Abonnenten des Newslettersystems \u00fcber ein in der Webseite integriertes e-Mail System. Die Newsletter dienen der direkten Information der Abonnenten und enthalten Hinweise zu uns, zu unseren Projekten, Terminen und Veranstaltungen.<\/p>\r\n<ul>\r\n<li>Dem Newsletter ist eine Registrierung als Abonnent in einem Doppel-Opt-In Verfahren vorangeschaltet.<\/li>\r\n<li>Der Abonnent erh\u00e4lt nach der Erstanmeldung eine Best\u00e4tigungs e-Mail, in welcher der Abonnent um eine Best\u00e4tigung seiner Registrierung (Anmeldung) gebeten wird. Erst mit dieser Best\u00e4tigung (Doppel-opt-in) ist die Registrierung wirksam und die \u00dcbereinstimmung der Person mit dem e-Mail Konto sicher gestellt.<\/li>\r\n<li>Die Stufen des Doppel-opt-in werden im Newslettersystem gespeichert und dient dem Nachweis der gesetzlichen Auflagen. Dazu geh\u00f6rt die Speicherung des Anmelde- und des Best\u00e4tigungszeitpunkts.<\/li>\r\n<li>Der Abonnent des Newsletters kann den Newsletter jederzeit k\u00fcndigen und damit die Einwilligung widerrufen. Ein entsprechender Link ist Bestandteil jedes Newsletters.<\/li>\r\n<\/ul>\r\n<h2>\u00a0<\/h2>\r\n<h2>Messung von Webseitenaufrufe auf den Webseiten der DELTA ADVICE<\/h2>\r\n<p>Zur Messung der Nutzung von Seiten, Beitr\u00e4gen und anderen Objekten auf der Webseite der DELTA ADVICE GmbH nutzen wir WORDPRESS Statistik auf dem Webserver auf Grundlage unserer berechtigten Interessen an<\/p>\r\n<ul>\r\n<li>der Analyse,<\/li>\r\n<li>der Optimierung und<\/li>\r\n<li>wirtschaftlichem Betrieb<\/li>\r\n<\/ul>\r\n<p>unserer Webseiten im Sinne des Art. 6 Abs. 1 das serverseitige Plugin Jetpack.<br \/>WORDPRESS Statistik Jetpack bietet ein Werkzeug zur anonymisierten statistischen Auswertung der Gesamtmenge an Besucherzugriffen ein.<\/p>\r\n<p>Das Werkzeug ist von<br \/><strong>Automattic, Inc.<\/strong><br \/><strong> 132 Hawthorne Street<\/strong><br \/><strong> San Francisco<\/strong><br \/><strong> CA 94107<\/strong><br \/><strong> USA.<\/strong><\/p>\r\n<p>Das Produkt Jetpack verwendet dazu \u201eCookies\u201c, die auf Ihrem Computer lokal gespeichert werden und die eine Analyse der Benutzung der Website durch Sie erm\u00f6glichen.<br \/>Das Unternehmen Automattic hat eine umfangreiche Datenschutzerkl\u00e4rung zu den Funktionen und der Datenverarbeitung abgegeben. https:\/\/automattic.com\/privacy\/&#8220;&gt;https:\/\/automattic.com\/privacy\/<\/p>\r\n<p>Dieses ist vom Nutzer unserer Webseiten zu beachten.<\/p>\r\n<p>&nbsp;<\/p>\r\n<h2>Datenverarbeitung im Gesch\u00e4ftsbetrieb<\/h2>\r\n<p>Im normalen Gesch\u00e4ftsbetrieb der DELTA ADVICE werden personenbezogene Daten in folgenden Gesch\u00e4ftsvorf\u00e4llen eingesetzt und gespeichert:<\/p>\r\n<ul>\r\n<li>E-Mail System auf Grundlage von Microsoft Exchange Systemen<\/li>\r\n<li>Kontaktdaten auf Grundlage von Microsoft Exchange Systemen<\/li>\r\n<li>Beauftragungen und Rechnungen mit \u00fcblichen Anschriften und der Wahrung der gesetzlichen Anforderungen an steuerliche Dokumente<\/li>\r\n<li>Mitarbeiterbezogene Daten zur F\u00fchrung der Personalakten und der Lohn- und Gehaltsabrechnungen<\/li>\r\n<li>Speicherung von Gesch\u00e4ftsdokumenten auf einem Microsoft OneDrive System<\/li>\r\n<\/ul>\r\n<p>&nbsp;<\/p>\r\n<h2>Datenverarbeitung f\u00fcr Werbezwecke<\/h2>\r\n<p>Auf den Webseiten der DELTA ADVICE wird keine Werbung von fremden Anbietern angeboten. Auf den Webseiten der DELTA ADVICE werden keine personenbezogenen Daten zum Zwecke der Werbung erfasst, verwendet, oder an Dritte in irgendeiner Form weiter geleitet.<\/p>\r\n<p>&nbsp;<\/p>\r\n<h2>Datenverarbeitung von Bankverbindungen auf den Webseiten<\/h2>\r\n<p>Auf den Webseiten der DELTA ADVICE werden keine Bankverbindungen erfasst oder verwendet.<\/p>\r\n<h2>\u00a0<\/h2>\r\n<h2>Datenverarbeitung im Shopsystem<\/h2>\r\n<p>Auf den Webseiten der DELTA ADVICE wird nur auf <strong>shop.deltaimage.de<\/strong> ein Shopsystem betrieben. Im Shopsystem ist keine Registrierung des K\u00e4ufers erforderlich. In dem Bestellvorgang werden die unbedingt notwendigen Daten, wie die Lieferadresse und die Kontaktdaten (e-Mail und Telefon) angegeben. Bankverbindungen u.\u00c4. werden nicht erfasst. Die Bestellung kommt erst mit der Bezahlung durch den K\u00e4ufer in Form einer Bank\u00fcberweisung zustande.<\/p>\r\n<p>&nbsp;<\/p>\r\n<h2>Daten- und Dokumenten Portal f\u00fcr Gesch\u00e4ftskunden<\/h2>\r\n<p>Gesch\u00e4ftskunden der DELTA ADVICE GmbH k\u00f6nnen aufgrund der Beauftragung an die DELTA ADVICE GmbH auch einen pers\u00f6nlichen und gesch\u00fctzten Zugang zu dem Daten- und Dokumentenportal der DELTA ADVICE GmbH erhalten.<\/p>\r\n<\/div>\r\n<\/article>\r\n<\/div>\r\n<\/div>\r\n<\/div>\r\n","protected":false},"excerpt":{"rendered":"<p>Datenschutzerkl\u00e4rung Die neue Datenschutz-Grundverordnung (DS-GVO) gilt als Europ\u00e4isches Recht in allen Mitgliedsstaaten ab 25. Mai 2018. Die Umsetzung in nationales Recht in Deutschland erfolgt \u00fcber das am 30. Juni 2017 beschlossene Datenschutz-Anpassungs- und Umsetzungsgesetz, das ebenfalls am 25. Mai 2018 in Kraft tritt. Damit wird das Bundesdatenschutz Gesetz (BDSG) mit Wirkung vom 25. Mai 2018 [&hellip;]<\/p>\n","protected":false},"author":1,"featured_media":53,"parent":0,"menu_order":0,"comment_status":"closed","ping_status":"open","template":"page-templates\/full-width-page.php","meta":{"footnotes":""},"class_list":["post-3","page","type-page","status-publish","has-post-thumbnail","hentry"],"jetpack_sharing_enabled":true,"post_mailing_queue_ids":[],"_links":{"self":[{"href":"https:\/\/shop.deltaimage.de\/index.php?rest_route=\/wp\/v2\/pages\/3","targetHints":{"allow":["GET"]}}],"collection":[{"href":"https:\/\/shop.deltaimage.de\/index.php?rest_route=\/wp\/v2\/pages"}],"about":[{"href":"https:\/\/shop.deltaimage.de\/index.php?rest_route=\/wp\/v2\/types\/page"}],"author":[{"embeddable":true,"href":"https:\/\/shop.deltaimage.de\/index.php?rest_route=\/wp\/v2\/users\/1"}],"replies":[{"embeddable":true,"href":"https:\/\/shop.deltaimage.de\/index.php?rest_route=%2Fwp%2Fv2%2Fcomments&post=3"}],"version-history":[{"count":8,"href":"https:\/\/shop.deltaimage.de\/index.php?rest_route=\/wp\/v2\/pages\/3\/revisions"}],"predecessor-version":[{"id":948,"href":"https:\/\/shop.deltaimage.de\/index.php?rest_route=\/wp\/v2\/pages\/3\/revisions\/948"}],"wp:featuredmedia":[{"embeddable":true,"href":"https:\/\/shop.deltaimage.de\/index.php?rest_route=\/wp\/v2\/media\/53"}],"wp:attachment":[{"href":"https:\/\/shop.deltaimage.de\/index.php?rest_route=%2Fwp%2Fv2%2Fmedia&parent=3"}],"curies":[{"name":"wp","href":"https:\/\/api.w.org\/{rel}","templated":true}]}}