{"id":2495,"date":"2024-01-31T14:43:05","date_gmt":"2024-01-31T13:43:05","guid":{"rendered":"https:\/\/shop.deltaimage.de\/?page_id=2495"},"modified":"2024-01-31T16:27:17","modified_gmt":"2024-01-31T15:27:17","slug":"preisbindung-in-d-a-ch-region","status":"publish","type":"page","link":"https:\/\/shop.deltaimage.de\/?page_id=2495","title":{"rendered":"Preisbindung in D-A-CH &#8211; Region"},"content":{"rendered":"<p>Das <strong>Buch<\/strong> ist ein unter besonderem gesetzlichen Schutz stehendes Kulturgut. \u00dcber das in Deutschland (und \u00e4hnlich in \u00d6sterreich) geltende <a href=\"https:\/\/www.gesetze-im-internet.de\/buchprg\/BJNR344810002.html\"><strong>Buchpreisbindungsgesetz BuchPrG<\/strong><\/a>, ist der Verkaufspreis f\u00fcr <strong>B\u00fccher<\/strong> (und weitere Werke) f\u00fcr mindestens 18 Monate, ab Erscheinungsdatum des Werkes, auf die <strong>einheitliche Preisauszeichnung<\/strong> gebunden.<\/p>\n<p>&nbsp;<\/p>\n<blockquote>\n<pre>Wer gewerbs- oder gesch\u00e4ftsm\u00e4\u00dfig B\u00fccher an Letztabnehmer in Deutschland verkauft, \r\nmuss den nach \u00a7 5 festgesetzten Preis einhalten. \r\nDies gilt nicht f\u00fcr den Verkauf gebrauchter B\u00fccher.\r\nBuchPrG<\/pre>\n<\/blockquote>\n<p>&nbsp;<\/p>\n<h2>Ziel und Zweck der Buchpreisbindung<\/h2>\n<p>Der Gesetzgeber verfolgt damit zwei Ziele:<\/p>\n<ol class=\"mtop10\">\n<li><b>Der Erhalt eines breiten Buchangebots &#8211; im Sinne eines Kulturgutes<\/b><br \/>\nDurch den einheitlichen Verkaufspreis k\u00f6nnen auch vermeintliche Bestseller bei gro\u00dfvolumigen Verkaufsstellen auf dem Markt nicht unter Preisdruck geraten. Solche Bestseller finanzieren f\u00fcr alle an der Buchproduktion beteiligten Wertsch\u00f6pfungsketten auch Buchtitel mit einer geringeren Auflage und Nachfrage als Mischkalkulation.<\/li>\n<li class=\"mtop10\"><b>Der Erhalt einer gro\u00dfen Zahl von Verkaufsstellen unterschiedlicher Gr\u00f6\u00dfe und Verteilung<\/b><br \/>\nDie kleine Buchhandlung soll einen fairen Marktplatz auch gegen\u00fcber den starken und den gro\u00dfvolumigen Handelsstellen behalten. So ist der faire und gleiche Zugang f\u00fcr alle <strong>KundenInnen<\/strong> zu einem Buch \u2013 auch in der Provinz \u2013 gesichert.<\/li>\n<\/ol>\n<p>Somit gibt es in Deutschland feste Preise f\u00fcr <strong>B\u00fccher<\/strong> und \u00e4hnliche Werke. Die <strong>Verlage<\/strong> sind verpflichtet, f\u00fcr jedes Werk\u00a0einen <strong>festen Preis<\/strong> festzulegen, und jeder wirtschaftlich t\u00e4tige H\u00e4ndler (nicht Letztverbraucher) ist ebenso verpflichtet, sich an diesen <strong>Preis<\/strong> zu halten. Alle <strong>Verkaufsstellen<\/strong>, egal wo sie angesiedelt sind, egal welches Gesch\u00e4ftsmodell sie nachgehen, egal welcher Branche sie angeh\u00f6ren, egal was &#8230;. . Die BuchkundIn kann sich nach freiem Ermessen und Wunsch die Verkaufsstelle frei w\u00e4hlen und erh\u00e4lt das selbe <strong>Buch<\/strong> und den selben <strong>Verkaufspreis<\/strong>.<\/p>\n<div class=\"jnheader\">\n<blockquote>\n<pre><span class=\"jnenbez\">\u00a7 1<\/span>\u00a0<span class=\"jnentitel\">Zweck des Gesetzes\r\n<\/span>Das Gesetz dient dem Schutz des Kulturgutes Buch. Die Festsetzung verbindlicher \r\nPreise beim Verkauf an Letztabnehmer sichert den Erhalt eines breiten Buchangebots. \r\nDas Gesetz gew\u00e4hrleistet zugleich, dass dieses Angebot f\u00fcr eine breite \r\n\u00d6ffentlichkeit zug\u00e4nglich ist, indem es die Existenz einer gro\u00dfen Zahl von \r\nVerkaufsstellen f\u00f6rdert.\r\nBuchPrG<\/pre>\n<\/blockquote>\n<\/div>\n<p>Die <strong>Buchpreisbindung<\/strong> ist \u00fcbrigens eine lange Tradition \u2013 bereits seit 1888.<\/p>\n<p>&nbsp;<\/p>\n<h2>Welche Werke unterliegen der Buchpreisbindung<\/h2>\n<p>Die <strong>Buchpreisbindung<\/strong> gilt<\/p>\n<ul>\n<li>f\u00fcr alle in Deutschland verlegten B\u00fccher,<\/li>\n<li>egal in welcher Sprache,<\/li>\n<li>sofern diese \u00fcberwiegend in Deutschland abgesetzt werden,<\/li>\n<li>ebenso f\u00fcr Musiknoten und kartographische Produkte<a class=\"sup-target\" href=\"https:\/\/www.bing.com\/ck\/a?!&amp;&amp;p=918dc7bc87019926JmltdHM9MTcwNjY1OTIwMCZpZ3VpZD0zZTU2M2RlMy05YjBiLTYwNDctMWEzMC0yZjhiOWE3NDYxYzEmaW5zaWQ9NTk4NA&amp;ptn=3&amp;ver=2&amp;hsh=3&amp;fclid=3e563de3-9b0b-6047-1a30-2f8b9a7461c1&amp;psq=buchpreisbindungsgesetz+deutschland&amp;u=a1aHR0cHM6Ly9kZS53aWtpcGVkaWEub3JnL3dpa2kvQnVjaHByZWlzYmluZHVuZw&amp;ntb=1\" target=\"_blank\" rel=\"noopener\" data-tgpsgid=\"d_anstgpsg4\"><sup>.<\/sup><\/a><\/li>\n<\/ul>\n<p>Die <strong>Buchpreisbindung<\/strong> gilt mindestens 18 Monate ab dem Erscheinungsdatum des Werkes.<\/p>\n<blockquote>\n<pre><strong><img data-recalc-dims=\"1\" loading=\"lazy\" decoding=\"async\" data-attachment-id=\"310\" data-permalink=\"https:\/\/shop.deltaimage.de\/?attachment_id=310#main\" data-orig-file=\"https:\/\/i0.wp.com\/shop.deltaimage.de\/wp-content\/uploads\/2020\/12\/Logo_DELTAIMAGE-Shop_200.png?fit=200%2C69&amp;ssl=1\" data-orig-size=\"200,69\" data-comments-opened=\"1\" data-image-meta=\"{&quot;aperture&quot;:&quot;0&quot;,&quot;credit&quot;:&quot;&quot;,&quot;camera&quot;:&quot;&quot;,&quot;caption&quot;:&quot;&quot;,&quot;created_timestamp&quot;:&quot;0&quot;,&quot;copyright&quot;:&quot;&quot;,&quot;focal_length&quot;:&quot;0&quot;,&quot;iso&quot;:&quot;0&quot;,&quot;shutter_speed&quot;:&quot;0&quot;,&quot;title&quot;:&quot;&quot;,&quot;orientation&quot;:&quot;0&quot;}\" data-image-title=\"Logo_DELTAIMAGE Shop_200\" data-image-description=\"\" data-image-caption=\"\" data-medium-file=\"https:\/\/i0.wp.com\/shop.deltaimage.de\/wp-content\/uploads\/2020\/12\/Logo_DELTAIMAGE-Shop_200.png?fit=200%2C69&amp;ssl=1\" data-large-file=\"https:\/\/i0.wp.com\/shop.deltaimage.de\/wp-content\/uploads\/2020\/12\/Logo_DELTAIMAGE-Shop_200.png?fit=200%2C69&amp;ssl=1\" class=\"size-full wp-image-310 alignleft\" src=\"https:\/\/i0.wp.com\/shop.deltaimage.de\/wp-content\/uploads\/2020\/12\/Logo_DELTAIMAGE-Shop_200.png?resize=200%2C69&#038;ssl=1\" alt=\"\" width=\"200\" height=\"69\" \/>Shop.deltaimage.de<\/strong> unterliegt mit dem <strong>Verkauf<\/strong> von allen <strong>gedruckten B\u00fcchern<\/strong> und allen <strong>eBooks<\/strong> \r\nden Verpflichtungen des <strong>BuchPrG<\/strong>. So sind die <strong>Endpreise<\/strong> (inkl. Umsatzsteuer) an allen \r\n<strong>Verkaufsstellen<\/strong> f\u00fcr den <strong>Letztverbraucher und BuchkundenInnen<\/strong> identisch. \r\nAuch f\u00fcr <strong>Lieferungen ins Ausland<\/strong>, setzen wir den selben <strong>Endpreis<\/strong> an. F\u00fcr den Onlinekauf f\u00e4llt \r\nzum festgesetzten <strong>Buchpreis<\/strong> noch zus\u00e4tzlich der <strong>Pauschalpreis f\u00fcr Versand und Verpackung<\/strong> an.<\/pre>\n<\/blockquote>\n<p>&nbsp;<\/p>\n<h2>Buchpreisbindung in \u00d6sterreich und Schweiz<\/h2>\n<p>In <strong>\u00d6sterreich<\/strong> gibt es ein vergleichbares <strong>Buch-Preis-Gesetz<\/strong> wie in Deutschland.<\/p>\n<p>In der <strong>Schweiz<\/strong> gibt es seit 2007 kein vergleichbares Bundesgesetz.<\/p>\n","protected":false},"excerpt":{"rendered":"<p>Das Buch ist ein unter besonderem gesetzlichen Schutz stehendes Kulturgut. \u00dcber das in Deutschland (und \u00e4hnlich in \u00d6sterreich) geltende Buchpreisbindungsgesetz BuchPrG, ist der Verkaufspreis f\u00fcr B\u00fccher (und weitere Werke) f\u00fcr mindestens 18 Monate, ab Erscheinungsdatum des Werkes, auf die einheitliche Preisauszeichnung gebunden. &nbsp; Wer gewerbs- oder gesch\u00e4ftsm\u00e4\u00dfig B\u00fccher an Letztabnehmer in Deutschland verkauft, muss den [&hellip;]<\/p>\n","protected":false},"author":1,"featured_media":108,"parent":0,"menu_order":0,"comment_status":"closed","ping_status":"closed","template":"page-templates\/full-width-page.php","meta":{"footnotes":""},"class_list":["post-2495","page","type-page","status-publish","has-post-thumbnail","hentry"],"jetpack_sharing_enabled":true,"post_mailing_queue_ids":[],"_links":{"self":[{"href":"https:\/\/shop.deltaimage.de\/index.php?rest_route=\/wp\/v2\/pages\/2495","targetHints":{"allow":["GET"]}}],"collection":[{"href":"https:\/\/shop.deltaimage.de\/index.php?rest_route=\/wp\/v2\/pages"}],"about":[{"href":"https:\/\/shop.deltaimage.de\/index.php?rest_route=\/wp\/v2\/types\/page"}],"author":[{"embeddable":true,"href":"https:\/\/shop.deltaimage.de\/index.php?rest_route=\/wp\/v2\/users\/1"}],"replies":[{"embeddable":true,"href":"https:\/\/shop.deltaimage.de\/index.php?rest_route=%2Fwp%2Fv2%2Fcomments&post=2495"}],"version-history":[{"count":17,"href":"https:\/\/shop.deltaimage.de\/index.php?rest_route=\/wp\/v2\/pages\/2495\/revisions"}],"predecessor-version":[{"id":2514,"href":"https:\/\/shop.deltaimage.de\/index.php?rest_route=\/wp\/v2\/pages\/2495\/revisions\/2514"}],"wp:featuredmedia":[{"embeddable":true,"href":"https:\/\/shop.deltaimage.de\/index.php?rest_route=\/wp\/v2\/media\/108"}],"wp:attachment":[{"href":"https:\/\/shop.deltaimage.de\/index.php?rest_route=%2Fwp%2Fv2%2Fmedia&parent=2495"}],"curies":[{"name":"wp","href":"https:\/\/api.w.org\/{rel}","templated":true}]}}