{"id":1331,"date":"2022-10-25T17:55:07","date_gmt":"2022-10-25T15:55:07","guid":{"rendered":"https:\/\/shop.deltaimage.de\/?page_id=1331"},"modified":"2024-01-02T19:02:52","modified_gmt":"2024-01-02T18:02:52","slug":"mehrwertsteuer-nach-ustg","status":"publish","type":"page","link":"https:\/\/shop.deltaimage.de\/?page_id=1331","title":{"rendered":"Mehrwertsteuer nach UStG"},"content":{"rendered":"<h2><\/h2>\n<p>Alle Preise im SHOP.deltaimage.de sind inklusive Mehrwertsteuer ausgewiesen. Im Warenkorb und in der Bestellbest\u00e4tigung\u00a0 werden die Bestellwerte um die beinhaltete Mehrwertsteuer, nach getrennten Mehrwertsteuers\u00e4tzen, ausgewiesen.\u00a0Lieferungen ins Ausland sind im SHOP System nicht vorgesehen. In diesen F\u00e4llen bitte mit uns unmittelbar Kontakt aufnehmen und wir kl\u00e4ren eine Lieferung ins Ausland unter Mehrwertsteuerbefreiung.<\/p>\n<ul>\n<li><strong>Mehrwertsteuersatz regul\u00e4r<\/strong><br \/>\nDer regul\u00e4re Mehrwertsteuersatz in Deutschland betr\u00e4gt gem\u00e4\u00df \u00a712 UStG <strong>19%<\/strong>.<br \/>\nIm Rahmen des <strong>SHOP.deltaimage.de<\/strong> wird der regul\u00e4re Mehrwertsteuersatz angewandt f\u00fcr die Produktgruppen:<\/li>\n<\/ul>\n<ul>\n<li style=\"list-style-type: none;\">\n<ul>\n<li><strong><a href=\"https:\/\/shop.deltaimage.de\/?product_cat=foto-kurs\">Foto Kurse<\/a><\/strong><\/li>\n<\/ul>\n<\/li>\n<\/ul>\n<ul>\n<li><strong>Mehrwertsteuersatz erm\u00e4\u00dfigt<br \/>\n<\/strong>Auf ausgew\u00e4hlte Produktgruppen ist in Deutschland ein erm\u00e4\u00dfigter Mehrwertsteuersatz gem\u00e4\u00df \u00a712 UStG Anlage 2 lfd. Nr. 49 auf die Produktgruppen B\u00fccher, Magazine anzuwenden und unterliegen dem reduzierten Mehrwertsteuersatz von <strong>7%<\/strong>.<\/li>\n<\/ul>\n<p style=\"padding-left: 40px;\">Im Rahmen des <strong>SHOP.deltaimage.de<\/strong> wird der erm\u00e4\u00dfigte Mehrwertsteuersatz angewandt f\u00fcr die Produktgruppen:<\/p>\n<ul>\n<li style=\"list-style-type: none;\">\n<ul>\n<li><strong><a href=\"https:\/\/shop.deltaimage.de\/?product_cat=buch\">B\u00fccher<\/a>\n<p><\/strong><\/li>\n<\/ul>\n<\/li>\n<li><strong>Differenzsteuerverfahren nach \u00a725 UStG<\/strong><br \/>\nGebrauchtger\u00e4te werden im Ankauf von Privat, also ohne einem Vorsteuerausweis, im shop.deltaimage.de entsprechend dem \u00a725 UStG im Differenzsteuer-Verfahren versteuert. Die Umsatzsteuer f\u00e4llt dann nur auf den Unterschied zwischen Verkaufspreis und dem Einkaufspreis an. Daher ist die Steuer nicht ausweisbar und wird nicht ausgewiesen.<\/li>\n<\/ul>\n","protected":false},"excerpt":{"rendered":"<p>Alle Preise im SHOP.deltaimage.de sind inklusive Mehrwertsteuer ausgewiesen. Im Warenkorb und in der Bestellbest\u00e4tigung\u00a0 werden die Bestellwerte um die beinhaltete Mehrwertsteuer, nach getrennten Mehrwertsteuers\u00e4tzen, ausgewiesen.\u00a0Lieferungen ins Ausland sind im SHOP System nicht vorgesehen. In diesen F\u00e4llen bitte mit uns unmittelbar Kontakt aufnehmen und wir kl\u00e4ren eine Lieferung ins Ausland unter Mehrwertsteuerbefreiung. Mehrwertsteuersatz regul\u00e4r Der regul\u00e4re [&hellip;]<\/p>\n","protected":false},"author":1,"featured_media":110,"parent":0,"menu_order":0,"comment_status":"closed","ping_status":"closed","template":"page-templates\/full-width-page.php","meta":{"footnotes":""},"class_list":["post-1331","page","type-page","status-publish","has-post-thumbnail","hentry"],"jetpack_sharing_enabled":true,"_links":{"self":[{"href":"https:\/\/shop.deltaimage.de\/index.php?rest_route=\/wp\/v2\/pages\/1331","targetHints":{"allow":["GET"]}}],"collection":[{"href":"https:\/\/shop.deltaimage.de\/index.php?rest_route=\/wp\/v2\/pages"}],"about":[{"href":"https:\/\/shop.deltaimage.de\/index.php?rest_route=\/wp\/v2\/types\/page"}],"author":[{"embeddable":true,"href":"https:\/\/shop.deltaimage.de\/index.php?rest_route=\/wp\/v2\/users\/1"}],"replies":[{"embeddable":true,"href":"https:\/\/shop.deltaimage.de\/index.php?rest_route=%2Fwp%2Fv2%2Fcomments&post=1331"}],"version-history":[{"count":3,"href":"https:\/\/shop.deltaimage.de\/index.php?rest_route=\/wp\/v2\/pages\/1331\/revisions"}],"predecessor-version":[{"id":1984,"href":"https:\/\/shop.deltaimage.de\/index.php?rest_route=\/wp\/v2\/pages\/1331\/revisions\/1984"}],"wp:featuredmedia":[{"embeddable":true,"href":"https:\/\/shop.deltaimage.de\/index.php?rest_route=\/wp\/v2\/media\/110"}],"wp:attachment":[{"href":"https:\/\/shop.deltaimage.de\/index.php?rest_route=%2Fwp%2Fv2%2Fmedia&parent=1331"}],"curies":[{"name":"wp","href":"https:\/\/api.w.org\/{rel}","templated":true}]}}