{"id":1315,"date":"2022-10-25T17:51:19","date_gmt":"2022-10-25T15:51:19","guid":{"rendered":"https:\/\/shop.deltaimage.de\/?page_id=1315"},"modified":"2025-06-16T16:29:40","modified_gmt":"2025-06-16T14:29:40","slug":"versandarten-in-shop-deltaimage-de","status":"publish","type":"page","link":"https:\/\/shop.deltaimage.de\/?page_id=1315","title":{"rendered":"Versand-Kosten"},"content":{"rendered":"<h2><\/h2>\n<div class=\"entry-content\">\n<p>Die Preise im<strong> SHOP System<\/strong> sind zuz\u00fcglich von Versandkosten angeboten. In den letzten Monaten haben sich die Besch\u00e4digungen von Lieferungen durch Postdienstleister massiv geh\u00e4uft und Lieferungen sind dadurch nicht beim Kunden angekommen. Das ist \u00e4rgerlich und <strong>SHOP.deltaimage.de<\/strong> bleibt auch noch auf den Kosten daf\u00fcr sitzen.<\/p>\n<p>Wir versenden die <strong>normalen Buchbestellungen<\/strong> jetzt nicht mehr als Brief oder P\u00e4ckchen, sondern <strong>immer als Paket<\/strong><\/p>\n<ul>\n<li>mit einer <strong>Versicherung seitens des Versandunternehmens von 500 \u20ac<\/strong>, das niedrigere Versicherungslimit von 50 \u20ac kann bei mehreren B\u00fcchern schnell \u00fcberschritten werden<\/li>\n<li>mit einer <strong>Sendungsverfolgung bei nationalen Sendungen<\/strong> in Deutschland<\/li>\n<li>mit einer <strong>Sendungsverfolgung bei internationalen Sendungen<\/strong> ins Ausland.<\/li>\n<\/ul>\n<p>Diese Versandarten sind teurer und dies m\u00fcssen wir als zus\u00e4tzliche Versandpauschale pro Bestellung zus\u00e4tzlich in Rechnung stellen. Die KundenInnen k\u00f6nnen daher sicherer und ohne Komplikationen die gew\u00fcnschten physikalischen Produkte in der Hand halten. Sollte trotzdem etwas passieren, springt die Versicherung ein und wir k\u00f6nnen schneller und unkomplizierter eine neue Sendung losschicken.<\/p>\n<p>Wir liefern auf den folgenden Versandarten aus:<\/p>\n<ul>\n<li><strong>Abholung pers\u00f6nlich &#8211; immer kostenlos!<\/strong><br \/>\nDie B\u00fccher verkaufen sich besonders gut im n\u00e4heren Umfeld um Dachau herum \u2013 und das ist auch gut so. Die direkte Belieferung ist der beste Weg, das bestellte Produkt schnell, sicher und auch sicher zu ihnen zu bringen. Dies ist die sch\u00f6nste Art, den Kunden &#8211; also Ihnen &#8211; die bestellten Waren zu \u00fcberbringen. Die Abholung ist <strong>selbstverst\u00e4ndlich kostenfrei<\/strong> f\u00fcr die KundenInnen.<\/li>\n<li><strong>Lieferung per Postbrief<\/strong><br \/>\nBei kleinen Produkten, die sich auch daf\u00fcr eignen, liefern wir die Produkte per Postbrief in DIN A4 Format aus. Das ist g\u00fcnstiger als die <strong>Versandkostenpauschale<\/strong>.<\/li>\n<li><strong>Lieferung per Postpaket<br \/>\n<\/strong>Gr\u00f6\u00dfere Bestellmengen, oder wertvollere Produkte, liefern wir bis 2 Kilogramm Versandgewicht mit der Versandpauschale aus. Dies ist \u00fcblicherweise bei DHL oder DPD als Paket, mit Sendungsverfolgung und Versicherung, aus.<\/li>\n<li><strong>Erh\u00f6hte Liefergeb\u00fchr bei DHL im Postpaket<\/strong><br \/>\nManche Produkte (B\u00fccher) \u00fcberschreiten eines der Maximalma\u00dfe f\u00fcr das Paket mit 2 Kilogramm, und es f\u00e4llt in die h\u00f6herpreisige Versandklasse hinein.<\/li>\n<li><strong>Digitaler Download-Key<\/strong><br \/>\nbei E-Book Produkten ist grunds\u00e4tzlich versandkostenfrei<\/li>\n<\/ul>\n<\/div>\n<p>Aktuell beschr\u00e4nken wir die Lieferung und damit die Bestellung auf die L\u00e4nder <strong>Deutschland, \u00d6sterreich und die Schweiz<\/strong> &#8211; also den deutschsprachigen Raum. W\u00fcnschen Sie die <strong>Bestellung aus einem anderen Land in der EU<\/strong>, dann sprechen Sie mit uns <strong><a href=\"mailto:pe@deltaadvice.eu\">pe@deltaadvice.eu<\/a><\/strong> und wir schauen uns den Einzelfall an. Au\u00dferhalb der EU liefern wir aktuell nur in die Schweiz.<\/p>\n<p>&nbsp;<\/p>\n<h2>Aktuelle Versandkosten nach Versandkategorien<\/h2>\n<p>Abholung pers\u00f6nlich:\u00a0 \u00a0 \u00a0 \u00a0 \u00a0 \u00a0 \u00a0 \u00a0 \u00a0 \u00a0 <strong>0,00 Euro<\/strong><\/p>\n<p>Lieferung Postbrief:\u00a0 \u00a0 \u00a0 \u00a0 \u00a0 \u00a0 \u00a0 \u00a0 \u00a0 \u00a0 \u00a0 \u00a0<strong>2,50 Euro zzgl Umsatzsteuer<\/strong><\/p>\n<p>Lieferung per Paket:\u00a0 \u00a0 \u00a0 \u00a0 \u00a0 \u00a0 \u00a0 \u00a0 \u00a0 \u00a0 \u00a0 <strong>4,50 Euro zzgl Umsatzsteuer<\/strong><\/p>\n<p>Erh\u00f6hte Liefergeb\u00fchr bei DHL:\u00a0 <strong>6,00 Euro zzgl Umsatzsteuer<\/strong><\/p>\n<p>Digitaler Download-Key:\u00a0 \u00a0 \u00a0 \u00a0 \u00a0 \u00a0 \u00a0 <strong>0,00 Euro<\/strong><\/p>\n","protected":false},"excerpt":{"rendered":"<p>Die Preise im SHOP System sind zuz\u00fcglich von Versandkosten angeboten. In den letzten Monaten haben sich die Besch\u00e4digungen von Lieferungen durch Postdienstleister massiv geh\u00e4uft und Lieferungen sind dadurch nicht beim Kunden angekommen. Das ist \u00e4rgerlich und SHOP.deltaimage.de bleibt auch noch auf den Kosten daf\u00fcr sitzen. Wir versenden die normalen Buchbestellungen jetzt nicht mehr als Brief [&hellip;]<\/p>\n","protected":false},"author":1,"featured_media":1311,"parent":0,"menu_order":0,"comment_status":"closed","ping_status":"closed","template":"page-templates\/full-width-page.php","meta":{"footnotes":""},"class_list":["post-1315","page","type-page","status-publish","has-post-thumbnail","hentry"],"jetpack_sharing_enabled":true,"_links":{"self":[{"href":"https:\/\/shop.deltaimage.de\/index.php?rest_route=\/wp\/v2\/pages\/1315","targetHints":{"allow":["GET"]}}],"collection":[{"href":"https:\/\/shop.deltaimage.de\/index.php?rest_route=\/wp\/v2\/pages"}],"about":[{"href":"https:\/\/shop.deltaimage.de\/index.php?rest_route=\/wp\/v2\/types\/page"}],"author":[{"embeddable":true,"href":"https:\/\/shop.deltaimage.de\/index.php?rest_route=\/wp\/v2\/users\/1"}],"replies":[{"embeddable":true,"href":"https:\/\/shop.deltaimage.de\/index.php?rest_route=%2Fwp%2Fv2%2Fcomments&post=1315"}],"version-history":[{"count":8,"href":"https:\/\/shop.deltaimage.de\/index.php?rest_route=\/wp\/v2\/pages\/1315\/revisions"}],"predecessor-version":[{"id":3345,"href":"https:\/\/shop.deltaimage.de\/index.php?rest_route=\/wp\/v2\/pages\/1315\/revisions\/3345"}],"wp:featuredmedia":[{"embeddable":true,"href":"https:\/\/shop.deltaimage.de\/index.php?rest_route=\/wp\/v2\/media\/1311"}],"wp:attachment":[{"href":"https:\/\/shop.deltaimage.de\/index.php?rest_route=%2Fwp%2Fv2%2Fmedia&parent=1315"}],"curies":[{"name":"wp","href":"https:\/\/api.w.org\/{rel}","templated":true}]}}